{"id":1565,"date":"2024-07-20T17:49:24","date_gmt":"2024-07-20T09:49:24","guid":{"rendered":"https:\/\/ecmicrophones.com\/?post_type=product&#038;p=1565"},"modified":"2026-03-19T15:22:06","modified_gmt":"2026-03-19T07:22:06","slug":"4mm-high-sensitivity-electret-microphone-with-pins-for-long-distance-pickup","status":"publish","type":"product","link":"https:\/\/ecmicrophones.com\/es\/4mm-high-sensitivity-electret-microphone-with-pins-for-long-distance-pickup\/","title":{"rendered":"Micr\u00f3fono electret de alta sensibilidad de 4 mm con clavijas para captaci\u00f3n a larga distancia"},"content":{"rendered":"<h2 class=\"text-start\">Especificaciones t\u00e9cnicas<\/h2>\n<p class=\"text-start\">Nuestra cabeza de micr\u00f3fono de clavija 4015 presenta una alta sensibilidad de 30 dB para captaci\u00f3n a larga distancia. El sellado de bordes totalmente automatizado garantiza una excelente hermeticidad y un bajo ruido de fondo.<\/p>\n<h3 class=\"pt-5 text-start\">Circuito de prueba est\u00e1ndar<\/h3>\n<p> <img loading=\"lazy\" decoding=\"async\" class=\"alignnone size-full wp-image-1567\" src=\"https:\/\/ecmicrophones.com\/wp-content\/uploads\/2024\/07\/standard-test-circuit_ecm-b4015ap-30.png\" alt=\"Circuito de prueba est\u00e1ndar\" width=\"546\" height=\"268\" srcset=\"https:\/\/ecmicrophones.com\/wp-content\/uploads\/2024\/07\/standard-test-circuit_ecm-b4015ap-30.png 546w, https:\/\/ecmicrophones.com\/wp-content\/uploads\/2024\/07\/standard-test-circuit_ecm-b4015ap-30-300x147.png 300w, https:\/\/ecmicrophones.com\/wp-content\/uploads\/2024\/07\/standard-test-circuit_ecm-b4015ap-30-18x9.png 18w\" sizes=\"auto, (max-width: 546px) 100vw, 546px\" \/> <\/p>\n<p><strong>Condiciones de la prueba:<\/strong> RL = 2,2k\u03a9, Vs = 2V, C = 1\u03bcF<\/p>\n<h3 class=\"pt-5 text-start\">Respuesta de frecuencia t\u00edpica<\/h3>\n<p> <img loading=\"lazy\" decoding=\"async\" class=\"alignnone size-full wp-image-1568\" src=\"https:\/\/ecmicrophones.com\/wp-content\/uploads\/2024\/07\/typical-frequency-response_ecm-b4015ap-30.png\" alt=\"Respuesta de frecuencia t\u00edpica\" width=\"552\" height=\"376\" srcset=\"https:\/\/ecmicrophones.com\/wp-content\/uploads\/2024\/07\/typical-frequency-response_ecm-b4015ap-30.png 552w, https:\/\/ecmicrophones.com\/wp-content\/uploads\/2024\/07\/typical-frequency-response_ecm-b4015ap-30-300x204.png 300w, https:\/\/ecmicrophones.com\/wp-content\/uploads\/2024\/07\/typical-frequency-response_ecm-b4015ap-30-18x12.png 18w\" sizes=\"auto, (max-width: 552px) 100vw, 552px\" \/> <\/p>\n<p><strong>Gama de frecuencias:<\/strong> 50 Hz-20 kHz <br \/>La respuesta cae ligeramente entre 1kHz y 3kHz, sube a partir de 3kHz hasta un pico cerca de 8kHz, y luego baja a frecuencias m\u00e1s altas.<\/p>\n<h3 class=\"pt-5 text-start\">Dimensiones (UNIDAD: mm)<\/h3>\n<p> <img loading=\"lazy\" decoding=\"async\" class=\"alignnone size-full wp-image-1566\" src=\"https:\/\/ecmicrophones.com\/wp-content\/uploads\/2024\/07\/appearance-dimension_ecm-b4015ap-30.png\" alt=\"Dimensi\u00f3n de apariencia\" width=\"287\" height=\"408\" srcset=\"https:\/\/ecmicrophones.com\/wp-content\/uploads\/2024\/07\/appearance-dimension_ecm-b4015ap-30.png 287w, https:\/\/ecmicrophones.com\/wp-content\/uploads\/2024\/07\/appearance-dimension_ecm-b4015ap-30-211x300.png 211w, https:\/\/ecmicrophones.com\/wp-content\/uploads\/2024\/07\/appearance-dimension_ecm-b4015ap-30-8x12.png 8w\" sizes=\"auto, (max-width: 287px) 100vw, 287px\" \/> <\/p>\n<p>Dimensiones de la c\u00e1psula: 4 mm (di\u00e1metro) \u00d7 1,5 mm (altura). La parte delantera tiene una malla antipolvo; no hay puerto ac\u00fastico en la parte trasera. Equipada con clavijas de 2,8 mm, con una separaci\u00f3n de 1,4 mm.<\/p>","protected":false},"excerpt":{"rendered":"<p>El ECM-B4015AP-30 es una c\u00e1psula de micr\u00f3fono omnidireccional de 4 \u00d7 1,5 mm con una sensibilidad de -30 dB \u00b1 2 y una relaci\u00f3n se\u00f1al\/ruido de 65 dB. Equipado con conectores de clavija, est\u00e1 dise\u00f1ado para dispositivos de captaci\u00f3n de audio de larga distancia.<\/p>","protected":false},"featured_media":2655,"comment_status":"open","ping_status":"closed","template":"","meta":[],"product_brand":[721],"product_cat":[16,20],"product_tag":[284,229,291],"class_list":{"0":"post-1565","1":"product","2":"type-product","3":"status-publish","4":"has-post-thumbnail","6":"product_brand-ecmic","7":"product_cat-electret-microphones","8":"product_cat-omnidirectional-microphones","9":"product_tag-4mm","10":"product_tag-equipment","11":"product_tag-pin-type","13":"first","14":"instock","15":"shipping-taxable","16":"purchasable","17":"product-type-simple"},"_links":{"self":[{"href":"https:\/\/ecmicrophones.com\/es\/wp-json\/wp\/v2\/product\/1565","targetHints":{"allow":["GET"]}}],"collection":[{"href":"https:\/\/ecmicrophones.com\/es\/wp-json\/wp\/v2\/product"}],"about":[{"href":"https:\/\/ecmicrophones.com\/es\/wp-json\/wp\/v2\/types\/product"}],"replies":[{"embeddable":true,"href":"https:\/\/ecmicrophones.com\/es\/wp-json\/wp\/v2\/comments?post=1565"}],"wp:featuredmedia":[{"embeddable":true,"href":"https:\/\/ecmicrophones.com\/es\/wp-json\/wp\/v2\/media\/2655"}],"wp:attachment":[{"href":"https:\/\/ecmicrophones.com\/es\/wp-json\/wp\/v2\/media?parent=1565"}],"wp:term":[{"taxonomy":"product_brand","embeddable":true,"href":"https:\/\/ecmicrophones.com\/es\/wp-json\/wp\/v2\/product_brand?post=1565"},{"taxonomy":"product_cat","embeddable":true,"href":"https:\/\/ecmicrophones.com\/es\/wp-json\/wp\/v2\/product_cat?post=1565"},{"taxonomy":"product_tag","embeddable":true,"href":"https:\/\/ecmicrophones.com\/es\/wp-json\/wp\/v2\/product_tag?post=1565"}],"curies":[{"name":"wp","href":"https:\/\/api.w.org\/{rel}","templated":true}]}}