{"id":1573,"date":"2024-07-20T16:09:52","date_gmt":"2024-07-20T08:09:52","guid":{"rendered":"https:\/\/ecmicrophones.com\/?post_type=product&#038;p=1573"},"modified":"2026-03-19T15:22:36","modified_gmt":"2026-03-19T07:22:36","slug":"3mm-electret-microphone-element-with-leads-for-bluetooth-headsets","status":"publish","type":"product","link":"https:\/\/ecmicrophones.com\/es\/3mm-electret-microphone-element-with-leads-for-bluetooth-headsets\/","title":{"rendered":"Elemento de micr\u00f3fono electret de 3 mm con cables para auriculares Bluetooth"},"content":{"rendered":"<h2 class=\"text-start\">Especificaciones t\u00e9cnicas<\/h2>\n<p class=\"text-start\">La ECM-B3015AL-42-L25 es una c\u00e1psula de micr\u00f3fono omnidireccional de 3 mm dise\u00f1ada para facilitar el montaje en dispositivos compactos como auriculares Bluetooth. Equipada con cables preconectados de 25 mm, esta versi\u00f3n reduce el tiempo de montaje y garantiza una calidad constante gracias a una soldadura profesional y un estricto control de calidad.<\/p>\n<p class=\"text-start\">Al igual que su hom\u00f3loga, esta c\u00e1psula cuenta con un n\u00facleo de micro coreano personalizado y resistencia a interferencias de doble condensador para un rendimiento estable. Su diafragma TOA japon\u00e9s mejora la durabilidad y garantiza un funcionamiento fiable de -40\u2103 a +85\u2103.<\/p>\n<p class=\"text-start\">Para los clientes que prefieren encargarse ellos mismos de las soldaduras o necesitan una mayor personalizaci\u00f3n, el <a href=\"https:\/\/ecmicrophones.com\/es\/miniature-electret-microphone-for-bluetooth-earphones\/\">ECM-B3015AL-42<\/a> (versi\u00f3n sin soldar) ofrece el mismo rendimiento y flexibilidad. Tambi\u00e9n se ofrecen servicios de soldadura personalizados previa solicitud.<\/p>\n<h3 class=\"pt-5 text-start\">Circuito de prueba est\u00e1ndar<\/h3>\n<p> <img loading=\"lazy\" decoding=\"async\" class=\"alignnone size-full wp-image-3091\" src=\"https:\/\/ecmicrophones.com\/wp-content\/uploads\/2024\/07\/standard-test-circuit_ecm-b3015al-42-l25.png\" alt=\"Circuito de prueba est\u00e1ndar\" width=\"461\" height=\"206\" srcset=\"https:\/\/ecmicrophones.com\/wp-content\/uploads\/2024\/07\/standard-test-circuit_ecm-b3015al-42-l25.png 461w, https:\/\/ecmicrophones.com\/wp-content\/uploads\/2024\/07\/standard-test-circuit_ecm-b3015al-42-l25-300x134.png 300w, https:\/\/ecmicrophones.com\/wp-content\/uploads\/2024\/07\/standard-test-circuit_ecm-b3015al-42-l25-18x8.png 18w\" sizes=\"auto, (max-width: 461px) 100vw, 461px\" \/> <\/p>\n<p>Condiciones de prueba: RL = 2,2k\u03a9, Vs = 2V, C = 1\u03bcF<\/p>\n<h3 class=\"pt-5 text-start\">Respuesta de frecuencia t\u00edpica<\/h3>\n<p> <img loading=\"lazy\" decoding=\"async\" class=\"alignnone size-full wp-image-3092\" src=\"https:\/\/ecmicrophones.com\/wp-content\/uploads\/2024\/07\/typical-frequency-response_ecm-b3015al-42-l25.png\" alt=\"Respuesta de frecuencia t\u00edpica\" width=\"397\" height=\"284\" srcset=\"https:\/\/ecmicrophones.com\/wp-content\/uploads\/2024\/07\/typical-frequency-response_ecm-b3015al-42-l25.png 397w, https:\/\/ecmicrophones.com\/wp-content\/uploads\/2024\/07\/typical-frequency-response_ecm-b3015al-42-l25-300x215.png 300w, https:\/\/ecmicrophones.com\/wp-content\/uploads\/2024\/07\/typical-frequency-response_ecm-b3015al-42-l25-18x12.png 18w\" sizes=\"auto, (max-width: 397px) 100vw, 397px\" \/> <\/p>\n<p>La respuesta en frecuencia abarca de 50 Hz a 20 kHz. La curva se mantiene relativamente plana entre 50 y 400 Hz, seguida de bajadas y subidas alternas. Entre 5 kHz y 14 kHz se produce una ca\u00edda m\u00e1s pronunciada antes de que la respuesta vuelva a subir en el rango superior.<\/p>\n<h3 class=\"pt-5 text-start\">Dimensiones (UNIDAD: mm)<\/h3>\n<p> <img loading=\"lazy\" decoding=\"async\" class=\"alignnone size-full wp-image-3090\" src=\"https:\/\/ecmicrophones.com\/wp-content\/uploads\/2024\/07\/appearance-dimension_ecm-b3015al-42-l25.png\" alt=\"Dimensi\u00f3n de apariencia\" width=\"502\" height=\"479\" srcset=\"https:\/\/ecmicrophones.com\/wp-content\/uploads\/2024\/07\/appearance-dimension_ecm-b3015al-42-l25.png 502w, https:\/\/ecmicrophones.com\/wp-content\/uploads\/2024\/07\/appearance-dimension_ecm-b3015al-42-l25-300x286.png 300w, https:\/\/ecmicrophones.com\/wp-content\/uploads\/2024\/07\/appearance-dimension_ecm-b3015al-42-l25-13x12.png 13w\" sizes=\"auto, (max-width: 502px) 100vw, 502px\" \/> <\/p>\n<p>La c\u00e1psula mide 3 mm de di\u00e1metro y 1,5 mm de altura, y cuenta con una malla antipolvo frontal y una parte posterior sellada. Viene pre-soldada con un par de cables paralelos de 25 mm para una f\u00e1cil integraci\u00f3n.<\/p>","protected":false},"excerpt":{"rendered":"<p>C\u00e1psula de micr\u00f3fono omnidireccional de 3 mm con cables preconectados de 25 mm para una integraci\u00f3n sencilla, ideal para auriculares Bluetooth y dispositivos compactos.<\/p>","protected":false},"featured_media":2646,"comment_status":"open","ping_status":"closed","template":"","meta":[],"product_brand":[721],"product_cat":[16,20],"product_tag":[285,229,290],"class_list":{"0":"post-1573","1":"product","2":"type-product","3":"status-publish","4":"has-post-thumbnail","6":"product_brand-ecmic","7":"product_cat-electret-microphones","8":"product_cat-omnidirectional-microphones","9":"product_tag-3mm","10":"product_tag-equipment","11":"product_tag-wire-leads","13":"first","14":"instock","15":"shipping-taxable","16":"purchasable","17":"product-type-simple"},"_links":{"self":[{"href":"https:\/\/ecmicrophones.com\/es\/wp-json\/wp\/v2\/product\/1573","targetHints":{"allow":["GET"]}}],"collection":[{"href":"https:\/\/ecmicrophones.com\/es\/wp-json\/wp\/v2\/product"}],"about":[{"href":"https:\/\/ecmicrophones.com\/es\/wp-json\/wp\/v2\/types\/product"}],"replies":[{"embeddable":true,"href":"https:\/\/ecmicrophones.com\/es\/wp-json\/wp\/v2\/comments?post=1573"}],"wp:featuredmedia":[{"embeddable":true,"href":"https:\/\/ecmicrophones.com\/es\/wp-json\/wp\/v2\/media\/2646"}],"wp:attachment":[{"href":"https:\/\/ecmicrophones.com\/es\/wp-json\/wp\/v2\/media?parent=1573"}],"wp:term":[{"taxonomy":"product_brand","embeddable":true,"href":"https:\/\/ecmicrophones.com\/es\/wp-json\/wp\/v2\/product_brand?post=1573"},{"taxonomy":"product_cat","embeddable":true,"href":"https:\/\/ecmicrophones.com\/es\/wp-json\/wp\/v2\/product_cat?post=1573"},{"taxonomy":"product_tag","embeddable":true,"href":"https:\/\/ecmicrophones.com\/es\/wp-json\/wp\/v2\/product_tag?post=1573"}],"curies":[{"name":"wp","href":"https:\/\/api.w.org\/{rel}","templated":true}]}}