{"id":1577,"date":"2024-07-20T17:24:15","date_gmt":"2024-07-20T09:24:15","guid":{"rendered":"https:\/\/ecmicrophones.com\/?post_type=product&#038;p=1577"},"modified":"2026-03-19T15:22:15","modified_gmt":"2026-03-19T07:22:15","slug":"5-8mm-omnidirectional-electret-microphone-capsule-for-bluetooth-headsets","status":"publish","type":"product","link":"https:\/\/ecmicrophones.com\/es\/5-8mm-omnidirectional-electret-microphone-capsule-for-bluetooth-headsets\/","title":{"rendered":"C\u00e1psula de micr\u00f3fono electret omnidireccional de 5,8 mm para auriculares Bluetooth"},"content":{"rendered":"<h2 class=\"text-start\">Especificaciones t\u00e9cnicas<\/h2>\n<p class=\"text-start\">Nuestra cabeza de micr\u00f3fono omnidireccional 5830 cuenta con una placa de doble cara chapada en oro, protecci\u00f3n contra interferencias electromagn\u00e9ticas y bajo consumo de energ\u00eda. Esto garantiza un rendimiento de audio de alta calidad y una durabilidad fiable.<\/p>\n<h3 class=\"pt-5 text-start\">Circuito de prueba est\u00e1ndar<\/h3>\n<p> <img loading=\"lazy\" decoding=\"async\" class=\"alignnone size-full wp-image-3094\" src=\"https:\/\/ecmicrophones.com\/wp-content\/uploads\/2024\/07\/standard-test-circuit_ecm-b5830al-sd1033-38-1.png\" alt=\"Circuito de prueba est\u00e1ndar\" width=\"443\" height=\"216\" srcset=\"https:\/\/ecmicrophones.com\/wp-content\/uploads\/2024\/07\/standard-test-circuit_ecm-b5830al-sd1033-38-1.png 443w, https:\/\/ecmicrophones.com\/wp-content\/uploads\/2024\/07\/standard-test-circuit_ecm-b5830al-sd1033-38-1-300x146.png 300w, https:\/\/ecmicrophones.com\/wp-content\/uploads\/2024\/07\/standard-test-circuit_ecm-b5830al-sd1033-38-1-18x9.png 18w\" sizes=\"auto, (max-width: 443px) 100vw, 443px\" \/> <\/p>\n<p>Condiciones de prueba: RL = 2,2k\u03a9, Vs = 2V, C = 1\u03bcF<\/p>\n<h3 class=\"pt-5 text-start\">Respuesta de frecuencia t\u00edpica<\/h3>\n<p> <img loading=\"lazy\" decoding=\"async\" class=\"alignnone size-full wp-image-3095\" src=\"https:\/\/ecmicrophones.com\/wp-content\/uploads\/2024\/07\/typical-frequency-response_ecm-b5830al-sd1033-38-1.png\" alt=\"Respuesta de frecuencia t\u00edpica\" width=\"592\" height=\"198\" srcset=\"https:\/\/ecmicrophones.com\/wp-content\/uploads\/2024\/07\/typical-frequency-response_ecm-b5830al-sd1033-38-1.png 592w, https:\/\/ecmicrophones.com\/wp-content\/uploads\/2024\/07\/typical-frequency-response_ecm-b5830al-sd1033-38-1-300x100.png 300w, https:\/\/ecmicrophones.com\/wp-content\/uploads\/2024\/07\/typical-frequency-response_ecm-b5830al-sd1033-38-1-18x6.png 18w\" sizes=\"auto, (max-width: 592px) 100vw, 592px\" \/> <\/p>\n<p>La respuesta en frecuencia abarca de 100 Hz a 20 kHz, con una curva plana general y un ligero \u00e9nfasis en las gamas altas de frecuencias medias y altas (por encima de 2 kHz), lo que contribuye a un sonido m\u00e1s n\u00edtido y detallado.<\/p>\n<h3 class=\"pt-5 text-start\">Dimensiones (UNIDAD: mm)<\/h3>\n<p> <img loading=\"lazy\" decoding=\"async\" class=\"alignnone size-full wp-image-3093\" src=\"https:\/\/ecmicrophones.com\/wp-content\/uploads\/2024\/07\/appearance-dimension_ecm-b5830al-sd1033-38.jpg\" alt=\"Dimensi\u00f3n de apariencia\" width=\"560\" height=\"200\" srcset=\"https:\/\/ecmicrophones.com\/wp-content\/uploads\/2024\/07\/appearance-dimension_ecm-b5830al-sd1033-38.jpg 560w, https:\/\/ecmicrophones.com\/wp-content\/uploads\/2024\/07\/appearance-dimension_ecm-b5830al-sd1033-38-300x107.jpg 300w, https:\/\/ecmicrophones.com\/wp-content\/uploads\/2024\/07\/appearance-dimension_ecm-b5830al-sd1033-38-18x6.jpg 18w\" sizes=\"auto, (max-width: 560px) 100vw, 560px\" \/> <\/p>\n<p>La c\u00e1psula mide 5,8 mm de di\u00e1metro y 3,0 mm de altura. La parte delantera est\u00e1 protegida por una malla antipolvo y la trasera no tiene puerto ac\u00fastico, por lo que es adecuada para dise\u00f1os cerrados o sellados.<\/p>","protected":false},"excerpt":{"rendered":"<p>El ECM-B5830AL-SD1033-38 es una c\u00e1psula de micr\u00f3fono omnidireccional de 5,8 \u00d7 3 mm con una sensibilidad de -38 dB\u00b13 y una relaci\u00f3n se\u00f1al\/ruido de 60 dB. Ideal para auriculares y cascos Bluetooth, garantiza una captura de audio de alta calidad en dispositivos compactos.<\/p>","protected":false},"featured_media":2685,"comment_status":"open","ping_status":"closed","template":"","meta":[],"product_brand":[721],"product_cat":[20,16],"product_tag":[286,229,288],"class_list":{"0":"post-1577","1":"product","2":"type-product","3":"status-publish","4":"has-post-thumbnail","6":"product_brand-ecmic","7":"product_cat-omnidirectional-microphones","8":"product_cat-electret-microphones","9":"product_tag-5-8mm","10":"product_tag-equipment","11":"product_tag-solder-pads","13":"first","14":"instock","15":"shipping-taxable","16":"purchasable","17":"product-type-simple"},"_links":{"self":[{"href":"https:\/\/ecmicrophones.com\/es\/wp-json\/wp\/v2\/product\/1577","targetHints":{"allow":["GET"]}}],"collection":[{"href":"https:\/\/ecmicrophones.com\/es\/wp-json\/wp\/v2\/product"}],"about":[{"href":"https:\/\/ecmicrophones.com\/es\/wp-json\/wp\/v2\/types\/product"}],"replies":[{"embeddable":true,"href":"https:\/\/ecmicrophones.com\/es\/wp-json\/wp\/v2\/comments?post=1577"}],"wp:featuredmedia":[{"embeddable":true,"href":"https:\/\/ecmicrophones.com\/es\/wp-json\/wp\/v2\/media\/2685"}],"wp:attachment":[{"href":"https:\/\/ecmicrophones.com\/es\/wp-json\/wp\/v2\/media?parent=1577"}],"wp:term":[{"taxonomy":"product_brand","embeddable":true,"href":"https:\/\/ecmicrophones.com\/es\/wp-json\/wp\/v2\/product_brand?post=1577"},{"taxonomy":"product_cat","embeddable":true,"href":"https:\/\/ecmicrophones.com\/es\/wp-json\/wp\/v2\/product_cat?post=1577"},{"taxonomy":"product_tag","embeddable":true,"href":"https:\/\/ecmicrophones.com\/es\/wp-json\/wp\/v2\/product_tag?post=1577"}],"curies":[{"name":"wp","href":"https:\/\/api.w.org\/{rel}","templated":true}]}}