{"id":1581,"date":"2024-07-20T15:57:28","date_gmt":"2024-07-20T07:57:28","guid":{"rendered":"https:\/\/ecmicrophones.com\/?post_type=product&#038;p=1581"},"modified":"2026-03-19T15:22:46","modified_gmt":"2026-03-19T07:22:46","slug":"6mm-electret-microphone-capsule-with-pins-for-instrument-pickups","status":"publish","type":"product","link":"https:\/\/ecmicrophones.com\/es\/6mm-electret-microphone-capsule-with-pins-for-instrument-pickups\/","title":{"rendered":"C\u00e1psula de micr\u00f3fono electret de 6 mm con clavijas para pastillas de instrumentos"},"content":{"rendered":"<h2 class=\"text-start\">Especificaciones t\u00e9cnicas<\/h2>\n<p class=\"text-start\">Nuestro cabezal de micr\u00f3fono de 6022 pines es un n\u00facleo de micr\u00f3fono omnidireccional, de doble capacitor y antiinterferencias, fabricado con materiales ecol\u00f3gicos importados.<\/p>\n<h3 class=\"pt-5 text-start\">Circuito de prueba est\u00e1ndar<\/h3>\n<p> <img loading=\"lazy\" decoding=\"async\" class=\"alignnone size-full wp-image-1583\" src=\"https:\/\/ecmicrophones.com\/wp-content\/uploads\/2024\/07\/standard-test-circuit_ecm-b6022ap2.8-44.jpg\" alt=\"Circuito de prueba est\u00e1ndar\" width=\"776\" height=\"339\" srcset=\"https:\/\/ecmicrophones.com\/wp-content\/uploads\/2024\/07\/standard-test-circuit_ecm-b6022ap2.8-44.jpg 776w, https:\/\/ecmicrophones.com\/wp-content\/uploads\/2024\/07\/standard-test-circuit_ecm-b6022ap2.8-44-300x131.jpg 300w, https:\/\/ecmicrophones.com\/wp-content\/uploads\/2024\/07\/standard-test-circuit_ecm-b6022ap2.8-44-768x336.jpg 768w, https:\/\/ecmicrophones.com\/wp-content\/uploads\/2024\/07\/standard-test-circuit_ecm-b6022ap2.8-44-18x8.jpg 18w, https:\/\/ecmicrophones.com\/wp-content\/uploads\/2024\/07\/standard-test-circuit_ecm-b6022ap2.8-44-600x262.jpg 600w\" sizes=\"auto, (max-width: 776px) 100vw, 776px\" \/> <\/p>\n<p>Condiciones de prueba: RL = 2,2k\u03a9, Vs = 2V, C = 1\u03bcF<\/p>\n<h3 class=\"pt-5 text-start\">Respuesta de frecuencia t\u00edpica<\/h3>\n<p> <img loading=\"lazy\" decoding=\"async\" class=\"alignnone size-full wp-image-1584\" src=\"https:\/\/ecmicrophones.com\/wp-content\/uploads\/2024\/07\/typical-frequency-response_ecm-b6022ap2.8-44.jpg\" alt=\"Respuesta de frecuencia t\u00edpica\" width=\"783\" height=\"550\" srcset=\"https:\/\/ecmicrophones.com\/wp-content\/uploads\/2024\/07\/typical-frequency-response_ecm-b6022ap2.8-44.jpg 783w, https:\/\/ecmicrophones.com\/wp-content\/uploads\/2024\/07\/typical-frequency-response_ecm-b6022ap2.8-44-300x211.jpg 300w, https:\/\/ecmicrophones.com\/wp-content\/uploads\/2024\/07\/typical-frequency-response_ecm-b6022ap2.8-44-768x539.jpg 768w, https:\/\/ecmicrophones.com\/wp-content\/uploads\/2024\/07\/typical-frequency-response_ecm-b6022ap2.8-44-18x12.jpg 18w, https:\/\/ecmicrophones.com\/wp-content\/uploads\/2024\/07\/typical-frequency-response_ecm-b6022ap2.8-44-600x421.jpg 600w\" sizes=\"auto, (max-width: 783px) 100vw, 783px\" \/> <\/p>\n<p>La respuesta en frecuencia va de 50 Hz a 20 kHz. La curva aumenta de forma constante desde 50 Hz hasta alrededor de 200 Hz, seguida de una regi\u00f3n relativamente estable con suaves fluctuaciones. Alrededor de 2 kHz comienza un aumento m\u00e1s pronunciado, que alcanza un pico cerca de 8 kHz antes de caer gradualmente. Alrededor de 10 kHz, se vuelve a producir una peque\u00f1a subida antes del descenso final.<\/p>\n<h3 class=\"pt-5 text-start\">Dimensiones (UNIDAD: mm)<\/h3>\n<p> <img loading=\"lazy\" decoding=\"async\" class=\"alignnone size-full wp-image-1582\" src=\"https:\/\/ecmicrophones.com\/wp-content\/uploads\/2024\/07\/appearance-dimension_ecm-b6022ap2.8-44.jpg\" alt=\"Dimensi\u00f3n de apariencia\" width=\"663\" height=\"485\" srcset=\"https:\/\/ecmicrophones.com\/wp-content\/uploads\/2024\/07\/appearance-dimension_ecm-b6022ap2.8-44.jpg 663w, https:\/\/ecmicrophones.com\/wp-content\/uploads\/2024\/07\/appearance-dimension_ecm-b6022ap2.8-44-300x219.jpg 300w, https:\/\/ecmicrophones.com\/wp-content\/uploads\/2024\/07\/appearance-dimension_ecm-b6022ap2.8-44-16x12.jpg 16w, https:\/\/ecmicrophones.com\/wp-content\/uploads\/2024\/07\/appearance-dimension_ecm-b6022ap2.8-44-600x439.jpg 600w\" sizes=\"auto, (max-width: 663px) 100vw, 663px\" \/> <\/p>\n<p>La c\u00e1psula mide 6 mm de di\u00e1metro y 2,2 mm de altura. La parte delantera presenta una malla antipolvo, y la trasera est\u00e1 totalmente sellada sin puerto ac\u00fastico. Equipada con clavijas de 2,8 mm, con una separaci\u00f3n de 1,9 mm.<\/p>","protected":false},"excerpt":{"rendered":"<p>El ECM-B6022AP2.8-44 es una c\u00e1psula de micr\u00f3fono omnidireccional de 6 \u00d7 2,2 mm con una sensibilidad de -44 dB \u00b1 2 y una relaci\u00f3n se\u00f1al\/ruido de 55 dB. Es adecuado para micr\u00f3fonos de solapa, c\u00e1maras de documentos, intercomunicadores y micr\u00f3fonos de solapa, y proporciona una captura de audio clara y confiable para diversas aplicaciones.<\/p>","protected":false},"featured_media":2687,"comment_status":"open","ping_status":"closed","template":"","meta":[],"product_brand":[721],"product_cat":[16,20],"product_tag":[283,111,291],"class_list":{"0":"post-1581","1":"product","2":"type-product","3":"status-publish","4":"has-post-thumbnail","6":"product_brand-ecmic","7":"product_cat-electret-microphones","8":"product_cat-omnidirectional-microphones","9":"product_tag-6mm","10":"product_tag-instrument","11":"product_tag-pin-type","13":"first","14":"instock","15":"shipping-taxable","16":"purchasable","17":"product-type-simple"},"_links":{"self":[{"href":"https:\/\/ecmicrophones.com\/es\/wp-json\/wp\/v2\/product\/1581","targetHints":{"allow":["GET"]}}],"collection":[{"href":"https:\/\/ecmicrophones.com\/es\/wp-json\/wp\/v2\/product"}],"about":[{"href":"https:\/\/ecmicrophones.com\/es\/wp-json\/wp\/v2\/types\/product"}],"replies":[{"embeddable":true,"href":"https:\/\/ecmicrophones.com\/es\/wp-json\/wp\/v2\/comments?post=1581"}],"wp:featuredmedia":[{"embeddable":true,"href":"https:\/\/ecmicrophones.com\/es\/wp-json\/wp\/v2\/media\/2687"}],"wp:attachment":[{"href":"https:\/\/ecmicrophones.com\/es\/wp-json\/wp\/v2\/media?parent=1581"}],"wp:term":[{"taxonomy":"product_brand","embeddable":true,"href":"https:\/\/ecmicrophones.com\/es\/wp-json\/wp\/v2\/product_brand?post=1581"},{"taxonomy":"product_cat","embeddable":true,"href":"https:\/\/ecmicrophones.com\/es\/wp-json\/wp\/v2\/product_cat?post=1581"},{"taxonomy":"product_tag","embeddable":true,"href":"https:\/\/ecmicrophones.com\/es\/wp-json\/wp\/v2\/product_tag?post=1581"}],"curies":[{"name":"wp","href":"https:\/\/api.w.org\/{rel}","templated":true}]}}