{"id":1585,"date":"2024-07-20T15:41:59","date_gmt":"2024-07-20T07:41:59","guid":{"rendered":"https:\/\/ecmicrophones.com\/?post_type=product&#038;p=1585"},"modified":"2026-03-19T15:22:55","modified_gmt":"2026-03-19T07:22:55","slug":"6mm-electret-microphone-capsule-for-headset-mics","status":"publish","type":"product","link":"https:\/\/ecmicrophones.com\/es\/6mm-electret-microphone-capsule-for-headset-mics\/","title":{"rendered":"C\u00e1psula de micr\u00f3fono electret de 6 mm para micr\u00f3fonos de diadema"},"content":{"rendered":"<h2 class=\"text-start\">Especificaciones t\u00e9cnicas<\/h2>\n<p class=\"text-start\">Nuestro cabezal de micr\u00f3fono 6050, dise\u00f1ado para auriculares, cuenta con un n\u00facleo de micr\u00f3fono unidireccional y antiinterferencias producido con materiales ecol\u00f3gicos de alta calidad.<\/p>\n<h3 class=\"pt-5 text-start\">Circuito de prueba est\u00e1ndar<\/h3>\n<p> <img loading=\"lazy\" decoding=\"async\" class=\"alignnone size-full wp-image-1587\" src=\"https:\/\/ecmicrophones.com\/wp-content\/uploads\/2024\/07\/standard-test-circuit_ecm-b6050ul-b.png\" alt=\"Circuito de prueba est\u00e1ndar\" width=\"393\" height=\"215\" srcset=\"https:\/\/ecmicrophones.com\/wp-content\/uploads\/2024\/07\/standard-test-circuit_ecm-b6050ul-b.png 393w, https:\/\/ecmicrophones.com\/wp-content\/uploads\/2024\/07\/standard-test-circuit_ecm-b6050ul-b-300x164.png 300w, https:\/\/ecmicrophones.com\/wp-content\/uploads\/2024\/07\/standard-test-circuit_ecm-b6050ul-b-18x10.png 18w\" sizes=\"auto, (max-width: 393px) 100vw, 393px\" \/> <\/p>\n<p>Condiciones de prueba: RL = 680\u03a9, Vs = 1,5V, C = 1\u03bcF<\/p>\n<h3 class=\"pt-5 text-start\">Respuesta de frecuencia t\u00edpica<\/h3>\n<p> <img loading=\"lazy\" decoding=\"async\" class=\"alignnone size-full wp-image-1588\" src=\"https:\/\/ecmicrophones.com\/wp-content\/uploads\/2024\/07\/typical-frequency-response_ecm-b6050ul-b.png\" alt=\"Respuesta de frecuencia t\u00edpica\" width=\"641\" height=\"218\" srcset=\"https:\/\/ecmicrophones.com\/wp-content\/uploads\/2024\/07\/typical-frequency-response_ecm-b6050ul-b.png 641w, https:\/\/ecmicrophones.com\/wp-content\/uploads\/2024\/07\/typical-frequency-response_ecm-b6050ul-b-300x102.png 300w, https:\/\/ecmicrophones.com\/wp-content\/uploads\/2024\/07\/typical-frequency-response_ecm-b6050ul-b-18x6.png 18w, https:\/\/ecmicrophones.com\/wp-content\/uploads\/2024\/07\/typical-frequency-response_ecm-b6050ul-b-600x204.png 600w\" sizes=\"auto, (max-width: 641px) 100vw, 641px\" \/> <\/p>\n<p>La respuesta en frecuencia va de 100 Hz a 10 kHz. No se dispone de datos detallados, ya que este modelo est\u00e1 descatalogado.<\/p>\n<h3 class=\"pt-5 text-start\">Dimensiones (UNIDAD: mm)<\/h3>\n<p> <img loading=\"lazy\" decoding=\"async\" class=\"alignnone size-full wp-image-1586\" src=\"https:\/\/ecmicrophones.com\/wp-content\/uploads\/2024\/07\/appearance-dimension_ecm-b6050ul-b.png\" alt=\"Dimensi\u00f3n de apariencia\" width=\"649\" height=\"194\" srcset=\"https:\/\/ecmicrophones.com\/wp-content\/uploads\/2024\/07\/appearance-dimension_ecm-b6050ul-b.png 649w, https:\/\/ecmicrophones.com\/wp-content\/uploads\/2024\/07\/appearance-dimension_ecm-b6050ul-b-300x90.png 300w, https:\/\/ecmicrophones.com\/wp-content\/uploads\/2024\/07\/appearance-dimension_ecm-b6050ul-b-18x5.png 18w, https:\/\/ecmicrophones.com\/wp-content\/uploads\/2024\/07\/appearance-dimension_ecm-b6050ul-b-600x179.png 600w\" sizes=\"auto, (max-width: 649px) 100vw, 649px\" \/> <\/p>\n<p>La c\u00e1psula mide 6 mm de di\u00e1metro y 5 mm de altura. La parte delantera est\u00e1 equipada con una malla antipolvo, mientras que la trasera est\u00e1 sellada sin puerto ac\u00fastico.<\/p>","protected":false},"excerpt":{"rendered":"<p>La ECM-B6050UL-B es una c\u00e1psula de micr\u00f3fono unidireccional de 6 \u00d7 5 mm con una sensibilidad de -46 dB \u00b1 2 y una relaci\u00f3n se\u00f1al\/ruido de 56 dB. Es adecuada para medidores de nivel de sonido y micr\u00f3fonos de diadema, lo que garantiza una captura de audio precisa y clara.<\/p>","protected":false},"featured_media":2689,"comment_status":"open","ping_status":"closed","template":"","meta":[],"product_brand":[721],"product_cat":[16,21],"product_tag":[283,235,288],"class_list":{"0":"post-1585","1":"product","2":"type-product","3":"status-publish","4":"has-post-thumbnail","6":"product_brand-ecmic","7":"product_cat-electret-microphones","8":"product_cat-unidirectional-microphones","9":"product_tag-6mm","10":"product_tag-conference","11":"product_tag-solder-pads","13":"first","14":"instock","15":"shipping-taxable","16":"purchasable","17":"product-type-simple"},"_links":{"self":[{"href":"https:\/\/ecmicrophones.com\/es\/wp-json\/wp\/v2\/product\/1585","targetHints":{"allow":["GET"]}}],"collection":[{"href":"https:\/\/ecmicrophones.com\/es\/wp-json\/wp\/v2\/product"}],"about":[{"href":"https:\/\/ecmicrophones.com\/es\/wp-json\/wp\/v2\/types\/product"}],"replies":[{"embeddable":true,"href":"https:\/\/ecmicrophones.com\/es\/wp-json\/wp\/v2\/comments?post=1585"}],"wp:featuredmedia":[{"embeddable":true,"href":"https:\/\/ecmicrophones.com\/es\/wp-json\/wp\/v2\/media\/2689"}],"wp:attachment":[{"href":"https:\/\/ecmicrophones.com\/es\/wp-json\/wp\/v2\/media?parent=1585"}],"wp:term":[{"taxonomy":"product_brand","embeddable":true,"href":"https:\/\/ecmicrophones.com\/es\/wp-json\/wp\/v2\/product_brand?post=1585"},{"taxonomy":"product_cat","embeddable":true,"href":"https:\/\/ecmicrophones.com\/es\/wp-json\/wp\/v2\/product_cat?post=1585"},{"taxonomy":"product_tag","embeddable":true,"href":"https:\/\/ecmicrophones.com\/es\/wp-json\/wp\/v2\/product_tag?post=1585"}],"curies":[{"name":"wp","href":"https:\/\/api.w.org\/{rel}","templated":true}]}}