{"id":159,"date":"2024-03-27T11:46:06","date_gmt":"2024-03-27T11:46:06","guid":{"rendered":"https:\/\/ecmicrophones.com\/?post_type=product&#038;p=159"},"modified":"2026-03-19T15:42:14","modified_gmt":"2026-03-19T07:42:14","slug":"omnidirectional-electret-microphone-capsule-for-2-4g-wireless-lavalier","status":"publish","type":"product","link":"https:\/\/ecmicrophones.com\/es\/omnidirectional-electret-microphone-capsule-for-2-4g-wireless-lavalier\/","title":{"rendered":"C\u00e1psula de micr\u00f3fono electret omnidireccional para Lavalier inal\u00e1mbrico 2,4G"},"content":{"rendered":"<h2 class=\"text-start\">Especificaciones t\u00e9cnicas<\/h2>\n<p class=\"text-start\">Nuestro cabezal de micr\u00f3fono omnidireccional 6027 cuenta con una relaci\u00f3n se\u00f1al-ruido de 73 dB, un nivel m\u00e1ximo de presi\u00f3n sonora de 125 dB y una tasa de distorsi\u00f3n de \u22641%, lo que garantiza bajo nivel de ruido, alta fidelidad y calidad de sonido Hi-Fi para una reproducci\u00f3n de audio precisa.<\/p>\n<h3 class=\"pt-5 text-start\">Circuito de prueba est\u00e1ndar<\/h3>\n<p><img loading=\"lazy\" decoding=\"async\" class=\"alignnone size-full wp-image-291\" src=\"https:\/\/ecmicrophones.com\/wp-content\/uploads\/2024\/03\/standard-test-circuit_ecm-b6027aml37-23373.png\" alt=\"ECM-B6027AML37-23373 Circuito de prueba est\u00e1ndar: 15k\u03a9 de polarizaci\u00f3n, 2V de alimentaci\u00f3n, 1\u03bcF de salida.\" width=\"507\" height=\"230\" srcset=\"https:\/\/ecmicrophones.com\/wp-content\/uploads\/2024\/03\/standard-test-circuit_ecm-b6027aml37-23373.png 507w, https:\/\/ecmicrophones.com\/wp-content\/uploads\/2024\/03\/standard-test-circuit_ecm-b6027aml37-23373-300x136.png 300w, https:\/\/ecmicrophones.com\/wp-content\/uploads\/2024\/03\/standard-test-circuit_ecm-b6027aml37-23373-18x8.png 18w\" sizes=\"auto, (max-width: 507px) 100vw, 507px\" \/><\/p>\n<p>Circuito de prueba configurado con una resistencia de polarizaci\u00f3n de 15k\u03a9, una tensi\u00f3n de alimentaci\u00f3n de 2V CC y un condensador de acoplamiento de 1\u03bcF.<\/p>\n<h3 class=\"pt-5 text-start\">Respuesta de frecuencia t\u00edpica<\/h3>\n<p><img loading=\"lazy\" decoding=\"async\" class=\"alignnone size-full wp-image-292\" src=\"https:\/\/ecmicrophones.com\/wp-content\/uploads\/2024\/03\/typical-frequency-response_ecm-b6027aml37-23373.png\" alt=\"ECM-B6027AML37-23373 Curva de respuesta en frecuencia\" width=\"397\" height=\"284\" srcset=\"https:\/\/ecmicrophones.com\/wp-content\/uploads\/2024\/03\/typical-frequency-response_ecm-b6027aml37-23373.png 397w, https:\/\/ecmicrophones.com\/wp-content\/uploads\/2024\/03\/typical-frequency-response_ecm-b6027aml37-23373-300x215.png 300w, https:\/\/ecmicrophones.com\/wp-content\/uploads\/2024\/03\/typical-frequency-response_ecm-b6027aml37-23373-18x12.png 18w\" sizes=\"auto, (max-width: 397px) 100vw, 397px\" \/><\/p>\n<p>La respuesta en frecuencia es relativamente plana y suave de 50 Hz a 4 kHz, con un ligero aumento seguido de una ca\u00edda gradual a partir de 5 kHz.<\/p>\n<h3 class=\"pt-5 text-start\">Dimensiones (UNIDAD: mm)<\/h3>\n<p><img loading=\"lazy\" decoding=\"async\" class=\"alignnone size-full wp-image-290\" src=\"https:\/\/ecmicrophones.com\/wp-content\/uploads\/2024\/03\/appearance-dimension_ecm-b6027aml37-23373.png\" alt=\"Dimensiones de ECM-B6027AML37-23373: \u03a66\u00d72.7mm\" width=\"600\" height=\"467\" srcset=\"https:\/\/ecmicrophones.com\/wp-content\/uploads\/2024\/03\/appearance-dimension_ecm-b6027aml37-23373.png 600w, https:\/\/ecmicrophones.com\/wp-content\/uploads\/2024\/03\/appearance-dimension_ecm-b6027aml37-23373-300x234.png 300w, https:\/\/ecmicrophones.com\/wp-content\/uploads\/2024\/03\/appearance-dimension_ecm-b6027aml37-23373-15x12.png 15w\" sizes=\"auto, (max-width: 600px) 100vw, 600px\" \/><\/p>\n<p>C\u00e1psula compacta de \u03a66 \u00d7 2,7 mm, con malla frontal antipolvo y parte posterior sellada sin aberturas.<\/p>","protected":false},"excerpt":{"rendered":"<p>El ECM-B6027AML37-23373 es una c\u00e1psula de micr\u00f3fono omnidireccional de alta gama adecuada para micr\u00f3fonos de solapa inal\u00e1mbricos 2.4G, micr\u00f3fonos de videoconferencia y otros productos premium. Con dimensiones de 6 \u00d7 2,7 mm, presenta una sensibilidad de -37dB\u00b12 y una relaci\u00f3n se\u00f1al-ruido de 73dB, lo que garantiza una calidad de sonido excepcional.<\/p>","protected":false},"featured_media":2483,"comment_status":"open","ping_status":"closed","template":"","meta":[],"product_brand":[721],"product_cat":[16,20],"product_tag":[283,235,288],"class_list":{"0":"post-159","1":"product","2":"type-product","3":"status-publish","4":"has-post-thumbnail","6":"product_brand-ecmic","7":"product_cat-electret-microphones","8":"product_cat-omnidirectional-microphones","9":"product_tag-6mm","10":"product_tag-conference","11":"product_tag-solder-pads","13":"first","14":"instock","15":"shipping-taxable","16":"purchasable","17":"product-type-simple"},"_links":{"self":[{"href":"https:\/\/ecmicrophones.com\/es\/wp-json\/wp\/v2\/product\/159","targetHints":{"allow":["GET"]}}],"collection":[{"href":"https:\/\/ecmicrophones.com\/es\/wp-json\/wp\/v2\/product"}],"about":[{"href":"https:\/\/ecmicrophones.com\/es\/wp-json\/wp\/v2\/types\/product"}],"replies":[{"embeddable":true,"href":"https:\/\/ecmicrophones.com\/es\/wp-json\/wp\/v2\/comments?post=159"}],"wp:featuredmedia":[{"embeddable":true,"href":"https:\/\/ecmicrophones.com\/es\/wp-json\/wp\/v2\/media\/2483"}],"wp:attachment":[{"href":"https:\/\/ecmicrophones.com\/es\/wp-json\/wp\/v2\/media?parent=159"}],"wp:term":[{"taxonomy":"product_brand","embeddable":true,"href":"https:\/\/ecmicrophones.com\/es\/wp-json\/wp\/v2\/product_brand?post=159"},{"taxonomy":"product_cat","embeddable":true,"href":"https:\/\/ecmicrophones.com\/es\/wp-json\/wp\/v2\/product_cat?post=159"},{"taxonomy":"product_tag","embeddable":true,"href":"https:\/\/ecmicrophones.com\/es\/wp-json\/wp\/v2\/product_tag?post=159"}],"curies":[{"name":"wp","href":"https:\/\/api.w.org\/{rel}","templated":true}]}}