{"id":1608,"date":"2024-07-22T16:05:38","date_gmt":"2024-07-22T08:05:38","guid":{"rendered":"https:\/\/ecmicrophones.com\/?post_type=product&#038;p=1608"},"modified":"2026-03-19T15:21:45","modified_gmt":"2026-03-19T07:21:45","slug":"4mm-unidirectional-electret-microphone-capsule-with-pins","status":"publish","type":"product","link":"https:\/\/ecmicrophones.com\/es\/4mm-unidirectional-electret-microphone-capsule-with-pins\/","title":{"rendered":"C\u00e1psula de micr\u00f3fono electret unidireccional de 4 mm con clavijas"},"content":{"rendered":"<h2 class=\"text-start\">Especificaciones t\u00e9cnicas<\/h2>\n<p class=\"text-start\">Nuestro n\u00facleo de micr\u00f3fono con clavija unidireccional 4015 cuenta con capacitores dobles, lo que mejora sus capacidades antiinterferencias. La longitud de clavija de 2,8 mm garantiza un audio claro y un rendimiento confiable en diversas aplicaciones.<\/p>\n<h3 class=\"pt-5 text-start\">Circuito de prueba est\u00e1ndar<\/h3>\n<p> <img loading=\"lazy\" decoding=\"async\" class=\"alignnone size-full wp-image-439\" src=\"https:\/\/ecmicrophones.com\/wp-content\/uploads\/2024\/04\/standard-test-circuit_.png\" alt=\"Circuito de prueba est\u00e1ndar\" width=\"826\" height=\"443\" srcset=\"https:\/\/ecmicrophones.com\/wp-content\/uploads\/2024\/04\/standard-test-circuit_.png 826w, https:\/\/ecmicrophones.com\/wp-content\/uploads\/2024\/04\/standard-test-circuit_-300x161.png 300w, https:\/\/ecmicrophones.com\/wp-content\/uploads\/2024\/04\/standard-test-circuit_-768x412.png 768w, https:\/\/ecmicrophones.com\/wp-content\/uploads\/2024\/04\/standard-test-circuit_-18x10.png 18w, https:\/\/ecmicrophones.com\/wp-content\/uploads\/2024\/04\/standard-test-circuit_-600x322.png 600w\" sizes=\"auto, (max-width: 826px) 100vw, 826px\" \/> <\/p>\n<p>Condiciones de prueba: RL = 2,2k\u03a9, Vs = 2V, C = 1\u03bcF<\/p>\n<h3 class=\"pt-5 text-start\">Respuesta de frecuencia t\u00edpica<\/h3>\n<p> <img loading=\"lazy\" decoding=\"async\" class=\"alignnone size-full wp-image-440\" src=\"https:\/\/ecmicrophones.com\/wp-content\/uploads\/2024\/04\/typical-frequency-response_.png\" alt=\"Respuesta de frecuencia t\u00edpica\" width=\"773\" height=\"272\" srcset=\"https:\/\/ecmicrophones.com\/wp-content\/uploads\/2024\/04\/typical-frequency-response_.png 773w, https:\/\/ecmicrophones.com\/wp-content\/uploads\/2024\/04\/typical-frequency-response_-300x106.png 300w, https:\/\/ecmicrophones.com\/wp-content\/uploads\/2024\/04\/typical-frequency-response_-768x270.png 768w, https:\/\/ecmicrophones.com\/wp-content\/uploads\/2024\/04\/typical-frequency-response_-18x6.png 18w, https:\/\/ecmicrophones.com\/wp-content\/uploads\/2024\/04\/typical-frequency-response_-600x211.png 600w\" sizes=\"auto, (max-width: 773px) 100vw, 773px\" \/> <\/p>\n<p>La respuesta se extiende de 100 Hz a 20 kHz, con un aumento constante en todo el espectro que mejora la claridad y la presencia vocales. Alrededor de 10 kHz, una elevaci\u00f3n adicional mejora a\u00fan m\u00e1s la articulaci\u00f3n de las frecuencias m\u00e1s altas, por lo que es muy adecuado para la captura de voz. La respuesta se estabiliza brevemente antes de reducirse gradualmente a partir de 16 kHz.<\/p>\n<h3 class=\"pt-5 text-start\">Dimensiones (UNIDAD: mm)<\/h3>\n<p> <img loading=\"lazy\" decoding=\"async\" class=\"alignnone size-full wp-image-441\" src=\"https:\/\/ecmicrophones.com\/wp-content\/uploads\/2024\/04\/appearance-dimension_.png\" alt=\"Dimensi\u00f3n de apariencia\" width=\"972\" height=\"348\" srcset=\"https:\/\/ecmicrophones.com\/wp-content\/uploads\/2024\/04\/appearance-dimension_.png 972w, https:\/\/ecmicrophones.com\/wp-content\/uploads\/2024\/04\/appearance-dimension_-300x107.png 300w, https:\/\/ecmicrophones.com\/wp-content\/uploads\/2024\/04\/appearance-dimension_-768x275.png 768w, https:\/\/ecmicrophones.com\/wp-content\/uploads\/2024\/04\/appearance-dimension_-18x6.png 18w, https:\/\/ecmicrophones.com\/wp-content\/uploads\/2024\/04\/appearance-dimension_-600x215.png 600w\" sizes=\"auto, (max-width: 972px) 100vw, 972px\" \/> <\/p>\n<p>La c\u00e1psula mide 4 mm de di\u00e1metro y 1,5 mm de altura. La parte frontal presenta una malla antipolvo, y la trasera incluye un puerto ac\u00fastico. Equipado con clavijas de 2,8 mm para su inserci\u00f3n en conjuntos de micr\u00f3fonos de solapa compactos, con una separaci\u00f3n de 1,2 mm.<\/p>","protected":false},"excerpt":{"rendered":"<p>La ECM-B4015UP38-YL es una c\u00e1psula de micr\u00f3fono unidireccional de 4 \u00d7 1,5 mm con una sensibilidad de -38 dB \u00b1 2 y una relaci\u00f3n se\u00f1al\/ruido de 60 dB. Est\u00e1 dise\u00f1ada para micr\u00f3fonos de solapa.<\/p>","protected":false},"featured_media":2681,"comment_status":"open","ping_status":"closed","template":"","meta":[],"product_brand":[721],"product_cat":[16,21],"product_tag":[284,235,291],"class_list":{"0":"post-1608","1":"product","2":"type-product","3":"status-publish","4":"has-post-thumbnail","6":"product_brand-ecmic","7":"product_cat-electret-microphones","8":"product_cat-unidirectional-microphones","9":"product_tag-4mm","10":"product_tag-conference","11":"product_tag-pin-type","13":"first","14":"instock","15":"shipping-taxable","16":"purchasable","17":"product-type-simple"},"_links":{"self":[{"href":"https:\/\/ecmicrophones.com\/es\/wp-json\/wp\/v2\/product\/1608","targetHints":{"allow":["GET"]}}],"collection":[{"href":"https:\/\/ecmicrophones.com\/es\/wp-json\/wp\/v2\/product"}],"about":[{"href":"https:\/\/ecmicrophones.com\/es\/wp-json\/wp\/v2\/types\/product"}],"replies":[{"embeddable":true,"href":"https:\/\/ecmicrophones.com\/es\/wp-json\/wp\/v2\/comments?post=1608"}],"wp:featuredmedia":[{"embeddable":true,"href":"https:\/\/ecmicrophones.com\/es\/wp-json\/wp\/v2\/media\/2681"}],"wp:attachment":[{"href":"https:\/\/ecmicrophones.com\/es\/wp-json\/wp\/v2\/media?parent=1608"}],"wp:term":[{"taxonomy":"product_brand","embeddable":true,"href":"https:\/\/ecmicrophones.com\/es\/wp-json\/wp\/v2\/product_brand?post=1608"},{"taxonomy":"product_cat","embeddable":true,"href":"https:\/\/ecmicrophones.com\/es\/wp-json\/wp\/v2\/product_cat?post=1608"},{"taxonomy":"product_tag","embeddable":true,"href":"https:\/\/ecmicrophones.com\/es\/wp-json\/wp\/v2\/product_tag?post=1608"}],"curies":[{"name":"wp","href":"https:\/\/api.w.org\/{rel}","templated":true}]}}