{"id":1621,"date":"2024-07-22T17:48:25","date_gmt":"2024-07-22T09:48:25","guid":{"rendered":"https:\/\/ecmicrophones.com\/?post_type=product&#038;p=1621"},"modified":"2026-03-19T15:21:25","modified_gmt":"2026-03-19T07:21:25","slug":"16mm-electret-microphone-element-for-live-streaming","status":"publish","type":"product","link":"https:\/\/ecmicrophones.com\/es\/16mm-electret-microphone-element-for-live-streaming\/","title":{"rendered":"Elemento de micr\u00f3fono electret de 16 mm para transmisi\u00f3n en vivo"},"content":{"rendered":"<h2 class=\"text-start\">Especificaciones t\u00e9cnicas<\/h2>\n<p class=\"text-start\">Nuestro cabezal de micr\u00f3fono cardioide 1663 cuenta con un material de anillo de cobre chapado en oro, que ofrece alta fidelidad, alta relaci\u00f3n se\u00f1al-ruido y bajo ruido.<\/p>\n<h3 class=\"pt-5 text-start\">Circuito de prueba est\u00e1ndar<\/h3>\n<p><img loading=\"lazy\" decoding=\"async\" class=\"alignnone size-full wp-image-1626\" src=\"https:\/\/ecmicrophones.com\/wp-content\/uploads\/2024\/07\/standard-test-circuit_ecm-b1663ul46-321.png\" alt=\"Circuito de prueba est\u00e1ndar\" width=\"553\" height=\"244\" srcset=\"https:\/\/ecmicrophones.com\/wp-content\/uploads\/2024\/07\/standard-test-circuit_ecm-b1663ul46-321.png 553w, https:\/\/ecmicrophones.com\/wp-content\/uploads\/2024\/07\/standard-test-circuit_ecm-b1663ul46-321-300x132.png 300w, https:\/\/ecmicrophones.com\/wp-content\/uploads\/2024\/07\/standard-test-circuit_ecm-b1663ul46-321-18x8.png 18w\" sizes=\"auto, (max-width: 553px) 100vw, 553px\" \/><\/p>\n<p class=\"mt-2\">RL = 680\u03a9, Vs = 1,5V, C = 1\u03bcF<\/p>\n<h3 class=\"pt-5 text-start\">Respuesta de frecuencia t\u00edpica<\/h3>\n<p><img loading=\"lazy\" decoding=\"async\" class=\"alignnone wp-image-1624 size-large\" src=\"https:\/\/ecmicrophones.com\/wp-content\/uploads\/2024\/07\/typical-frequency-response_ecm-b1663ul46-321-1024x513.png\" alt=\"Respuesta de frecuencia t\u00edpica\" width=\"1024\" height=\"513\" srcset=\"https:\/\/ecmicrophones.com\/wp-content\/uploads\/2024\/07\/typical-frequency-response_ecm-b1663ul46-321-1024x513.png 1024w, https:\/\/ecmicrophones.com\/wp-content\/uploads\/2024\/07\/typical-frequency-response_ecm-b1663ul46-321-300x150.png 300w, https:\/\/ecmicrophones.com\/wp-content\/uploads\/2024\/07\/typical-frequency-response_ecm-b1663ul46-321-768x384.png 768w, https:\/\/ecmicrophones.com\/wp-content\/uploads\/2024\/07\/typical-frequency-response_ecm-b1663ul46-321-1536x769.png 1536w, https:\/\/ecmicrophones.com\/wp-content\/uploads\/2024\/07\/typical-frequency-response_ecm-b1663ul46-321-18x9.png 18w, https:\/\/ecmicrophones.com\/wp-content\/uploads\/2024\/07\/typical-frequency-response_ecm-b1663ul46-321-600x300.png 600w, https:\/\/ecmicrophones.com\/wp-content\/uploads\/2024\/07\/typical-frequency-response_ecm-b1663ul46-321.png 1578w\" sizes=\"auto, (max-width: 1024px) 100vw, 1024px\" \/><\/p>\n<p class=\"mt-2\">La respuesta en frecuencia muestra una ligera fluctuaci\u00f3n por debajo de 1 kHz, seguida de un aumento pronunciado de 1 kHz a 10 kHz, con la subida m\u00e1s significativa entre 4 kHz y 10 kHz. A partir de 10 kHz comienza una ca\u00edda brusca.<\/p>\n<h3 class=\"pt-5 text-start\">Dimensiones (UNIDAD: mm)<\/h3>\n<p><img loading=\"lazy\" decoding=\"async\" class=\"alignnone size-full wp-image-1625\" src=\"https:\/\/ecmicrophones.com\/wp-content\/uploads\/2024\/07\/appearance-dimension_ecm-b1663ul46-321.png\" alt=\"Dimensi\u00f3n de apariencia\" width=\"478\" height=\"318\" srcset=\"https:\/\/ecmicrophones.com\/wp-content\/uploads\/2024\/07\/appearance-dimension_ecm-b1663ul46-321.png 478w, https:\/\/ecmicrophones.com\/wp-content\/uploads\/2024\/07\/appearance-dimension_ecm-b1663ul46-321-300x200.png 300w, https:\/\/ecmicrophones.com\/wp-content\/uploads\/2024\/07\/appearance-dimension_ecm-b1663ul46-321-18x12.png 18w\" sizes=\"auto, (max-width: 478px) 100vw, 478px\" \/><\/p>\n<p class=\"mt-2\">C\u00e1psula \u03a616 \u00d7 6,3 mm con puerto ac\u00fastico trasero.<\/p>","protected":false},"excerpt":{"rendered":"<p>El ECM-B1663UL46-321 es una c\u00e1psula de micr\u00f3fono unidireccional de 16 \u00d7 6,3 mm con una sensibilidad de -46 dB \u00b1 2 y una relaci\u00f3n se\u00f1al\/ruido de 68 dB. Est\u00e1 dise\u00f1ado para aplicaciones de transmisi\u00f3n en vivo y proporciona una captura de audio clara y confiable.<\/p>","protected":false},"featured_media":2679,"comment_status":"open","ping_status":"closed","template":"","meta":[],"product_brand":[721],"product_cat":[16,21],"product_tag":[279,288,116],"class_list":{"0":"post-1621","1":"product","2":"type-product","3":"status-publish","4":"has-post-thumbnail","6":"product_brand-ecmic","7":"product_cat-electret-microphones","8":"product_cat-unidirectional-microphones","9":"product_tag-16mm","10":"product_tag-solder-pads","11":"product_tag-vocal","13":"first","14":"instock","15":"shipping-taxable","16":"purchasable","17":"product-type-simple"},"_links":{"self":[{"href":"https:\/\/ecmicrophones.com\/es\/wp-json\/wp\/v2\/product\/1621","targetHints":{"allow":["GET"]}}],"collection":[{"href":"https:\/\/ecmicrophones.com\/es\/wp-json\/wp\/v2\/product"}],"about":[{"href":"https:\/\/ecmicrophones.com\/es\/wp-json\/wp\/v2\/types\/product"}],"replies":[{"embeddable":true,"href":"https:\/\/ecmicrophones.com\/es\/wp-json\/wp\/v2\/comments?post=1621"}],"wp:featuredmedia":[{"embeddable":true,"href":"https:\/\/ecmicrophones.com\/es\/wp-json\/wp\/v2\/media\/2679"}],"wp:attachment":[{"href":"https:\/\/ecmicrophones.com\/es\/wp-json\/wp\/v2\/media?parent=1621"}],"wp:term":[{"taxonomy":"product_brand","embeddable":true,"href":"https:\/\/ecmicrophones.com\/es\/wp-json\/wp\/v2\/product_brand?post=1621"},{"taxonomy":"product_cat","embeddable":true,"href":"https:\/\/ecmicrophones.com\/es\/wp-json\/wp\/v2\/product_cat?post=1621"},{"taxonomy":"product_tag","embeddable":true,"href":"https:\/\/ecmicrophones.com\/es\/wp-json\/wp\/v2\/product_tag?post=1621"}],"curies":[{"name":"wp","href":"https:\/\/api.w.org\/{rel}","templated":true}]}}