{"id":1631,"date":"2024-07-22T17:53:24","date_gmt":"2024-07-22T09:53:24","guid":{"rendered":"https:\/\/ecmicrophones.com\/?post_type=product&#038;p=1631"},"modified":"2026-03-19T15:21:02","modified_gmt":"2026-03-19T07:21:02","slug":"25mm-large-diaphragm-electret-microphone-capsule","status":"publish","type":"product","link":"https:\/\/ecmicrophones.com\/es\/25mm-large-diaphragm-electret-microphone-capsule\/","title":{"rendered":"C\u00e1psula de micr\u00f3fono electret de diafragma grande de 25 mm"},"content":{"rendered":"<h2 class=\"text-start\">Especificaciones t\u00e9cnicas<\/h2>\n<p class=\"text-start\">Nuestra c\u00e1psula de micr\u00f3fono de condensador electret de diafragma grande 2587 ofrece alta fidelidad con una alta relaci\u00f3n se\u00f1al\/ruido y bajo ruido propio, con salida a nivel de fuente.<\/p>\n<h3 class=\"pt-5 text-start\">Circuito de prueba est\u00e1ndar<\/h3>\n<p><img loading=\"lazy\" decoding=\"async\" class=\"alignnone size-full wp-image-1633\" src=\"https:\/\/ecmicrophones.com\/wp-content\/uploads\/2024\/07\/standard-test-circuit_ecm-b25087ul-45.png\" alt=\"Circuito de prueba est\u00e1ndar\" width=\"562\" height=\"244\" srcset=\"https:\/\/ecmicrophones.com\/wp-content\/uploads\/2024\/07\/standard-test-circuit_ecm-b25087ul-45.png 562w, https:\/\/ecmicrophones.com\/wp-content\/uploads\/2024\/07\/standard-test-circuit_ecm-b25087ul-45-300x130.png 300w, https:\/\/ecmicrophones.com\/wp-content\/uploads\/2024\/07\/standard-test-circuit_ecm-b25087ul-45-18x8.png 18w\" sizes=\"auto, (max-width: 562px) 100vw, 562px\" \/><\/p>\n<p>Condiciones de prueba: RL = 680\u03a9, Vs = 1,5V, C = 1\u03bcF<\/p>\n<h3 class=\"pt-5 text-start\">Respuesta de frecuencia t\u00edpica<\/h3>\n<p><img loading=\"lazy\" decoding=\"async\" class=\"alignnone size-full wp-image-1634\" src=\"https:\/\/ecmicrophones.com\/wp-content\/uploads\/2024\/07\/typical-frequency-response_ecm-b25087ul-45.png\" alt=\"Respuesta de frecuencia t\u00edpica\" width=\"696\" height=\"242\" srcset=\"https:\/\/ecmicrophones.com\/wp-content\/uploads\/2024\/07\/typical-frequency-response_ecm-b25087ul-45.png 696w, https:\/\/ecmicrophones.com\/wp-content\/uploads\/2024\/07\/typical-frequency-response_ecm-b25087ul-45-300x104.png 300w, https:\/\/ecmicrophones.com\/wp-content\/uploads\/2024\/07\/typical-frequency-response_ecm-b25087ul-45-18x6.png 18w, https:\/\/ecmicrophones.com\/wp-content\/uploads\/2024\/07\/typical-frequency-response_ecm-b25087ul-45-600x209.png 600w\" sizes=\"auto, (max-width: 696px) 100vw, 696px\" \/><\/p>\n<p>La respuesta en frecuencia abarca de 100 Hz a 16 kHz con una tendencia generalmente ascendente y una fluctuaci\u00f3n m\u00ednima. Un notable realce en la gama de frecuencias altas mejora la claridad y el detalle en el audio de gama alta.<\/p>\n<h3 class=\"pt-5 text-start\">Dimensiones (UNIDAD: mm)<\/h3>\n<p><img loading=\"lazy\" decoding=\"async\" class=\"alignnone size-full wp-image-1632\" src=\"https:\/\/ecmicrophones.com\/wp-content\/uploads\/2024\/07\/appearance-dimension_ecm-b25087ul-45.png\" alt=\"Dimensi\u00f3n de apariencia\" width=\"672\" height=\"267\" srcset=\"https:\/\/ecmicrophones.com\/wp-content\/uploads\/2024\/07\/appearance-dimension_ecm-b25087ul-45.png 672w, https:\/\/ecmicrophones.com\/wp-content\/uploads\/2024\/07\/appearance-dimension_ecm-b25087ul-45-300x119.png 300w, https:\/\/ecmicrophones.com\/wp-content\/uploads\/2024\/07\/appearance-dimension_ecm-b25087ul-45-18x7.png 18w, https:\/\/ecmicrophones.com\/wp-content\/uploads\/2024\/07\/appearance-dimension_ecm-b25087ul-45-600x238.png 600w\" sizes=\"auto, (max-width: 672px) 100vw, 672px\" \/><\/p>\n<p>La c\u00e1psula mide 25 mm de di\u00e1metro y 8,7 mm de altura, y dispone de un puerto ac\u00fastico trasero. Dise\u00f1ada con tres pastillas de soldadura, proporciona una salida de seguidor de fuente para una transmisi\u00f3n de se\u00f1al estable y de baja impedancia.<\/p>","protected":false},"excerpt":{"rendered":"<p>El ECM-B25087UL-45 es una c\u00e1psula de micr\u00f3fono unidireccional de 25 \u00d7 8,7 mm con una sensibilidad de -45 dB \u00b1 2 y una relaci\u00f3n se\u00f1al\/ruido de 70 dB. Est\u00e1 dise\u00f1ado para aplicaciones de transmisi\u00f3n en vivo y ofrece una calidad de sonido s\u00f3lida y un alto rendimiento para una captura de audio n\u00edtida.<\/p>","protected":false},"featured_media":2695,"comment_status":"open","ping_status":"closed","template":"","meta":[],"product_brand":[721],"product_cat":[21,16],"product_tag":[278,292,116],"class_list":{"0":"post-1631","1":"product","2":"type-product","3":"status-publish","4":"has-post-thumbnail","6":"product_brand-ecmic","7":"product_cat-unidirectional-microphones","8":"product_cat-electret-microphones","9":"product_tag-25mm","10":"product_tag-3-solder-pads","11":"product_tag-vocal","13":"first","14":"instock","15":"shipping-taxable","16":"purchasable","17":"product-type-simple"},"_links":{"self":[{"href":"https:\/\/ecmicrophones.com\/es\/wp-json\/wp\/v2\/product\/1631","targetHints":{"allow":["GET"]}}],"collection":[{"href":"https:\/\/ecmicrophones.com\/es\/wp-json\/wp\/v2\/product"}],"about":[{"href":"https:\/\/ecmicrophones.com\/es\/wp-json\/wp\/v2\/types\/product"}],"replies":[{"embeddable":true,"href":"https:\/\/ecmicrophones.com\/es\/wp-json\/wp\/v2\/comments?post=1631"}],"wp:featuredmedia":[{"embeddable":true,"href":"https:\/\/ecmicrophones.com\/es\/wp-json\/wp\/v2\/media\/2695"}],"wp:attachment":[{"href":"https:\/\/ecmicrophones.com\/es\/wp-json\/wp\/v2\/media?parent=1631"}],"wp:term":[{"taxonomy":"product_brand","embeddable":true,"href":"https:\/\/ecmicrophones.com\/es\/wp-json\/wp\/v2\/product_brand?post=1631"},{"taxonomy":"product_cat","embeddable":true,"href":"https:\/\/ecmicrophones.com\/es\/wp-json\/wp\/v2\/product_cat?post=1631"},{"taxonomy":"product_tag","embeddable":true,"href":"https:\/\/ecmicrophones.com\/es\/wp-json\/wp\/v2\/product_tag?post=1631"}],"curies":[{"name":"wp","href":"https:\/\/api.w.org\/{rel}","templated":true}]}}