{"id":1643,"date":"2024-07-23T16:41:29","date_gmt":"2024-07-23T08:41:29","guid":{"rendered":"https:\/\/ecmicrophones.com\/?post_type=product&#038;p=1643"},"modified":"2026-03-19T15:20:37","modified_gmt":"2026-03-19T07:20:37","slug":"14mm-electret-microphone-with-source-output-for-live-streaming","status":"publish","type":"product","link":"https:\/\/ecmicrophones.com\/es\/14mm-electret-microphone-with-source-output-for-live-streaming\/","title":{"rendered":"Micr\u00f3fono electret de 14 mm con salida de fuente para transmisi\u00f3n en vivo"},"content":{"rendered":"<h2 class=\"text-start\">Especificaciones t\u00e9cnicas<\/h2>\n<p class=\"text-start\">Nuestro cabezal de micr\u00f3fono unidireccional 1450 cuenta con salida de fuente, lo que ofrece una alta relaci\u00f3n se\u00f1al-ruido, alta fidelidad y excelente reproducci\u00f3n de sonido.<\/p>\n<h3 class=\"pt-5 text-start\">Circuito de prueba est\u00e1ndar<\/h3>\n<p><img loading=\"lazy\" decoding=\"async\" class=\"alignnone size-full wp-image-1645\" src=\"https:\/\/ecmicrophones.com\/wp-content\/uploads\/2024\/07\/standard-test-circuit_ecm-b1450ul43-351.png\" alt=\"Circuito de prueba est\u00e1ndar\" width=\"508\" height=\"214\" srcset=\"https:\/\/ecmicrophones.com\/wp-content\/uploads\/2024\/07\/standard-test-circuit_ecm-b1450ul43-351.png 508w, https:\/\/ecmicrophones.com\/wp-content\/uploads\/2024\/07\/standard-test-circuit_ecm-b1450ul43-351-300x126.png 300w, https:\/\/ecmicrophones.com\/wp-content\/uploads\/2024\/07\/standard-test-circuit_ecm-b1450ul43-351-18x8.png 18w\" sizes=\"auto, (max-width: 508px) 100vw, 508px\" \/><\/p>\n<p>Condiciones de prueba: RL = 2,7K\u03a9, VS = 4,5V, C = 1\u03bcF.<\/p>\n<h3 class=\"pt-5 text-start\">Respuesta de frecuencia t\u00edpica<\/h3>\n<p><img loading=\"lazy\" decoding=\"async\" class=\"alignnone size-full wp-image-1646\" src=\"https:\/\/ecmicrophones.com\/wp-content\/uploads\/2024\/07\/typical-frequency-response_ecm-b1450ul43-351.png\" alt=\"Respuesta de frecuencia t\u00edpica\" width=\"565\" height=\"264\" srcset=\"https:\/\/ecmicrophones.com\/wp-content\/uploads\/2024\/07\/typical-frequency-response_ecm-b1450ul43-351.png 565w, https:\/\/ecmicrophones.com\/wp-content\/uploads\/2024\/07\/typical-frequency-response_ecm-b1450ul43-351-300x140.png 300w, https:\/\/ecmicrophones.com\/wp-content\/uploads\/2024\/07\/typical-frequency-response_ecm-b1450ul43-351-18x8.png 18w\" sizes=\"auto, (max-width: 565px) 100vw, 565px\" \/><\/p>\n<p>La respuesta es relativamente plana de 100 Hz a 3 kHz, aumenta notablemente entre 3 kHz y 5 kHz, y luego disminuye gradualmente hacia 20 kHz.<\/p>\n<h3 class=\"pt-5 text-start\">Dimensiones (UNIDAD: mm)<\/h3>\n<p><img loading=\"lazy\" decoding=\"async\" class=\"alignnone size-full wp-image-1644\" src=\"https:\/\/ecmicrophones.com\/wp-content\/uploads\/2024\/07\/appearance-dimension_ecm-b1450ul43-351.png\" alt=\"Dimensi\u00f3n de apariencia\" width=\"515\" height=\"344\" srcset=\"https:\/\/ecmicrophones.com\/wp-content\/uploads\/2024\/07\/appearance-dimension_ecm-b1450ul43-351.png 515w, https:\/\/ecmicrophones.com\/wp-content\/uploads\/2024\/07\/appearance-dimension_ecm-b1450ul43-351-300x200.png 300w, https:\/\/ecmicrophones.com\/wp-content\/uploads\/2024\/07\/appearance-dimension_ecm-b1450ul43-351-18x12.png 18w\" sizes=\"auto, (max-width: 515px) 100vw, 515px\" \/><\/p>\n<p>La c\u00e1psula mide 14 mm de di\u00e1metro y 5 mm de altura, y cuenta con una rejilla antipolvo delantera y un puerto ac\u00fastico trasero.<\/p>","protected":false},"excerpt":{"rendered":"<p>El ECM-B1450UL43-351 es una c\u00e1psula de micr\u00f3fono unidireccional de 14 \u00d7 5 mm dise\u00f1ada para aplicaciones de transmisi\u00f3n en vivo. Tiene una sensibilidad de -43 dB \u00b1 2 y una relaci\u00f3n se\u00f1al\/ruido de 75 dB, lo que garantiza un rendimiento de audio claro y de alta calidad.<\/p>","protected":false},"featured_media":2703,"comment_status":"open","ping_status":"closed","template":"","meta":[],"product_brand":[721],"product_cat":[21,16],"product_tag":[280,292,116],"class_list":{"0":"post-1643","1":"product","2":"type-product","3":"status-publish","4":"has-post-thumbnail","6":"product_brand-ecmic","7":"product_cat-unidirectional-microphones","8":"product_cat-electret-microphones","9":"product_tag-14mm","10":"product_tag-3-solder-pads","11":"product_tag-vocal","13":"first","14":"instock","15":"shipping-taxable","16":"purchasable","17":"product-type-simple"},"_links":{"self":[{"href":"https:\/\/ecmicrophones.com\/es\/wp-json\/wp\/v2\/product\/1643","targetHints":{"allow":["GET"]}}],"collection":[{"href":"https:\/\/ecmicrophones.com\/es\/wp-json\/wp\/v2\/product"}],"about":[{"href":"https:\/\/ecmicrophones.com\/es\/wp-json\/wp\/v2\/types\/product"}],"replies":[{"embeddable":true,"href":"https:\/\/ecmicrophones.com\/es\/wp-json\/wp\/v2\/comments?post=1643"}],"wp:featuredmedia":[{"embeddable":true,"href":"https:\/\/ecmicrophones.com\/es\/wp-json\/wp\/v2\/media\/2703"}],"wp:attachment":[{"href":"https:\/\/ecmicrophones.com\/es\/wp-json\/wp\/v2\/media?parent=1643"}],"wp:term":[{"taxonomy":"product_brand","embeddable":true,"href":"https:\/\/ecmicrophones.com\/es\/wp-json\/wp\/v2\/product_brand?post=1643"},{"taxonomy":"product_cat","embeddable":true,"href":"https:\/\/ecmicrophones.com\/es\/wp-json\/wp\/v2\/product_cat?post=1643"},{"taxonomy":"product_tag","embeddable":true,"href":"https:\/\/ecmicrophones.com\/es\/wp-json\/wp\/v2\/product_tag?post=1643"}],"curies":[{"name":"wp","href":"https:\/\/api.w.org\/{rel}","templated":true}]}}