{"id":1655,"date":"2024-07-23T17:55:08","date_gmt":"2024-07-23T09:55:08","guid":{"rendered":"https:\/\/ecmicrophones.com\/?post_type=product&#038;p=1655"},"modified":"2026-03-19T15:20:26","modified_gmt":"2026-03-19T07:20:26","slug":"14mm-high-performance-electret-microphone-insert-for-streaming","status":"publish","type":"product","link":"https:\/\/ecmicrophones.com\/es\/14mm-high-performance-electret-microphone-insert-for-streaming\/","title":{"rendered":"Inserto de micr\u00f3fono electret de alto rendimiento de 14 mm para streaming"},"content":{"rendered":"<h2 class=\"text-start\">Especificaciones t\u00e9cnicas<\/h2>\n<p class=\"text-start\">Nuestra c\u00e1psula de micr\u00f3fono electret 1465 ofrece una alta relaci\u00f3n se\u00f1al-ruido, bajo nivel de ruido y una fidelidad de audio excepcional. Fabricada con materiales ecol\u00f3gicos, funciona de manera confiable en entornos dif\u00edciles, perfecta para aplicaciones de audio profesionales.<\/p>\n<h3 class=\"pt-5 text-start\">Circuito de prueba est\u00e1ndar<\/h3>\n<p><img loading=\"lazy\" decoding=\"async\" class=\"alignnone size-full wp-image-1657\" src=\"https:\/\/ecmicrophones.com\/wp-content\/uploads\/2024\/07\/standard-test-circuit_ecm-b1465ul-45.png\" alt=\"Circuito de prueba est\u00e1ndar\" width=\"324\" height=\"153\" srcset=\"https:\/\/ecmicrophones.com\/wp-content\/uploads\/2024\/07\/standard-test-circuit_ecm-b1465ul-45.png 324w, https:\/\/ecmicrophones.com\/wp-content\/uploads\/2024\/07\/standard-test-circuit_ecm-b1465ul-45-300x142.png 300w, https:\/\/ecmicrophones.com\/wp-content\/uploads\/2024\/07\/standard-test-circuit_ecm-b1465ul-45-18x9.png 18w\" sizes=\"auto, (max-width: 324px) 100vw, 324px\" \/><\/p>\n<p>Condiciones de prueba: RL = 680\u03a9, Vs = 1,5V, C = 1\u00b5F.<\/p>\n<h3 class=\"pt-5 text-start\">Respuesta de frecuencia t\u00edpica<\/h3>\n<p><img loading=\"lazy\" decoding=\"async\" class=\"alignnone size-full wp-image-1658\" src=\"https:\/\/ecmicrophones.com\/wp-content\/uploads\/2024\/07\/typical-frequency-response_ecm-b1465ul-45.png\" alt=\"Respuesta de frecuencia t\u00edpica\" width=\"630\" height=\"275\" srcset=\"https:\/\/ecmicrophones.com\/wp-content\/uploads\/2024\/07\/typical-frequency-response_ecm-b1465ul-45.png 630w, https:\/\/ecmicrophones.com\/wp-content\/uploads\/2024\/07\/typical-frequency-response_ecm-b1465ul-45-300x131.png 300w, https:\/\/ecmicrophones.com\/wp-content\/uploads\/2024\/07\/typical-frequency-response_ecm-b1465ul-45-18x8.png 18w, https:\/\/ecmicrophones.com\/wp-content\/uploads\/2024\/07\/typical-frequency-response_ecm-b1465ul-45-600x262.png 600w\" sizes=\"auto, (max-width: 630px) 100vw, 630px\" \/><\/p>\n<p>La respuesta en frecuencia aumenta de forma constante desde los 100 Hz hasta los 600 Hz, y luego se mantiene plana hasta los 9 kHz, con fluctuaciones m\u00ednimas. Cerca de 9-10 kHz, hay un pico moderado antes de que la respuesta disminuya gradualmente.<\/p>\n<h3 class=\"pt-5 text-start\">Dimensiones (UNIDAD: mm)<\/h3>\n<p><img loading=\"lazy\" decoding=\"async\" class=\"alignnone size-full wp-image-1656\" src=\"https:\/\/ecmicrophones.com\/wp-content\/uploads\/2024\/07\/appearance-dimension_ecm-b1465ul-45.png\" alt=\"Dimensi\u00f3n de apariencia\" width=\"915\" height=\"344\" srcset=\"https:\/\/ecmicrophones.com\/wp-content\/uploads\/2024\/07\/appearance-dimension_ecm-b1465ul-45.png 915w, https:\/\/ecmicrophones.com\/wp-content\/uploads\/2024\/07\/appearance-dimension_ecm-b1465ul-45-300x113.png 300w, https:\/\/ecmicrophones.com\/wp-content\/uploads\/2024\/07\/appearance-dimension_ecm-b1465ul-45-768x289.png 768w, https:\/\/ecmicrophones.com\/wp-content\/uploads\/2024\/07\/appearance-dimension_ecm-b1465ul-45-18x7.png 18w, https:\/\/ecmicrophones.com\/wp-content\/uploads\/2024\/07\/appearance-dimension_ecm-b1465ul-45-600x226.png 600w\" sizes=\"auto, (max-width: 915px) 100vw, 915px\" \/><\/p>\n<p>La c\u00e1psula mide 14 mm de di\u00e1metro y 6,5 mm de altura, e incorpora un puerto ac\u00fastico trasero.<\/p>","protected":false},"excerpt":{"rendered":"<p>El ECM-B1465UL-45 es una c\u00e1psula de micr\u00f3fono unidireccional de 14 \u00d7 6,5 mm, adecuada para aplicaciones de transmisi\u00f3n en vivo. Tiene una sensibilidad de -45 dB \u00b1 3 y una relaci\u00f3n se\u00f1al\/ruido de 60 dB, lo que garantiza una calidad de audio clara y constante.<\/p>","protected":false},"featured_media":2712,"comment_status":"open","ping_status":"closed","template":"","meta":[],"product_brand":[721],"product_cat":[21,16],"product_tag":[280,288,116],"class_list":{"0":"post-1655","1":"product","2":"type-product","3":"status-publish","4":"has-post-thumbnail","6":"product_brand-ecmic","7":"product_cat-unidirectional-microphones","8":"product_cat-electret-microphones","9":"product_tag-14mm","10":"product_tag-solder-pads","11":"product_tag-vocal","13":"first","14":"instock","15":"shipping-taxable","16":"purchasable","17":"product-type-simple"},"_links":{"self":[{"href":"https:\/\/ecmicrophones.com\/es\/wp-json\/wp\/v2\/product\/1655","targetHints":{"allow":["GET"]}}],"collection":[{"href":"https:\/\/ecmicrophones.com\/es\/wp-json\/wp\/v2\/product"}],"about":[{"href":"https:\/\/ecmicrophones.com\/es\/wp-json\/wp\/v2\/types\/product"}],"replies":[{"embeddable":true,"href":"https:\/\/ecmicrophones.com\/es\/wp-json\/wp\/v2\/comments?post=1655"}],"wp:featuredmedia":[{"embeddable":true,"href":"https:\/\/ecmicrophones.com\/es\/wp-json\/wp\/v2\/media\/2712"}],"wp:attachment":[{"href":"https:\/\/ecmicrophones.com\/es\/wp-json\/wp\/v2\/media?parent=1655"}],"wp:term":[{"taxonomy":"product_brand","embeddable":true,"href":"https:\/\/ecmicrophones.com\/es\/wp-json\/wp\/v2\/product_brand?post=1655"},{"taxonomy":"product_cat","embeddable":true,"href":"https:\/\/ecmicrophones.com\/es\/wp-json\/wp\/v2\/product_cat?post=1655"},{"taxonomy":"product_tag","embeddable":true,"href":"https:\/\/ecmicrophones.com\/es\/wp-json\/wp\/v2\/product_tag?post=1655"}],"curies":[{"name":"wp","href":"https:\/\/api.w.org\/{rel}","templated":true}]}}