{"id":1659,"date":"2024-07-23T16:05:34","date_gmt":"2024-07-23T08:05:34","guid":{"rendered":"https:\/\/ecmicrophones.com\/?post_type=product&#038;p=1659"},"modified":"2026-03-19T15:20:49","modified_gmt":"2026-03-19T07:20:49","slug":"6mm-surface-mount-microphone-for-smart-speakers","status":"publish","type":"product","link":"https:\/\/ecmicrophones.com\/es\/6mm-surface-mount-microphone-for-smart-speakers\/","title":{"rendered":"Micr\u00f3fono de montaje en superficie de 6 mm para parlantes inteligentes"},"content":{"rendered":"<h2 class=\"text-start\">Especificaciones t\u00e9cnicas<\/h2>\n<p class=\"text-start\">Nuestras c\u00e1psulas de micr\u00f3fono de montaje en superficie 6027 SMD est\u00e1n especialmente dise\u00f1adas para resistir altas temperaturas y cuentan con capacitores dobles. Fabricadas con materiales importados y ecol\u00f3gicos, garantizan un rendimiento confiable.<\/p>\n<h3 class=\"pt-5 text-start\">Circuito de prueba est\u00e1ndar<\/h3>\n<p><img loading=\"lazy\" decoding=\"async\" class=\"alignnone size-full wp-image-1661\" src=\"https:\/\/ecmicrophones.com\/wp-content\/uploads\/2024\/07\/standard-test-circuit_ecm-b6027al42-smd.png\" alt=\"Circuito de prueba est\u00e1ndar\" width=\"529\" height=\"215\" srcset=\"https:\/\/ecmicrophones.com\/wp-content\/uploads\/2024\/07\/standard-test-circuit_ecm-b6027al42-smd.png 529w, https:\/\/ecmicrophones.com\/wp-content\/uploads\/2024\/07\/standard-test-circuit_ecm-b6027al42-smd-300x122.png 300w, https:\/\/ecmicrophones.com\/wp-content\/uploads\/2024\/07\/standard-test-circuit_ecm-b6027al42-smd-18x7.png 18w\" sizes=\"auto, (max-width: 529px) 100vw, 529px\" \/><\/p>\n<p><strong>Condiciones de la prueba:<\/strong> Resistencia de carga (RL) = 2,2k\u03a9, Tensi\u00f3n de alimentaci\u00f3n (VS) = 2V, Condensador de acoplamiento (C) = 1\u03bcF.<\/p>\n<h3 class=\"pt-5 text-start\">Respuesta de frecuencia t\u00edpica<\/h3>\n<p><img loading=\"lazy\" decoding=\"async\" class=\"alignnone size-full wp-image-1662\" src=\"https:\/\/ecmicrophones.com\/wp-content\/uploads\/2024\/07\/typical-frequency-response_ecm-b6027al42-smd.png\" alt=\"Respuesta de frecuencia t\u00edpica\" width=\"591\" height=\"206\" srcset=\"https:\/\/ecmicrophones.com\/wp-content\/uploads\/2024\/07\/typical-frequency-response_ecm-b6027al42-smd.png 591w, https:\/\/ecmicrophones.com\/wp-content\/uploads\/2024\/07\/typical-frequency-response_ecm-b6027al42-smd-300x105.png 300w, https:\/\/ecmicrophones.com\/wp-content\/uploads\/2024\/07\/typical-frequency-response_ecm-b6027al42-smd-18x6.png 18w\" sizes=\"auto, (max-width: 591px) 100vw, 591px\" \/><\/p>\n<p>La respuesta en frecuencia abarca de 50 Hz a 16 kHz. La curva es plana en su mayor parte, aumenta a partir de 4 kHz y disminuye gradualmente cerca de 14 kHz.<\/p>\n<h3 class=\"pt-5 text-start\">Dimensiones (UNIDAD: mm)<\/h3>\n<p><img loading=\"lazy\" decoding=\"async\" class=\"alignnone size-full wp-image-1660\" src=\"https:\/\/ecmicrophones.com\/wp-content\/uploads\/2024\/07\/appearance-dimension_ecm-b6027al42-smd.png\" alt=\"Dimensi\u00f3n de apariencia\" width=\"560\" height=\"549\" srcset=\"https:\/\/ecmicrophones.com\/wp-content\/uploads\/2024\/07\/appearance-dimension_ecm-b6027al42-smd.png 560w, https:\/\/ecmicrophones.com\/wp-content\/uploads\/2024\/07\/appearance-dimension_ecm-b6027al42-smd-300x294.png 300w, https:\/\/ecmicrophones.com\/wp-content\/uploads\/2024\/07\/appearance-dimension_ecm-b6027al42-smd-12x12.png 12w\" sizes=\"auto, (max-width: 560px) 100vw, 560px\" \/><\/p>\n<p>Di\u00e1metro: 6 mm; altura: 2,7 mm. Micr\u00f3fono de condensador electret de superficie.<\/p>","protected":false},"excerpt":{"rendered":"<p>El ECM-B6027AL42-SMD es una c\u00e1psula de micr\u00f3fono SMD omnidireccional de 6 \u00d7 2,7 mm para altavoces inteligentes. Tiene una sensibilidad de -42 dB \u00b1 2 y una relaci\u00f3n se\u00f1al\/ruido de 58 dB, lo que garantiza un rendimiento confiable en entornos compactos y con limitaciones de espacio.<\/p>","protected":false},"featured_media":2437,"comment_status":"open","ping_status":"closed","template":"","meta":[],"product_brand":[721],"product_cat":[18],"product_tag":[283,229],"class_list":{"0":"post-1659","1":"product","2":"type-product","3":"status-publish","4":"has-post-thumbnail","6":"product_brand-ecmic","7":"product_cat-smd-microphones","8":"product_tag-6mm","9":"product_tag-equipment","11":"first","12":"instock","13":"shipping-taxable","14":"purchasable","15":"product-type-simple"},"_links":{"self":[{"href":"https:\/\/ecmicrophones.com\/es\/wp-json\/wp\/v2\/product\/1659","targetHints":{"allow":["GET"]}}],"collection":[{"href":"https:\/\/ecmicrophones.com\/es\/wp-json\/wp\/v2\/product"}],"about":[{"href":"https:\/\/ecmicrophones.com\/es\/wp-json\/wp\/v2\/types\/product"}],"replies":[{"embeddable":true,"href":"https:\/\/ecmicrophones.com\/es\/wp-json\/wp\/v2\/comments?post=1659"}],"wp:featuredmedia":[{"embeddable":true,"href":"https:\/\/ecmicrophones.com\/es\/wp-json\/wp\/v2\/media\/2437"}],"wp:attachment":[{"href":"https:\/\/ecmicrophones.com\/es\/wp-json\/wp\/v2\/media?parent=1659"}],"wp:term":[{"taxonomy":"product_brand","embeddable":true,"href":"https:\/\/ecmicrophones.com\/es\/wp-json\/wp\/v2\/product_brand?post=1659"},{"taxonomy":"product_cat","embeddable":true,"href":"https:\/\/ecmicrophones.com\/es\/wp-json\/wp\/v2\/product_cat?post=1659"},{"taxonomy":"product_tag","embeddable":true,"href":"https:\/\/ecmicrophones.com\/es\/wp-json\/wp\/v2\/product_tag?post=1659"}],"curies":[{"name":"wp","href":"https:\/\/api.w.org\/{rel}","templated":true}]}}