{"id":166,"date":"2024-03-27T11:50:35","date_gmt":"2024-03-27T11:50:35","guid":{"rendered":"https:\/\/ecmicrophones.com\/?post_type=product&#038;p=166"},"modified":"2026-03-19T15:42:25","modified_gmt":"2026-03-19T07:42:25","slug":"robot-microphone-capsule-electret-6mm","status":"publish","type":"product","link":"https:\/\/ecmicrophones.com\/es\/robot-microphone-capsule-electret-6mm\/","title":{"rendered":"C\u00e1psula de micr\u00f3fono electret robot de 6 mm con clavijas"},"content":{"rendered":"<h2 class=\"text-start\">Especificaciones t\u00e9cnicas<\/h2>\n<p class=\"text-start\">El cabezal de micr\u00f3fono omnidireccional de 6027 pines ofrece una sensibilidad excepcional y una relaci\u00f3n se\u00f1al\/ruido notable. Con su dise\u00f1o de doble capacitor interno, ofrece una calidad de audio superior.<\/p>\n<h3 class=\"pt-5 text-start\">Circuito de prueba est\u00e1ndar<\/h3>\n<p><img loading=\"lazy\" decoding=\"async\" class=\"alignnone size-full wp-image-294\" src=\"https:\/\/ecmicrophones.com\/wp-content\/uploads\/2024\/03\/standard-test-circuit_ecm-b6027ap2.8-30rc.png\" alt=\"ECM-B6027AP2.8-30RC Circuito de prueba est\u00e1ndar: 2,2k\u03a9 de polarizaci\u00f3n, 2V de alimentaci\u00f3n, 1\u03bcF de salida.\" width=\"551\" height=\"228\" srcset=\"https:\/\/ecmicrophones.com\/wp-content\/uploads\/2024\/03\/standard-test-circuit_ecm-b6027ap2.8-30rc.png 551w, https:\/\/ecmicrophones.com\/wp-content\/uploads\/2024\/03\/standard-test-circuit_ecm-b6027ap2.8-30rc-300x124.png 300w, https:\/\/ecmicrophones.com\/wp-content\/uploads\/2024\/03\/standard-test-circuit_ecm-b6027ap2.8-30rc-18x7.png 18w\" sizes=\"auto, (max-width: 551px) 100vw, 551px\" \/><\/p>\n<p>Circuito de prueba con resistencia de polarizaci\u00f3n de 2,2k\u03a9, alimentaci\u00f3n de 2V CC y condensador de acoplamiento de 1\u03bcF.<\/p>\n<h3 class=\"pt-5 text-start\">Respuesta de frecuencia t\u00edpica<\/h3>\n<p><img loading=\"lazy\" decoding=\"async\" class=\"alignnone size-full wp-image-295\" src=\"https:\/\/ecmicrophones.com\/wp-content\/uploads\/2024\/03\/typical-frequency-response_ecm-b6027ap2.8-30rc.png\" alt=\"ECM-B6027AP2.8-30RC Curva de respuesta en frecuencia\" width=\"397\" height=\"284\" srcset=\"https:\/\/ecmicrophones.com\/wp-content\/uploads\/2024\/03\/typical-frequency-response_ecm-b6027ap2.8-30rc.png 397w, https:\/\/ecmicrophones.com\/wp-content\/uploads\/2024\/03\/typical-frequency-response_ecm-b6027ap2.8-30rc-300x215.png 300w, https:\/\/ecmicrophones.com\/wp-content\/uploads\/2024\/03\/typical-frequency-response_ecm-b6027ap2.8-30rc-18x12.png 18w\" sizes=\"auto, (max-width: 397px) 100vw, 397px\" \/><\/p>\n<p>La respuesta en frecuencia es relativamente suave y estable de 50 Hz a 8 kHz, seguida de una ca\u00edda gradual por encima de 8 kHz.<\/p>\n<h3 class=\"pt-5 text-start\">Dimensiones (UNIDAD: mm)<\/h3>\n<p><img loading=\"lazy\" decoding=\"async\" class=\"alignnone size-full wp-image-296\" src=\"https:\/\/ecmicrophones.com\/wp-content\/uploads\/2024\/03\/appearance-dimension_ecm-b6027ap2.8-30rc.png\" alt=\"Dimensiones de ECM-B6027AP2.8-30RC: \u03a66\u00d72.7mm\" width=\"532\" height=\"443\" srcset=\"https:\/\/ecmicrophones.com\/wp-content\/uploads\/2024\/03\/appearance-dimension_ecm-b6027ap2.8-30rc.png 532w, https:\/\/ecmicrophones.com\/wp-content\/uploads\/2024\/03\/appearance-dimension_ecm-b6027ap2.8-30rc-300x250.png 300w, https:\/\/ecmicrophones.com\/wp-content\/uploads\/2024\/03\/appearance-dimension_ecm-b6027ap2.8-30rc-14x12.png 14w\" sizes=\"auto, (max-width: 532px) 100vw, 532px\" \/><\/p>\n<p>C\u00e1psula compacta de \u03a66 \u00d7 2,7 mm, con malla frontal antipolvo y parte posterior sellada sin aberturas. Equipada con clavijas de 2,8 mm, con una separaci\u00f3n de 1,9 mm.<\/p>","protected":false},"excerpt":{"rendered":"<p>La ECM-B6027AP2.8-30RC es una c\u00e1psula de micr\u00f3fono electret omnidireccional de 6 x 2,7 mm con 2 pines, una sensibilidad de -30 dB \u00b1 2 y una relaci\u00f3n se\u00f1al-ruido de 74 dB, perfecta para robots inteligentes y captaci\u00f3n de equipos para exteriores.<\/p>","protected":false},"featured_media":2568,"comment_status":"open","ping_status":"closed","template":"","meta":[],"product_brand":[721],"product_cat":[16,20],"product_tag":[283,229,291],"class_list":{"0":"post-166","1":"product","2":"type-product","3":"status-publish","4":"has-post-thumbnail","6":"product_brand-ecmic","7":"product_cat-electret-microphones","8":"product_cat-omnidirectional-microphones","9":"product_tag-6mm","10":"product_tag-equipment","11":"product_tag-pin-type","13":"first","14":"instock","15":"shipping-taxable","16":"purchasable","17":"product-type-simple"},"_links":{"self":[{"href":"https:\/\/ecmicrophones.com\/es\/wp-json\/wp\/v2\/product\/166","targetHints":{"allow":["GET"]}}],"collection":[{"href":"https:\/\/ecmicrophones.com\/es\/wp-json\/wp\/v2\/product"}],"about":[{"href":"https:\/\/ecmicrophones.com\/es\/wp-json\/wp\/v2\/types\/product"}],"replies":[{"embeddable":true,"href":"https:\/\/ecmicrophones.com\/es\/wp-json\/wp\/v2\/comments?post=166"}],"wp:featuredmedia":[{"embeddable":true,"href":"https:\/\/ecmicrophones.com\/es\/wp-json\/wp\/v2\/media\/2568"}],"wp:attachment":[{"href":"https:\/\/ecmicrophones.com\/es\/wp-json\/wp\/v2\/media?parent=166"}],"wp:term":[{"taxonomy":"product_brand","embeddable":true,"href":"https:\/\/ecmicrophones.com\/es\/wp-json\/wp\/v2\/product_brand?post=166"},{"taxonomy":"product_cat","embeddable":true,"href":"https:\/\/ecmicrophones.com\/es\/wp-json\/wp\/v2\/product_cat?post=166"},{"taxonomy":"product_tag","embeddable":true,"href":"https:\/\/ecmicrophones.com\/es\/wp-json\/wp\/v2\/product_tag?post=166"}],"curies":[{"name":"wp","href":"https:\/\/api.w.org\/{rel}","templated":true}]}}