{"id":1677,"date":"2024-07-24T14:52:52","date_gmt":"2024-07-24T06:52:52","guid":{"rendered":"https:\/\/ecmicrophones.com\/?post_type=product&#038;p=1677"},"modified":"2026-03-19T15:19:56","modified_gmt":"2026-03-19T07:19:56","slug":"4mm-electret-condenser-microphone-element-with-leads-for-omnidirectional-pickup","status":"publish","type":"product","link":"https:\/\/ecmicrophones.com\/es\/4mm-electret-condenser-microphone-element-with-leads-for-omnidirectional-pickup\/","title":{"rendered":"Elemento de micr\u00f3fono de condensador electret de 4 mm con cables para captaci\u00f3n omnidireccional"},"content":{"rendered":"<h2 class=\"text-start\">Especificaciones t\u00e9cnicas<\/h2>\n<p class=\"text-start\">El ECM-B4015AL38RC-L25 es una c\u00e1psula de micr\u00f3fono omnidireccional de 4 mm que se suministra con cables preconectados de 25 mm, lo que ofrece una mayor flexibilidad y comodidad para su integraci\u00f3n en una amplia gama de dispositivos de audio profesionales. Con un n\u00facleo de micr\u00f3fono de alta calidad fabricado a medida con tecnolog\u00eda de doble condensador, ofrece una resistencia superior a las interferencias, lo que garantiza un sonido claro y fiable en entornos ruidosos.<\/p>\n<p class=\"text-start\">Con una gama de frecuencias de 50 Hz a 16 kHz, la c\u00e1psula captura audio con una claridad excepcional. Su sensibilidad de -38dB y su relaci\u00f3n se\u00f1al\/ruido de 65dB la convierten en una opci\u00f3n excelente para aplicaciones de audio que exigen precisi\u00f3n, como equipos de radiodifusi\u00f3n, reconocimiento de voz y dispositivos de grabaci\u00f3n de alta calidad. Los cables alargados de 25 mm est\u00e1n dise\u00f1ados para dispositivos en los que se requiere una longitud de cableado adicional, proporcionando una mayor flexibilidad para diferentes configuraciones.<\/p>\n<h3 class=\"pt-5 text-start\">Circuito de prueba est\u00e1ndar<\/h3>\n<p><img loading=\"lazy\" decoding=\"async\" class=\"alignnone size-full wp-image-2075\" src=\"https:\/\/ecmicrophones.com\/wp-content\/uploads\/2024\/07\/standard-test-circuit_ecm-b4015al38rc-l25.png\" alt=\"Circuito de prueba est\u00e1ndar\" width=\"561\" height=\"245\" srcset=\"https:\/\/ecmicrophones.com\/wp-content\/uploads\/2024\/07\/standard-test-circuit_ecm-b4015al38rc-l25.png 561w, https:\/\/ecmicrophones.com\/wp-content\/uploads\/2024\/07\/standard-test-circuit_ecm-b4015al38rc-l25-300x131.png 300w, https:\/\/ecmicrophones.com\/wp-content\/uploads\/2024\/07\/standard-test-circuit_ecm-b4015al38rc-l25-18x8.png 18w\" sizes=\"auto, (max-width: 561px) 100vw, 561px\" \/><\/p>\n<p>Condiciones de prueba: RL = 2,2k\u03a9, Vs = 3V, C = 1\u03bcF<\/p>\n<h3 class=\"pt-5 text-start\">Respuesta de frecuencia t\u00edpica<\/h3>\n<p><img loading=\"lazy\" decoding=\"async\" class=\"alignnone size-full wp-image-2076\" src=\"https:\/\/ecmicrophones.com\/wp-content\/uploads\/2024\/07\/typical-frequency-response_ecm-b4015al38rc-l25.png\" alt=\"Respuesta de frecuencia t\u00edpica\" width=\"397\" height=\"284\" srcset=\"https:\/\/ecmicrophones.com\/wp-content\/uploads\/2024\/07\/typical-frequency-response_ecm-b4015al38rc-l25.png 397w, https:\/\/ecmicrophones.com\/wp-content\/uploads\/2024\/07\/typical-frequency-response_ecm-b4015al38rc-l25-300x215.png 300w, https:\/\/ecmicrophones.com\/wp-content\/uploads\/2024\/07\/typical-frequency-response_ecm-b4015al38rc-l25-18x12.png 18w\" sizes=\"auto, (max-width: 397px) 100vw, 397px\" \/><\/p>\n<p>La respuesta en frecuencia es plana de 50 Hz a 1 kHz, y luego disminuye gradualmente. La respuesta disminuye m\u00e1s bruscamente a partir de 2 kHz.<\/p>\n<h3 class=\"pt-5 text-start\">Dimensiones (UNIDAD: mm)<\/h3>\n<p><img loading=\"lazy\" decoding=\"async\" class=\"alignnone size-full wp-image-2077\" src=\"https:\/\/ecmicrophones.com\/wp-content\/uploads\/2024\/07\/appearance-dimension_ecm-b4015al38rc-l25.png\" alt=\"Dimensi\u00f3n de apariencia\" width=\"491\" height=\"465\" srcset=\"https:\/\/ecmicrophones.com\/wp-content\/uploads\/2024\/07\/appearance-dimension_ecm-b4015al38rc-l25.png 491w, https:\/\/ecmicrophones.com\/wp-content\/uploads\/2024\/07\/appearance-dimension_ecm-b4015al38rc-l25-300x284.png 300w, https:\/\/ecmicrophones.com\/wp-content\/uploads\/2024\/07\/appearance-dimension_ecm-b4015al38rc-l25-13x12.png 13w\" sizes=\"auto, (max-width: 491px) 100vw, 491px\" \/><\/p>\n<p>La c\u00e1psula mide 4 mm de di\u00e1metro y 1,5 mm de altura. Presenta una malla antipolvo delantera sin puerto ac\u00fastico trasero. Esta versi\u00f3n tiene un hilo de soldadura paralelo de 25 mm.<\/p>","protected":false},"excerpt":{"rendered":"<p>C\u00e1psula de micr\u00f3fono omnidireccional de alto rendimiento con cables preconectados de 25 mm, dise\u00f1ada para aplicaciones profesionales que requieren una captura de audio fiable y de alta calidad. Consulte nuestro <a href=\"https:\/\/ecmicrophones.com\/es\/4mm-omnidirectional-miniature-electret-microphone-capsule\/\">sin plomo<\/a> o <a href=\"https:\/\/ecmicrophones.com\/es\/4mm-electret-lavalier-microphone-capsule-for-clear-sound\/\">Plomo de 10 mm<\/a> para opciones alternativas.<\/p>","protected":false},"featured_media":2714,"comment_status":"open","ping_status":"closed","template":"","meta":[],"product_brand":[721],"product_cat":[20,16],"product_tag":[284,229,290],"class_list":{"0":"post-1677","1":"product","2":"type-product","3":"status-publish","4":"has-post-thumbnail","6":"product_brand-ecmic","7":"product_cat-omnidirectional-microphones","8":"product_cat-electret-microphones","9":"product_tag-4mm","10":"product_tag-equipment","11":"product_tag-wire-leads","13":"first","14":"instock","15":"shipping-taxable","16":"purchasable","17":"product-type-simple"},"_links":{"self":[{"href":"https:\/\/ecmicrophones.com\/es\/wp-json\/wp\/v2\/product\/1677","targetHints":{"allow":["GET"]}}],"collection":[{"href":"https:\/\/ecmicrophones.com\/es\/wp-json\/wp\/v2\/product"}],"about":[{"href":"https:\/\/ecmicrophones.com\/es\/wp-json\/wp\/v2\/types\/product"}],"replies":[{"embeddable":true,"href":"https:\/\/ecmicrophones.com\/es\/wp-json\/wp\/v2\/comments?post=1677"}],"wp:featuredmedia":[{"embeddable":true,"href":"https:\/\/ecmicrophones.com\/es\/wp-json\/wp\/v2\/media\/2714"}],"wp:attachment":[{"href":"https:\/\/ecmicrophones.com\/es\/wp-json\/wp\/v2\/media?parent=1677"}],"wp:term":[{"taxonomy":"product_brand","embeddable":true,"href":"https:\/\/ecmicrophones.com\/es\/wp-json\/wp\/v2\/product_brand?post=1677"},{"taxonomy":"product_cat","embeddable":true,"href":"https:\/\/ecmicrophones.com\/es\/wp-json\/wp\/v2\/product_cat?post=1677"},{"taxonomy":"product_tag","embeddable":true,"href":"https:\/\/ecmicrophones.com\/es\/wp-json\/wp\/v2\/product_tag?post=1677"}],"curies":[{"name":"wp","href":"https:\/\/api.w.org\/{rel}","templated":true}]}}