{"id":1684,"date":"2024-07-24T17:40:03","date_gmt":"2024-07-24T09:40:03","guid":{"rendered":"https:\/\/ecmicrophones.com\/?post_type=product&#038;p=1684"},"modified":"2026-03-19T15:19:31","modified_gmt":"2026-03-19T07:19:31","slug":"6mm-small-diaphragm-microphone-capsule-for-instrument-recording","status":"publish","type":"product","link":"https:\/\/ecmicrophones.com\/es\/6mm-small-diaphragm-microphone-capsule-for-instrument-recording\/","title":{"rendered":"C\u00e1psula de micr\u00f3fono de diafragma peque\u00f1o de 6 mm para grabaci\u00f3n de instrumentos"},"content":{"rendered":"<h2 class=\"text-start\">Especificaciones t\u00e9cnicas<\/h2>\n<p class=\"text-start\">Nuestro cabezal de micr\u00f3fono omnidireccional 6027 ofrece una respuesta de frecuencia suave con alta sensibilidad, una alta relaci\u00f3n se\u00f1al-ruido y una excelente fidelidad.<\/p>\n<h3 class=\"pt-5 text-start\">Circuito de prueba est\u00e1ndar<\/h3>\n<p> <img loading=\"lazy\" decoding=\"async\" class=\"alignnone size-full wp-image-1695\" src=\"https:\/\/ecmicrophones.com\/wp-content\/uploads\/2024\/07\/standard-test-circuit_ecm-b6027al30-331.png\" alt=\"Circuito de prueba est\u00e1ndar\" width=\"625\" height=\"278\" srcset=\"https:\/\/ecmicrophones.com\/wp-content\/uploads\/2024\/07\/standard-test-circuit_ecm-b6027al30-331.png 625w, https:\/\/ecmicrophones.com\/wp-content\/uploads\/2024\/07\/standard-test-circuit_ecm-b6027al30-331-300x133.png 300w, https:\/\/ecmicrophones.com\/wp-content\/uploads\/2024\/07\/standard-test-circuit_ecm-b6027al30-331-18x8.png 18w, https:\/\/ecmicrophones.com\/wp-content\/uploads\/2024\/07\/standard-test-circuit_ecm-b6027al30-331-600x267.png 600w\" sizes=\"auto, (max-width: 625px) 100vw, 625px\" \/> <\/p>\n<p>Condiciones de prueba: RL = 2,2k\u03a9, Vs = 2V, C = 1\u03bcF<\/p>\n<h3 class=\"pt-5 text-start\">Respuesta de frecuencia t\u00edpica<\/h3>\n<p> <img loading=\"lazy\" decoding=\"async\" class=\"alignnone size-full wp-image-1696\" src=\"https:\/\/ecmicrophones.com\/wp-content\/uploads\/2024\/07\/typical-frequency-response_ecm-b6027al30-331.png\" alt=\"Respuesta de frecuencia t\u00edpica\" width=\"629\" height=\"448\" srcset=\"https:\/\/ecmicrophones.com\/wp-content\/uploads\/2024\/07\/typical-frequency-response_ecm-b6027al30-331.png 629w, https:\/\/ecmicrophones.com\/wp-content\/uploads\/2024\/07\/typical-frequency-response_ecm-b6027al30-331-300x214.png 300w, https:\/\/ecmicrophones.com\/wp-content\/uploads\/2024\/07\/typical-frequency-response_ecm-b6027al30-331-18x12.png 18w, https:\/\/ecmicrophones.com\/wp-content\/uploads\/2024\/07\/typical-frequency-response_ecm-b6027al30-331-600x427.png 600w\" sizes=\"auto, (max-width: 629px) 100vw, 629px\" \/> <\/p>\n<p>La respuesta en frecuencia va de 50 Hz a 20 kHz. La curva se mantiene plana en las frecuencias bajas y medias, y aumenta en la regi\u00f3n de frecuencias altas antes de reducirse gradualmente.<\/p>\n<h3 class=\"pt-5 text-start\">Dimensiones (UNIDAD: mm)<\/h3>\n<p> <img loading=\"lazy\" decoding=\"async\" class=\"alignnone size-full wp-image-1694\" src=\"https:\/\/ecmicrophones.com\/wp-content\/uploads\/2024\/07\/appearance-dimension_ecm-b6027al30-331.png\" alt=\"Dimensi\u00f3n de apariencia\" width=\"396\" height=\"488\" srcset=\"https:\/\/ecmicrophones.com\/wp-content\/uploads\/2024\/07\/appearance-dimension_ecm-b6027al30-331.png 396w, https:\/\/ecmicrophones.com\/wp-content\/uploads\/2024\/07\/appearance-dimension_ecm-b6027al30-331-243x300.png 243w, https:\/\/ecmicrophones.com\/wp-content\/uploads\/2024\/07\/appearance-dimension_ecm-b6027al30-331-10x12.png 10w\" sizes=\"auto, (max-width: 396px) 100vw, 396px\" \/> <\/p>\n<p>La c\u00e1psula mide 6 mm de di\u00e1metro y 2,7 mm de altura. La parte delantera presenta una malla antipolvo, mientras que la trasera est\u00e1 totalmente sellada sin puerto ac\u00fastico.<\/p>","protected":false},"excerpt":{"rendered":"<p>El ECM-B6027AL30-331 es una c\u00e1psula de micr\u00f3fono omnidireccional de 6 \u00d7 2,7 mm ideal para la grabaci\u00f3n de instrumentos. Presenta una sensibilidad de -30 dB \u00b1 2 y una relaci\u00f3n se\u00f1al\/ruido de 70 dB, lo que garantiza una excelente claridad y consistencia del audio. Este micr\u00f3fono captura el sonido desde todas las direcciones, lo que lo hace adecuado para la grabaci\u00f3n de alta calidad de varios instrumentos musicales.<\/p>","protected":false},"featured_media":2721,"comment_status":"open","ping_status":"closed","template":"","meta":[],"product_brand":[721],"product_cat":[16,20],"product_tag":[283,111,288],"class_list":{"0":"post-1684","1":"product","2":"type-product","3":"status-publish","4":"has-post-thumbnail","6":"product_brand-ecmic","7":"product_cat-electret-microphones","8":"product_cat-omnidirectional-microphones","9":"product_tag-6mm","10":"product_tag-instrument","11":"product_tag-solder-pads","13":"first","14":"instock","15":"shipping-taxable","16":"purchasable","17":"product-type-simple"},"_links":{"self":[{"href":"https:\/\/ecmicrophones.com\/es\/wp-json\/wp\/v2\/product\/1684","targetHints":{"allow":["GET"]}}],"collection":[{"href":"https:\/\/ecmicrophones.com\/es\/wp-json\/wp\/v2\/product"}],"about":[{"href":"https:\/\/ecmicrophones.com\/es\/wp-json\/wp\/v2\/types\/product"}],"replies":[{"embeddable":true,"href":"https:\/\/ecmicrophones.com\/es\/wp-json\/wp\/v2\/comments?post=1684"}],"wp:featuredmedia":[{"embeddable":true,"href":"https:\/\/ecmicrophones.com\/es\/wp-json\/wp\/v2\/media\/2721"}],"wp:attachment":[{"href":"https:\/\/ecmicrophones.com\/es\/wp-json\/wp\/v2\/media?parent=1684"}],"wp:term":[{"taxonomy":"product_brand","embeddable":true,"href":"https:\/\/ecmicrophones.com\/es\/wp-json\/wp\/v2\/product_brand?post=1684"},{"taxonomy":"product_cat","embeddable":true,"href":"https:\/\/ecmicrophones.com\/es\/wp-json\/wp\/v2\/product_cat?post=1684"},{"taxonomy":"product_tag","embeddable":true,"href":"https:\/\/ecmicrophones.com\/es\/wp-json\/wp\/v2\/product_tag?post=1684"}],"curies":[{"name":"wp","href":"https:\/\/api.w.org\/{rel}","templated":true}]}}