{"id":1685,"date":"2024-07-24T17:52:52","date_gmt":"2024-07-24T09:52:52","guid":{"rendered":"https:\/\/ecmicrophones.com\/?post_type=product&#038;p=1685"},"modified":"2026-04-01T11:16:57","modified_gmt":"2026-04-01T03:16:57","slug":"6mm-high-sensitivity-microphone-element-with-pins-for-conference-systems","status":"publish","type":"product","link":"https:\/\/ecmicrophones.com\/es\/6mm-high-sensitivity-microphone-element-with-pins-for-conference-systems\/","title":{"rendered":"Elemento de micr\u00f3fono de alta sensibilidad de 6 mm con clavijas para sistemas de conferencias"},"content":{"rendered":"<h2 class=\"text-start\">Especificaciones t\u00e9cnicas<\/h2>\n<p class=\"text-start\">Nuestro cabezal de micr\u00f3fono de 6027 pines ofrece alta sensibilidad, lo que garantiza una captura de audio clara y precisa.<\/p>\n<h3 class=\"pt-5 text-start\">Circuito de prueba est\u00e1ndar<\/h3>\n<p><img loading=\"lazy\" decoding=\"async\" class=\"alignnone size-full wp-image-1693\" src=\"https:\/\/ecmicrophones.com\/wp-content\/uploads\/2024\/07\/standard-test-circuit_ecm-b6027ap25-382.png\" alt=\"Circuito de prueba est\u00e1ndar\" width=\"554\" height=\"257\" srcset=\"https:\/\/ecmicrophones.com\/wp-content\/uploads\/2024\/07\/standard-test-circuit_ecm-b6027ap25-382.png 554w, https:\/\/ecmicrophones.com\/wp-content\/uploads\/2024\/07\/standard-test-circuit_ecm-b6027ap25-382-300x139.png 300w, https:\/\/ecmicrophones.com\/wp-content\/uploads\/2024\/07\/standard-test-circuit_ecm-b6027ap25-382-18x8.png 18w\" sizes=\"auto, (max-width: 554px) 100vw, 554px\" \/><\/p>\n<p>Condiciones de prueba: RL = 2,2k\u03a9, Vs = 3V, C = 1\u03bcF<\/p>\n<h3 class=\"pt-5 text-start\">Respuesta de frecuencia t\u00edpica<\/h3>\n<p><img loading=\"lazy\" decoding=\"async\" class=\"alignnone size-full wp-image-1691\" src=\"https:\/\/ecmicrophones.com\/wp-content\/uploads\/2024\/07\/typical-frequency-response_ecm-b6027ap25-382.png\" alt=\"Respuesta de frecuencia t\u00edpica\" width=\"620\" height=\"444\" srcset=\"https:\/\/ecmicrophones.com\/wp-content\/uploads\/2024\/07\/typical-frequency-response_ecm-b6027ap25-382.png 620w, https:\/\/ecmicrophones.com\/wp-content\/uploads\/2024\/07\/typical-frequency-response_ecm-b6027ap25-382-300x215.png 300w, https:\/\/ecmicrophones.com\/wp-content\/uploads\/2024\/07\/typical-frequency-response_ecm-b6027ap25-382-18x12.png 18w, https:\/\/ecmicrophones.com\/wp-content\/uploads\/2024\/07\/typical-frequency-response_ecm-b6027ap25-382-600x430.png 600w\" sizes=\"auto, (max-width: 620px) 100vw, 620px\" \/><\/p>\n<p>La respuesta en frecuencia va de 50 Hz a 20 kHz. La curva se mantiene relativamente plana hasta alrededor de 2 kHz, tras lo cual disminuye gradualmente hacia las frecuencias m\u00e1s altas.<\/p>\n<h3 class=\"pt-5 text-start\">Dimensiones (UNIDAD: mm)<\/h3>\n<p><img loading=\"lazy\" decoding=\"async\" class=\"alignnone size-full wp-image-1692\" src=\"https:\/\/ecmicrophones.com\/wp-content\/uploads\/2024\/07\/appearance-dimension_ecm-b6027ap25-382.png\" alt=\"Dimensi\u00f3n de apariencia\" width=\"489\" height=\"417\" srcset=\"https:\/\/ecmicrophones.com\/wp-content\/uploads\/2024\/07\/appearance-dimension_ecm-b6027ap25-382.png 489w, https:\/\/ecmicrophones.com\/wp-content\/uploads\/2024\/07\/appearance-dimension_ecm-b6027ap25-382-300x256.png 300w, https:\/\/ecmicrophones.com\/wp-content\/uploads\/2024\/07\/appearance-dimension_ecm-b6027ap25-382-14x12.png 14w\" sizes=\"auto, (max-width: 489px) 100vw, 489px\" \/><\/p>\n<p>La c\u00e1psula mide 6 mm de di\u00e1metro y 2,7 mm de altura. La parte delantera est\u00e1 equipada con una malla antipolvo, y la trasera no tiene abertura ac\u00fastica. Incorpora patillas de soldadura de 2,8 mm para montaje en PCB, con una separaci\u00f3n de 1,9 mm.<\/p>","protected":false},"excerpt":{"rendered":"<p>La ECM-B6027AP25-382 es una c\u00e1psula de micr\u00f3fono omnidireccional de 6 \u00d7 2,7 mm, ideal para micr\u00f3fonos de conferencia. Presenta una sensibilidad de -25 dB\u00b12 y una relaci\u00f3n se\u00f1al\/ruido de 60 dB, lo que garantiza una calidad de audio clara y uniforme. Esta c\u00e1psula est\u00e1 dise\u00f1ada para captar el sonido desde todas las direcciones, por lo que es perfecta para captar voces en entornos de conferencia.<\/p>","protected":false},"featured_media":2724,"comment_status":"open","ping_status":"closed","template":"","meta":[],"product_brand":[721],"product_cat":[16,20],"product_tag":[283,235,291],"class_list":{"0":"post-1685","1":"product","2":"type-product","3":"status-publish","4":"has-post-thumbnail","6":"product_brand-ecmic","7":"product_cat-electret-microphones","8":"product_cat-omnidirectional-microphones","9":"product_tag-6mm","10":"product_tag-conference","11":"product_tag-pin-type","13":"first","14":"instock","15":"shipping-taxable","16":"purchasable","17":"product-type-simple"},"_links":{"self":[{"href":"https:\/\/ecmicrophones.com\/es\/wp-json\/wp\/v2\/product\/1685","targetHints":{"allow":["GET"]}}],"collection":[{"href":"https:\/\/ecmicrophones.com\/es\/wp-json\/wp\/v2\/product"}],"about":[{"href":"https:\/\/ecmicrophones.com\/es\/wp-json\/wp\/v2\/types\/product"}],"replies":[{"embeddable":true,"href":"https:\/\/ecmicrophones.com\/es\/wp-json\/wp\/v2\/comments?post=1685"}],"wp:featuredmedia":[{"embeddable":true,"href":"https:\/\/ecmicrophones.com\/es\/wp-json\/wp\/v2\/media\/2724"}],"wp:attachment":[{"href":"https:\/\/ecmicrophones.com\/es\/wp-json\/wp\/v2\/media?parent=1685"}],"wp:term":[{"taxonomy":"product_brand","embeddable":true,"href":"https:\/\/ecmicrophones.com\/es\/wp-json\/wp\/v2\/product_brand?post=1685"},{"taxonomy":"product_cat","embeddable":true,"href":"https:\/\/ecmicrophones.com\/es\/wp-json\/wp\/v2\/product_cat?post=1685"},{"taxonomy":"product_tag","embeddable":true,"href":"https:\/\/ecmicrophones.com\/es\/wp-json\/wp\/v2\/product_tag?post=1685"}],"curies":[{"name":"wp","href":"https:\/\/api.w.org\/{rel}","templated":true}]}}