{"id":1687,"date":"2024-07-24T18:07:30","date_gmt":"2024-07-24T10:07:30","guid":{"rendered":"https:\/\/ecmicrophones.com\/?post_type=product&#038;p=1687"},"modified":"2026-03-19T15:18:55","modified_gmt":"2026-03-19T07:18:55","slug":"6mm-bidirectional-microphone-element-for-headset-mics","status":"publish","type":"product","link":"https:\/\/ecmicrophones.com\/es\/6mm-bidirectional-microphone-element-for-headset-mics\/","title":{"rendered":"Elemento de micr\u00f3fono bidireccional de 6 mm para micr\u00f3fonos de diadema"},"content":{"rendered":"<h2 class=\"text-start\">Especificaciones t\u00e9cnicas<\/h2>\n<p class=\"text-start\">Nuestro cabezal de micr\u00f3fono 6027 presenta un bajo ruido de fondo y una resistencia efectiva a las interferencias.<\/p>\n<h3 class=\"pt-5 text-start\">Circuito de prueba est\u00e1ndar<\/h3>\n<p><img loading=\"lazy\" decoding=\"async\" class=\"alignnone size-full wp-image-1689\" src=\"https:\/\/ecmicrophones.com\/wp-content\/uploads\/2024\/07\/standard-test-circuit_ecm-b6027nl50-y504-223.png\" alt=\"Circuito de prueba est\u00e1ndar\" width=\"618\" height=\"279\" srcset=\"https:\/\/ecmicrophones.com\/wp-content\/uploads\/2024\/07\/standard-test-circuit_ecm-b6027nl50-y504-223.png 618w, https:\/\/ecmicrophones.com\/wp-content\/uploads\/2024\/07\/standard-test-circuit_ecm-b6027nl50-y504-223-300x135.png 300w, https:\/\/ecmicrophones.com\/wp-content\/uploads\/2024\/07\/standard-test-circuit_ecm-b6027nl50-y504-223-18x8.png 18w, https:\/\/ecmicrophones.com\/wp-content\/uploads\/2024\/07\/standard-test-circuit_ecm-b6027nl50-y504-223-600x271.png 600w\" sizes=\"auto, (max-width: 618px) 100vw, 618px\" \/><\/p>\n<p>Condiciones de prueba: RL = 2,2k\u03a9, Vs = 2V, C = 1\u03bcF<\/p>\n<h3 class=\"pt-5 text-start\">Respuesta de frecuencia t\u00edpica<\/h3>\n<p><img loading=\"lazy\" decoding=\"async\" class=\"alignnone size-full wp-image-1690\" src=\"https:\/\/ecmicrophones.com\/wp-content\/uploads\/2024\/07\/typical-frequency-response_ecm-b6027nl50-y504-223.png\" alt=\"Respuesta de frecuencia t\u00edpica\" width=\"616\" height=\"328\" srcset=\"https:\/\/ecmicrophones.com\/wp-content\/uploads\/2024\/07\/typical-frequency-response_ecm-b6027nl50-y504-223.png 616w, https:\/\/ecmicrophones.com\/wp-content\/uploads\/2024\/07\/typical-frequency-response_ecm-b6027nl50-y504-223-300x160.png 300w, https:\/\/ecmicrophones.com\/wp-content\/uploads\/2024\/07\/typical-frequency-response_ecm-b6027nl50-y504-223-18x10.png 18w, https:\/\/ecmicrophones.com\/wp-content\/uploads\/2024\/07\/typical-frequency-response_ecm-b6027nl50-y504-223-600x319.png 600w\" sizes=\"auto, (max-width: 616px) 100vw, 616px\" \/><\/p>\n<p>La respuesta en frecuencia va de 100 Hz a 12 kHz. Permanece plana desde 100 Hz hasta aproximadamente 1,5 kHz, luego aumenta gradualmente, alcanzando un pico cerca de 8 kHz antes de comenzar a disminuir a frecuencias m\u00e1s altas.<\/p>\n<h3 class=\"pt-5 text-start\">Dimensiones (UNIDAD: mm)<\/h3>\n<p><img loading=\"lazy\" decoding=\"async\" class=\"alignnone size-full wp-image-1688\" src=\"https:\/\/ecmicrophones.com\/wp-content\/uploads\/2024\/07\/appearance-dimension_ecm-b6027nl50-y504-223.png\" alt=\"Dimensi\u00f3n de apariencia\" width=\"588\" height=\"452\" srcset=\"https:\/\/ecmicrophones.com\/wp-content\/uploads\/2024\/07\/appearance-dimension_ecm-b6027nl50-y504-223.png 588w, https:\/\/ecmicrophones.com\/wp-content\/uploads\/2024\/07\/appearance-dimension_ecm-b6027nl50-y504-223-300x231.png 300w, https:\/\/ecmicrophones.com\/wp-content\/uploads\/2024\/07\/appearance-dimension_ecm-b6027nl50-y504-223-16x12.png 16w\" sizes=\"auto, (max-width: 588px) 100vw, 588px\" \/><\/p>\n<p>La c\u00e1psula mide 6 mm de di\u00e1metro y 2,7 mm de altura. La parte delantera presenta una malla antipolvo, mientras que la trasera incluye un puerto ac\u00fastico para la entrada de sonido.<\/p>","protected":false},"excerpt":{"rendered":"<p>La ECM-B6027NL50-Y504-223 es una c\u00e1psula de micr\u00f3fono bidireccional de 6 \u00d7 2,7 mm dise\u00f1ada para su uso en micr\u00f3fonos con auriculares. Tiene una sensibilidad de -50 dB \u00b1 2 y una relaci\u00f3n se\u00f1al\/ruido de 55 dB, lo que garantiza un rendimiento de audio confiable. Esta c\u00e1psula es ideal para capturar sonido enfocado en aplicaciones de intercomunicaci\u00f3n.<\/p>","protected":false},"featured_media":2726,"comment_status":"open","ping_status":"closed","template":"","meta":[],"product_brand":[721],"product_cat":[16,22],"product_tag":[283,109,288],"class_list":{"0":"post-1687","1":"product","2":"type-product","3":"status-publish","4":"has-post-thumbnail","6":"product_brand-ecmic","7":"product_cat-electret-microphones","8":"product_cat-bidirectional-microphones","9":"product_tag-6mm","10":"product_tag-intercom","11":"product_tag-solder-pads","13":"first","14":"instock","15":"shipping-taxable","16":"purchasable","17":"product-type-simple"},"_links":{"self":[{"href":"https:\/\/ecmicrophones.com\/es\/wp-json\/wp\/v2\/product\/1687","targetHints":{"allow":["GET"]}}],"collection":[{"href":"https:\/\/ecmicrophones.com\/es\/wp-json\/wp\/v2\/product"}],"about":[{"href":"https:\/\/ecmicrophones.com\/es\/wp-json\/wp\/v2\/types\/product"}],"replies":[{"embeddable":true,"href":"https:\/\/ecmicrophones.com\/es\/wp-json\/wp\/v2\/comments?post=1687"}],"wp:featuredmedia":[{"embeddable":true,"href":"https:\/\/ecmicrophones.com\/es\/wp-json\/wp\/v2\/media\/2726"}],"wp:attachment":[{"href":"https:\/\/ecmicrophones.com\/es\/wp-json\/wp\/v2\/media?parent=1687"}],"wp:term":[{"taxonomy":"product_brand","embeddable":true,"href":"https:\/\/ecmicrophones.com\/es\/wp-json\/wp\/v2\/product_brand?post=1687"},{"taxonomy":"product_cat","embeddable":true,"href":"https:\/\/ecmicrophones.com\/es\/wp-json\/wp\/v2\/product_cat?post=1687"},{"taxonomy":"product_tag","embeddable":true,"href":"https:\/\/ecmicrophones.com\/es\/wp-json\/wp\/v2\/product_tag?post=1687"}],"curies":[{"name":"wp","href":"https:\/\/api.w.org\/{rel}","templated":true}]}}