{"id":1709,"date":"2024-07-25T11:18:40","date_gmt":"2024-07-25T03:18:40","guid":{"rendered":"https:\/\/ecmicrophones.com\/?post_type=product&#038;p=1709"},"modified":"2026-03-19T15:18:45","modified_gmt":"2026-03-19T07:18:45","slug":"6mm-omnidirectional-microphone-element-for-document-cameras","status":"publish","type":"product","link":"https:\/\/ecmicrophones.com\/es\/6mm-omnidirectional-microphone-element-for-document-cameras\/","title":{"rendered":"Elemento de micr\u00f3fono omnidireccional de 6 mm para c\u00e1maras de documentos"},"content":{"rendered":"<h2 class=\"text-start\">Especificaciones t\u00e9cnicas<\/h2>\n<p class=\"text-start\">Nuestro cabezal de micr\u00f3fono 6027 es un micr\u00f3fono electret omnidireccional de tipo pin, dise\u00f1ado con condensadores dobles para una gran resistencia a las interferencias y reducci\u00f3n de ruido. Est\u00e1 fabricado con materiales ecol\u00f3gicos con certificaci\u00f3n ROHS, lo que garantiza tanto el rendimiento como la responsabilidad ambiental.<\/p>\n<h3 class=\"pt-5 text-start\">Circuito de prueba est\u00e1ndar<\/h3>\n<p><img loading=\"lazy\" decoding=\"async\" src=\"https:\/\/ecmicrophones.com\/wp-content\/uploads\/2024\/07\/standard-test-circuit_ecm-f6027ap-40.png\" alt=\"Circuito de prueba est\u00e1ndar\" width=\"539\" height=\"234\" class=\"alignnone size-full wp-image-1711\" srcset=\"https:\/\/ecmicrophones.com\/wp-content\/uploads\/2024\/07\/standard-test-circuit_ecm-f6027ap-40.png 539w, https:\/\/ecmicrophones.com\/wp-content\/uploads\/2024\/07\/standard-test-circuit_ecm-f6027ap-40-300x130.png 300w, https:\/\/ecmicrophones.com\/wp-content\/uploads\/2024\/07\/standard-test-circuit_ecm-f6027ap-40-18x8.png 18w\" sizes=\"auto, (max-width: 539px) 100vw, 539px\" \/> <\/p>\n<p>Probado en condiciones est\u00e1ndar con RL=2,2K\u03a9, VS=3V y C=1\u03bcF para una evaluaci\u00f3n coherente del rendimiento.<\/p>\n<h3 class=\"pt-5 text-start\">Respuesta de frecuencia t\u00edpica<\/h3>\n<p><img loading=\"lazy\" decoding=\"async\" src=\"https:\/\/ecmicrophones.com\/wp-content\/uploads\/2024\/07\/typical-frequency-response_ecm-f6027ap-40.png\" alt=\"Respuesta de frecuencia t\u00edpica\" width=\"628\" height=\"214\" class=\"alignnone size-full wp-image-1712\" srcset=\"https:\/\/ecmicrophones.com\/wp-content\/uploads\/2024\/07\/typical-frequency-response_ecm-f6027ap-40.png 628w, https:\/\/ecmicrophones.com\/wp-content\/uploads\/2024\/07\/typical-frequency-response_ecm-f6027ap-40-300x102.png 300w, https:\/\/ecmicrophones.com\/wp-content\/uploads\/2024\/07\/typical-frequency-response_ecm-f6027ap-40-18x6.png 18w, https:\/\/ecmicrophones.com\/wp-content\/uploads\/2024\/07\/typical-frequency-response_ecm-f6027ap-40-600x204.png 600w\" sizes=\"auto, (max-width: 628px) 100vw, 628px\" \/> <\/p>\n<p>Plano de 50 Hz a 3 kHz, aumentando gradualmente hasta un pico alrededor de 8 kHz, manteniendo una suave meseta hasta 10 kHz antes de un suave descenso hacia 16 kHz.<\/p>\n<h3 class=\"pt-5 text-start\">Dimensiones (UNIDAD: mm)<\/h3>\n<p><img loading=\"lazy\" decoding=\"async\" src=\"https:\/\/ecmicrophones.com\/wp-content\/uploads\/2024\/07\/appearance-dimension_ecm-f6027ap-40.png\" alt=\"Dimensi\u00f3n de apariencia\" width=\"638\" height=\"549\" class=\"alignnone size-full wp-image-1710\" srcset=\"https:\/\/ecmicrophones.com\/wp-content\/uploads\/2024\/07\/appearance-dimension_ecm-f6027ap-40.png 638w, https:\/\/ecmicrophones.com\/wp-content\/uploads\/2024\/07\/appearance-dimension_ecm-f6027ap-40-300x258.png 300w, https:\/\/ecmicrophones.com\/wp-content\/uploads\/2024\/07\/appearance-dimension_ecm-f6027ap-40-14x12.png 14w, https:\/\/ecmicrophones.com\/wp-content\/uploads\/2024\/07\/appearance-dimension_ecm-f6027ap-40-600x516.png 600w\" sizes=\"auto, (max-width: 638px) 100vw, 638px\" \/> <\/p>\n<p>La c\u00e1psula mide 6 mm de di\u00e1metro y 2,7 mm de altura, presenta una malla antipolvo frontal y una parte posterior s\u00f3lida sin puertos ac\u00fasticos. La c\u00e1psula tiene clavijas de 2,8 mm con una separaci\u00f3n de 1,9 mm.<\/p>","protected":false},"excerpt":{"rendered":"<p>El ECM-F6027AP-40 es una c\u00e1psula de micr\u00f3fono omnidireccional de 6 \u00d7 2,7 mm, ideal para una variedad de aplicaciones, incluidos auriculares Bluetooth, sistemas Bluetooth para autom\u00f3viles, c\u00e1maras de alta definici\u00f3n, parlantes Bluetooth, relojes inteligentes e intercomunicadores. Con una sensibilidad de -40 dB \u00b1 2 y una relaci\u00f3n se\u00f1al\/ruido de 60 dB, este micr\u00f3fono ofrece un audio claro y consistente en varios dispositivos.<\/p>","protected":false},"featured_media":2773,"comment_status":"open","ping_status":"closed","template":"","meta":[],"product_brand":[721],"product_cat":[16,20],"product_tag":[283,229,291],"class_list":{"0":"post-1709","1":"product","2":"type-product","3":"status-publish","4":"has-post-thumbnail","6":"product_brand-ecmic","7":"product_cat-electret-microphones","8":"product_cat-omnidirectional-microphones","9":"product_tag-6mm","10":"product_tag-equipment","11":"product_tag-pin-type","13":"first","14":"instock","15":"shipping-taxable","16":"purchasable","17":"product-type-simple"},"_links":{"self":[{"href":"https:\/\/ecmicrophones.com\/es\/wp-json\/wp\/v2\/product\/1709","targetHints":{"allow":["GET"]}}],"collection":[{"href":"https:\/\/ecmicrophones.com\/es\/wp-json\/wp\/v2\/product"}],"about":[{"href":"https:\/\/ecmicrophones.com\/es\/wp-json\/wp\/v2\/types\/product"}],"replies":[{"embeddable":true,"href":"https:\/\/ecmicrophones.com\/es\/wp-json\/wp\/v2\/comments?post=1709"}],"wp:featuredmedia":[{"embeddable":true,"href":"https:\/\/ecmicrophones.com\/es\/wp-json\/wp\/v2\/media\/2773"}],"wp:attachment":[{"href":"https:\/\/ecmicrophones.com\/es\/wp-json\/wp\/v2\/media?parent=1709"}],"wp:term":[{"taxonomy":"product_brand","embeddable":true,"href":"https:\/\/ecmicrophones.com\/es\/wp-json\/wp\/v2\/product_brand?post=1709"},{"taxonomy":"product_cat","embeddable":true,"href":"https:\/\/ecmicrophones.com\/es\/wp-json\/wp\/v2\/product_cat?post=1709"},{"taxonomy":"product_tag","embeddable":true,"href":"https:\/\/ecmicrophones.com\/es\/wp-json\/wp\/v2\/product_tag?post=1709"}],"curies":[{"name":"wp","href":"https:\/\/api.w.org\/{rel}","templated":true}]}}