{"id":1723,"date":"2024-07-25T17:56:03","date_gmt":"2024-07-25T09:56:03","guid":{"rendered":"https:\/\/ecmicrophones.com\/?post_type=product&#038;p=1723"},"modified":"2026-03-19T15:18:09","modified_gmt":"2026-03-19T07:18:09","slug":"6mm-omnidirectional-electret-lavalier-microphone-element-for-lapel-mics","status":"publish","type":"product","link":"https:\/\/ecmicrophones.com\/es\/6mm-omnidirectional-electret-lavalier-microphone-element-for-lapel-mics\/","title":{"rendered":"Elemento de micr\u00f3fono Electret Lavalier omnidireccional de 6 mm para micr\u00f3fonos de solapa"},"content":{"rendered":"<h2 class=\"text-start\">Especificaciones t\u00e9cnicas<\/h2>\n<p class=\"text-start\">Nuestra c\u00e1psula de micr\u00f3fono omnidireccional 6027 tiene condensadores duales integrados, lo que minimiza eficazmente las interferencias para una captura de audio clara y confiable. Dise\u00f1ada con materiales ecol\u00f3gicos, esta c\u00e1psula est\u00e1 certificada por las normas internacionales ROSH, lo que garantiza la calidad y la sostenibilidad.<\/p>\n<h3 class=\"pt-5 text-start\">Circuito de prueba est\u00e1ndar<\/h3>\n<p><img loading=\"lazy\" decoding=\"async\" class=\"alignnone size-full wp-image-1731\" src=\"https:\/\/ecmicrophones.com\/wp-content\/uploads\/2024\/07\/standard-test-circuit_ecm-f6027al48-sbc.png\" alt=\"Circuito de prueba est\u00e1ndar\" width=\"1080\" height=\"443\" \/><\/p>\n<p>Condiciones de prueba: Resistencia de carga (RL) = 2,2k\u03a9, Tensi\u00f3n de alimentaci\u00f3n (VS) = 3V, Condensador de acoplamiento (C) = 1\u03bcF.<\/p>\n<h3 class=\"pt-5 text-start\">Respuesta de frecuencia t\u00edpica<\/h3>\n<p><img loading=\"lazy\" decoding=\"async\" class=\"alignnone size-full wp-image-1732\" src=\"https:\/\/ecmicrophones.com\/wp-content\/uploads\/2024\/07\/typical-frequency-response_ecm-f6027al48-sbc.png\" alt=\"Respuesta de frecuencia t\u00edpica\" width=\"1080\" height=\"443\" srcset=\"https:\/\/ecmicrophones.com\/wp-content\/uploads\/2024\/07\/typical-frequency-response_ecm-f6027al48-sbc.png 1080w, https:\/\/ecmicrophones.com\/wp-content\/uploads\/2024\/07\/typical-frequency-response_ecm-f6027al48-sbc-300x123.png 300w, https:\/\/ecmicrophones.com\/wp-content\/uploads\/2024\/07\/typical-frequency-response_ecm-f6027al48-sbc-1024x420.png 1024w, https:\/\/ecmicrophones.com\/wp-content\/uploads\/2024\/07\/typical-frequency-response_ecm-f6027al48-sbc-768x315.png 768w, https:\/\/ecmicrophones.com\/wp-content\/uploads\/2024\/07\/typical-frequency-response_ecm-f6027al48-sbc-18x7.png 18w, https:\/\/ecmicrophones.com\/wp-content\/uploads\/2024\/07\/typical-frequency-response_ecm-f6027al48-sbc-600x246.png 600w\" sizes=\"auto, (max-width: 1080px) 100vw, 1080px\" \/><\/p>\n<p>La respuesta en frecuencia va de 20 Hz a 16 kHz. La curva se mantiene plana hasta alrededor de 8 kHz, luego muestra un ligero aumento entre 8 kHz y 10 kHz. Tras una suave ca\u00edda, vuelve a subir cerca de 13 kHz, a\u00f1adiendo un sutil brillo en el extremo agudo.<\/p>\n<h3 class=\"pt-5 text-start\">Dimensiones (UNIDAD: mm)<\/h3>\n<p><img loading=\"lazy\" decoding=\"async\" class=\"alignnone wp-image-1730 size-large\" src=\"https:\/\/ecmicrophones.com\/wp-content\/uploads\/2024\/07\/appearance-dimension_ecm-f6027al48-sbc-1024x349.png\" alt=\"Dimensi\u00f3n de apariencia\" width=\"1024\" height=\"349\" srcset=\"https:\/\/ecmicrophones.com\/wp-content\/uploads\/2024\/07\/appearance-dimension_ecm-f6027al48-sbc-1024x349.png 1024w, https:\/\/ecmicrophones.com\/wp-content\/uploads\/2024\/07\/appearance-dimension_ecm-f6027al48-sbc-300x102.png 300w, https:\/\/ecmicrophones.com\/wp-content\/uploads\/2024\/07\/appearance-dimension_ecm-f6027al48-sbc-768x261.png 768w, https:\/\/ecmicrophones.com\/wp-content\/uploads\/2024\/07\/appearance-dimension_ecm-f6027al48-sbc-18x6.png 18w, https:\/\/ecmicrophones.com\/wp-content\/uploads\/2024\/07\/appearance-dimension_ecm-f6027al48-sbc-600x204.png 600w, https:\/\/ecmicrophones.com\/wp-content\/uploads\/2024\/07\/appearance-dimension_ecm-f6027al48-sbc.png 1272w\" sizes=\"auto, (max-width: 1024px) 100vw, 1024px\" \/><\/p>\n<p>Di\u00e1metro: 6,0 mm; altura: 2,7 mm. La cara frontal presenta una malla antipolvo. La cara trasera est\u00e1 sellada, sin puerto de sonido.<\/p>","protected":false},"excerpt":{"rendered":"<p>La ECM-F6027AL48-SBC es una c\u00e1psula de micr\u00f3fono omnidireccional de 6 \u00d7 2,7 mm, perfecta para micr\u00f3fonos de solapa. Tiene una sensibilidad de -48 dB \u00b1 2 y una relaci\u00f3n se\u00f1al\/ruido de 58 dB, lo que garantiza una captura de audio clara y consistente en diversos entornos.<\/p>","protected":false},"featured_media":2762,"comment_status":"open","ping_status":"closed","template":"","meta":[],"product_brand":[721],"product_cat":[16,20],"product_tag":[283,235,288],"class_list":{"0":"post-1723","1":"product","2":"type-product","3":"status-publish","4":"has-post-thumbnail","6":"product_brand-ecmic","7":"product_cat-electret-microphones","8":"product_cat-omnidirectional-microphones","9":"product_tag-6mm","10":"product_tag-conference","11":"product_tag-solder-pads","13":"first","14":"instock","15":"shipping-taxable","16":"purchasable","17":"product-type-simple"},"_links":{"self":[{"href":"https:\/\/ecmicrophones.com\/es\/wp-json\/wp\/v2\/product\/1723","targetHints":{"allow":["GET"]}}],"collection":[{"href":"https:\/\/ecmicrophones.com\/es\/wp-json\/wp\/v2\/product"}],"about":[{"href":"https:\/\/ecmicrophones.com\/es\/wp-json\/wp\/v2\/types\/product"}],"replies":[{"embeddable":true,"href":"https:\/\/ecmicrophones.com\/es\/wp-json\/wp\/v2\/comments?post=1723"}],"wp:featuredmedia":[{"embeddable":true,"href":"https:\/\/ecmicrophones.com\/es\/wp-json\/wp\/v2\/media\/2762"}],"wp:attachment":[{"href":"https:\/\/ecmicrophones.com\/es\/wp-json\/wp\/v2\/media?parent=1723"}],"wp:term":[{"taxonomy":"product_brand","embeddable":true,"href":"https:\/\/ecmicrophones.com\/es\/wp-json\/wp\/v2\/product_brand?post=1723"},{"taxonomy":"product_cat","embeddable":true,"href":"https:\/\/ecmicrophones.com\/es\/wp-json\/wp\/v2\/product_cat?post=1723"},{"taxonomy":"product_tag","embeddable":true,"href":"https:\/\/ecmicrophones.com\/es\/wp-json\/wp\/v2\/product_tag?post=1723"}],"curies":[{"name":"wp","href":"https:\/\/api.w.org\/{rel}","templated":true}]}}