{"id":1725,"date":"2024-07-25T17:57:32","date_gmt":"2024-07-25T09:57:32","guid":{"rendered":"https:\/\/ecmicrophones.com\/?post_type=product&#038;p=1725"},"modified":"2026-03-19T15:17:44","modified_gmt":"2026-03-19T07:17:44","slug":"6mm-omnidirectional-electret-microphone-head-for-lavalier-mic","status":"publish","type":"product","link":"https:\/\/ecmicrophones.com\/es\/6mm-omnidirectional-electret-microphone-head-for-lavalier-mic\/","title":{"rendered":"Cabezal de micr\u00f3fono electret omnidireccional de 6 mm para micr\u00f3fono Lavalier"},"content":{"rendered":"<h2 class=\"text-start\">Especificaciones t\u00e9cnicas<\/h2>\n<p class=\"text-start\">Nuestra c\u00e1psula de micr\u00f3fono electret omnidireccional 6050 cuenta con capacitores dobles para una fuerte protecci\u00f3n contra interferencias. Fabricada con materiales ecol\u00f3gicos y con certificaci\u00f3n ROHS, garantiza un rendimiento confiable.<\/p>\n<h3 class=\"pt-5 text-start\">Circuito de prueba est\u00e1ndar<\/h3>\n<p><img loading=\"lazy\" decoding=\"async\" class=\"alignnone size-full wp-image-1738\" src=\"https:\/\/ecmicrophones.com\/wp-content\/uploads\/2024\/07\/standard-test-circuit_ecm-f6050al41-sd210.png\" alt=\"Circuito de prueba est\u00e1ndar\" width=\"481\" height=\"211\" srcset=\"https:\/\/ecmicrophones.com\/wp-content\/uploads\/2024\/07\/standard-test-circuit_ecm-f6050al41-sd210.png 481w, https:\/\/ecmicrophones.com\/wp-content\/uploads\/2024\/07\/standard-test-circuit_ecm-f6050al41-sd210-300x132.png 300w, https:\/\/ecmicrophones.com\/wp-content\/uploads\/2024\/07\/standard-test-circuit_ecm-f6050al41-sd210-18x8.png 18w\" sizes=\"auto, (max-width: 481px) 100vw, 481px\" \/><\/p>\n<p>La configuraci\u00f3n de prueba utiliza RL = 2,2K\u03a9, VS = 3V y C = 1\u03bcF para la medici\u00f3n.<\/p>\n<h3 class=\"pt-5 text-start\">Respuesta de frecuencia t\u00edpica<\/h3>\n<p><img loading=\"lazy\" decoding=\"async\" class=\"alignnone size-full wp-image-1736\" src=\"https:\/\/ecmicrophones.com\/wp-content\/uploads\/2024\/07\/typical-frequency-response_ecm-f6050al41-sd210.png\" alt=\"Respuesta de frecuencia t\u00edpica\" width=\"552\" height=\"394\" srcset=\"https:\/\/ecmicrophones.com\/wp-content\/uploads\/2024\/07\/typical-frequency-response_ecm-f6050al41-sd210.png 552w, https:\/\/ecmicrophones.com\/wp-content\/uploads\/2024\/07\/typical-frequency-response_ecm-f6050al41-sd210-300x214.png 300w, https:\/\/ecmicrophones.com\/wp-content\/uploads\/2024\/07\/typical-frequency-response_ecm-f6050al41-sd210-18x12.png 18w\" sizes=\"auto, (max-width: 552px) 100vw, 552px\" \/><\/p>\n<p>La respuesta en frecuencia se mantiene estable de 50 Hz a 3 kHz, sube de forma constante hasta 10 kHz y luego cae gradualmente hacia 20 kHz.<\/p>\n<h3 class=\"pt-5 text-start\">Dimensiones (UNIDAD: mm)<\/h3>\n<p><img loading=\"lazy\" decoding=\"async\" class=\"alignnone size-full wp-image-1737\" src=\"https:\/\/ecmicrophones.com\/wp-content\/uploads\/2024\/07\/appearance-dimension_ecm-f6050al41-sd210.png\" alt=\"Dimensi\u00f3n de apariencia\" width=\"588\" height=\"344\" srcset=\"https:\/\/ecmicrophones.com\/wp-content\/uploads\/2024\/07\/appearance-dimension_ecm-f6050al41-sd210.png 588w, https:\/\/ecmicrophones.com\/wp-content\/uploads\/2024\/07\/appearance-dimension_ecm-f6050al41-sd210-300x176.png 300w, https:\/\/ecmicrophones.com\/wp-content\/uploads\/2024\/07\/appearance-dimension_ecm-f6050al41-sd210-18x12.png 18w\" sizes=\"auto, (max-width: 588px) 100vw, 588px\" \/><\/p>\n<p>La c\u00e1psula del micr\u00f3fono mide 6 mm de di\u00e1metro y 5 mm de altura, con una malla antipolvo frontal y una parte trasera sellada (sin puerto ac\u00fastico).<\/p>","protected":false},"excerpt":{"rendered":"<p>La ECM-F6050AL41-SD210 es una c\u00e1psula de micr\u00f3fono omnidireccional de 6 \u00d7 5 mm, ideal para micr\u00f3fonos de solapa. Ofrece una sensibilidad de -41 dB \u00b1 2 y una relaci\u00f3n se\u00f1al\/ruido de 58 dB, lo que garantiza una captura de audio clara y confiable en un amplio rango de frecuencias.<\/p>","protected":false},"featured_media":2759,"comment_status":"open","ping_status":"closed","template":"","meta":[],"product_brand":[721],"product_cat":[16,20],"product_tag":[283,235,288],"class_list":{"0":"post-1725","1":"product","2":"type-product","3":"status-publish","4":"has-post-thumbnail","6":"product_brand-ecmic","7":"product_cat-electret-microphones","8":"product_cat-omnidirectional-microphones","9":"product_tag-6mm","10":"product_tag-conference","11":"product_tag-solder-pads","13":"first","14":"instock","15":"shipping-taxable","16":"purchasable","17":"product-type-simple"},"_links":{"self":[{"href":"https:\/\/ecmicrophones.com\/es\/wp-json\/wp\/v2\/product\/1725","targetHints":{"allow":["GET"]}}],"collection":[{"href":"https:\/\/ecmicrophones.com\/es\/wp-json\/wp\/v2\/product"}],"about":[{"href":"https:\/\/ecmicrophones.com\/es\/wp-json\/wp\/v2\/types\/product"}],"replies":[{"embeddable":true,"href":"https:\/\/ecmicrophones.com\/es\/wp-json\/wp\/v2\/comments?post=1725"}],"wp:featuredmedia":[{"embeddable":true,"href":"https:\/\/ecmicrophones.com\/es\/wp-json\/wp\/v2\/media\/2759"}],"wp:attachment":[{"href":"https:\/\/ecmicrophones.com\/es\/wp-json\/wp\/v2\/media?parent=1725"}],"wp:term":[{"taxonomy":"product_brand","embeddable":true,"href":"https:\/\/ecmicrophones.com\/es\/wp-json\/wp\/v2\/product_brand?post=1725"},{"taxonomy":"product_cat","embeddable":true,"href":"https:\/\/ecmicrophones.com\/es\/wp-json\/wp\/v2\/product_cat?post=1725"},{"taxonomy":"product_tag","embeddable":true,"href":"https:\/\/ecmicrophones.com\/es\/wp-json\/wp\/v2\/product_tag?post=1725"}],"curies":[{"name":"wp","href":"https:\/\/api.w.org\/{rel}","templated":true}]}}