{"id":173,"date":"2024-03-27T11:55:32","date_gmt":"2024-03-27T11:55:32","guid":{"rendered":"https:\/\/ecmicrophones.com\/?post_type=product&#038;p=173"},"modified":"2026-03-27T16:42:13","modified_gmt":"2026-03-27T08:42:13","slug":"9-7mm-omnidirectional-electret-microphone-cartridge-for-parabolic-microphone","status":"publish","type":"product","link":"https:\/\/ecmicrophones.com\/es\/9-7mm-omnidirectional-electret-microphone-cartridge-for-parabolic-microphone\/","title":{"rendered":"Cartucho de micr\u00f3fono electret omnidireccional de 9,7 mm para micr\u00f3fono parab\u00f3lico"},"content":{"rendered":"<h2 class=\"text-start\">Especificaciones t\u00e9cnicas<\/h2>\n<p class=\"text-start\">El ECM-B9750AL26-062 es una c\u00e1psula de micr\u00f3fono omnidireccional de 9,7 mm que ofrece una excepcional sensibilidad de -26 dB y una relaci\u00f3n se\u00f1al\/ruido de 82 dB. Dise\u00f1ada para aplicaciones de alto rendimiento, garantiza un audio claro y preciso incluso en entornos exigentes, por lo que resulta ideal para la captaci\u00f3n de sonido a larga distancia.<\/p>\n<p class=\"text-start\">Fabricada con un n\u00facleo de micr\u00f3fono Panasonic a medida, esta c\u00e1psula ofrece un rendimiento estable y constante, con un amplio rango de frecuencias que va de 50 Hz a 16 kHz. Su dise\u00f1o robusto la hace ideal para una gran variedad de usos profesionales, entre los que se incluyen estetoscopios digitales, sistemas de vigilancia, equipos de radiodifusi\u00f3n y dispositivos de grabaci\u00f3n de alta calidad.<\/p>\n<p class=\"text-start\">Para obtener una versi\u00f3n de plomo preimpresa, explore la p\u00e1gina <a href=\"https:\/\/ecmicrophones.com\/es\/9-7mm-omnidirectional-long-distance-pickup-microphone-head\/\">Modelo de plomo de 15 mm<\/a>.<\/p>\n<h3 class=\"pt-5 text-start\">Circuito de prueba est\u00e1ndar<\/h3>\n<p><img loading=\"lazy\" decoding=\"async\" class=\"alignnone size-full wp-image-299\" src=\"https:\/\/ecmicrophones.com\/wp-content\/uploads\/2024\/03\/standard-test-circuit_ecm-b9750al26-062.jpg\" alt=\"ECM-B9750AL26-062 Circuito de prueba est\u00e1ndar: 2,2k\u03a9 de polarizaci\u00f3n, 2V de alimentaci\u00f3n, 1\u03bcF de salida.\" width=\"583\" height=\"252\" srcset=\"https:\/\/ecmicrophones.com\/wp-content\/uploads\/2024\/03\/standard-test-circuit_ecm-b9750al26-062.jpg 583w, https:\/\/ecmicrophones.com\/wp-content\/uploads\/2024\/03\/standard-test-circuit_ecm-b9750al26-062-300x130.jpg 300w, https:\/\/ecmicrophones.com\/wp-content\/uploads\/2024\/03\/standard-test-circuit_ecm-b9750al26-062-18x8.jpg 18w\" sizes=\"auto, (max-width: 583px) 100vw, 583px\" \/><\/p>\n<p>Probado con resistencia de polarizaci\u00f3n de 2,2k\u03a9, alimentaci\u00f3n de 2V CC y condensador de acoplamiento de 1\u03bcF.<\/p>\n<h3 class=\"pt-5 text-start\">Respuesta de frecuencia t\u00edpica<\/h3>\n<p><img loading=\"lazy\" decoding=\"async\" class=\"alignnone size-full wp-image-300\" src=\"https:\/\/ecmicrophones.com\/wp-content\/uploads\/2024\/03\/typical-frequency-response_ecm-b9750al26-062.jpg\" alt=\"ECM-B9750AL26-062 Curva de respuesta en frecuencia\" width=\"593\" height=\"425\" srcset=\"https:\/\/ecmicrophones.com\/wp-content\/uploads\/2024\/03\/typical-frequency-response_ecm-b9750al26-062.jpg 593w, https:\/\/ecmicrophones.com\/wp-content\/uploads\/2024\/03\/typical-frequency-response_ecm-b9750al26-062-300x215.jpg 300w, https:\/\/ecmicrophones.com\/wp-content\/uploads\/2024\/03\/typical-frequency-response_ecm-b9750al26-062-18x12.jpg 18w\" sizes=\"auto, (max-width: 593px) 100vw, 593px\" \/><\/p>\n<p>La respuesta en frecuencia es suave de 50 Hz a 3 kHz, seguida de una ca\u00edda significativa hasta 20 kHz.<\/p>\n<h3 class=\"pt-5 text-start\">Dimensiones (UNIDAD: mm)<\/h3>\n<p><img loading=\"lazy\" decoding=\"async\" class=\"alignnone size-full wp-image-301\" src=\"https:\/\/ecmicrophones.com\/wp-content\/uploads\/2024\/03\/appearance-dimension_ecm-b9750al26-062.jpg\" alt=\"Dimensiones de ECM-B9750AL26-062: \u03a69.7\u00d75.0mm\" width=\"513\" height=\"377\" srcset=\"https:\/\/ecmicrophones.com\/wp-content\/uploads\/2024\/03\/appearance-dimension_ecm-b9750al26-062.jpg 513w, https:\/\/ecmicrophones.com\/wp-content\/uploads\/2024\/03\/appearance-dimension_ecm-b9750al26-062-300x220.jpg 300w, https:\/\/ecmicrophones.com\/wp-content\/uploads\/2024\/03\/appearance-dimension_ecm-b9750al26-062-16x12.jpg 16w\" sizes=\"auto, (max-width: 513px) 100vw, 513px\" \/><\/p>\n<p>C\u00e1psula compacta de \u03a69,7 \u00d7 5,0 mm con malla antipolvo frontal y dise\u00f1o trasero sellado.<\/p>","protected":false},"excerpt":{"rendered":"<p>C\u00e1psula de micr\u00f3fono omnidireccional de 9,7 mm de alta sensibilidad (-26 dB, relaci\u00f3n se\u00f1al\/ruido de 82 dB), ideal para la captura de sonido a larga distancia, estetoscopios digitales y otras aplicaciones de audio profesionales.<\/p>","protected":false},"featured_media":2607,"comment_status":"open","ping_status":"closed","template":"","meta":[],"product_brand":[721],"product_cat":[16,20],"product_tag":[282,229,410,288],"class_list":{"0":"post-173","1":"product","2":"type-product","3":"status-publish","4":"has-post-thumbnail","6":"product_brand-ecmic","7":"product_cat-electret-microphones","8":"product_cat-omnidirectional-microphones","9":"product_tag-9-7mm","10":"product_tag-equipment","11":"product_tag-high-snr","12":"product_tag-solder-pads","14":"first","15":"instock","16":"shipping-taxable","17":"purchasable","18":"product-type-simple"},"_links":{"self":[{"href":"https:\/\/ecmicrophones.com\/es\/wp-json\/wp\/v2\/product\/173","targetHints":{"allow":["GET"]}}],"collection":[{"href":"https:\/\/ecmicrophones.com\/es\/wp-json\/wp\/v2\/product"}],"about":[{"href":"https:\/\/ecmicrophones.com\/es\/wp-json\/wp\/v2\/types\/product"}],"replies":[{"embeddable":true,"href":"https:\/\/ecmicrophones.com\/es\/wp-json\/wp\/v2\/comments?post=173"}],"wp:featuredmedia":[{"embeddable":true,"href":"https:\/\/ecmicrophones.com\/es\/wp-json\/wp\/v2\/media\/2607"}],"wp:attachment":[{"href":"https:\/\/ecmicrophones.com\/es\/wp-json\/wp\/v2\/media?parent=173"}],"wp:term":[{"taxonomy":"product_brand","embeddable":true,"href":"https:\/\/ecmicrophones.com\/es\/wp-json\/wp\/v2\/product_brand?post=173"},{"taxonomy":"product_cat","embeddable":true,"href":"https:\/\/ecmicrophones.com\/es\/wp-json\/wp\/v2\/product_cat?post=173"},{"taxonomy":"product_tag","embeddable":true,"href":"https:\/\/ecmicrophones.com\/es\/wp-json\/wp\/v2\/product_tag?post=173"}],"curies":[{"name":"wp","href":"https:\/\/api.w.org\/{rel}","templated":true}]}}