{"id":1756,"date":"2024-07-26T16:04:50","date_gmt":"2024-07-26T08:04:50","guid":{"rendered":"https:\/\/ecmicrophones.com\/?post_type=product&#038;p=1756"},"modified":"2026-03-19T15:17:22","modified_gmt":"2026-03-19T07:17:22","slug":"9-7mm-omnidirectional-microphone-element-for-long-distance-audio-pickup","status":"publish","type":"product","link":"https:\/\/ecmicrophones.com\/es\/9-7mm-omnidirectional-microphone-element-for-long-distance-audio-pickup\/","title":{"rendered":"Elemento de micr\u00f3fono omnidireccional de 9,7 mm para captaci\u00f3n de audio a larga distancia"},"content":{"rendered":"<h2 class=\"text-start\">Especificaciones t\u00e9cnicas<\/h2>\n<p class=\"text-start\">El ECM-B9745AL30RC es una c\u00e1psula de micr\u00f3fono omnidireccional de 9,7 \u00d7 4,5 mm dise\u00f1ada para ofrecer precisi\u00f3n y fiabilidad. Con una alta sensibilidad de -30 dB y un amplio rango de frecuencias de 20 Hz a 16 kHz, destaca en la captura de sonido a larga distancia con una claridad excepcional.<\/p>\n<p class=\"text-start\">Alimentada por un n\u00facleo de micr\u00f3fono RF coreano estable, esta c\u00e1psula ofrece un rendimiento constante y una relaci\u00f3n se\u00f1al\/ruido de 74 dB, lo que la convierte en una opci\u00f3n excelente para aplicaciones como dispositivos de captaci\u00f3n remota y micr\u00f3fonos de condensador.<\/p>\n<h3 class=\"pt-5 text-start\">Circuito de prueba est\u00e1ndar<\/h3>\n<p><img loading=\"lazy\" decoding=\"async\" class=\"alignnone size-full wp-image-1765\" src=\"https:\/\/ecmicrophones.com\/wp-content\/uploads\/2024\/07\/standard-test-circuit_ecm-b9745al30rc.jpg\" alt=\"Circuito de prueba ECM-B9745AL30RC: 2,2k\u03a9 de polarizaci\u00f3n, 2V de alimentaci\u00f3n, 1\u03bcF de salida.\" width=\"750\" height=\"400\" srcset=\"https:\/\/ecmicrophones.com\/wp-content\/uploads\/2024\/07\/standard-test-circuit_ecm-b9745al30rc.jpg 750w, https:\/\/ecmicrophones.com\/wp-content\/uploads\/2024\/07\/standard-test-circuit_ecm-b9745al30rc-300x160.jpg 300w, https:\/\/ecmicrophones.com\/wp-content\/uploads\/2024\/07\/standard-test-circuit_ecm-b9745al30rc-18x10.jpg 18w, https:\/\/ecmicrophones.com\/wp-content\/uploads\/2024\/07\/standard-test-circuit_ecm-b9745al30rc-600x320.jpg 600w\" sizes=\"auto, (max-width: 750px) 100vw, 750px\" \/><\/p>\n<p>Resistencia de polarizaci\u00f3n de 2,2k\u03a9, alimentaci\u00f3n de 2V CC, condensador de salida de 1\u03bcF. Configuraci\u00f3n de frecuencia de voz est\u00e1ndar.<\/p>\n<h3 class=\"pt-5 text-start\">Respuesta de frecuencia t\u00edpica<\/h3>\n<p><img loading=\"lazy\" decoding=\"async\" class=\"alignnone size-full wp-image-1766\" src=\"https:\/\/ecmicrophones.com\/wp-content\/uploads\/2024\/07\/typical-frequency-response_ecm-b9745al30rc.jpg\" alt=\"ECM-B9745AL30RC Respuesta en frecuencia: Plana con atenuaci\u00f3n de agudos de 5 kHz\" width=\"750\" height=\"400\" srcset=\"https:\/\/ecmicrophones.com\/wp-content\/uploads\/2024\/07\/typical-frequency-response_ecm-b9745al30rc.jpg 750w, https:\/\/ecmicrophones.com\/wp-content\/uploads\/2024\/07\/typical-frequency-response_ecm-b9745al30rc-300x160.jpg 300w, https:\/\/ecmicrophones.com\/wp-content\/uploads\/2024\/07\/typical-frequency-response_ecm-b9745al30rc-18x10.jpg 18w, https:\/\/ecmicrophones.com\/wp-content\/uploads\/2024\/07\/typical-frequency-response_ecm-b9745al30rc-600x320.jpg 600w\" sizes=\"auto, (max-width: 750px) 100vw, 750px\" \/><\/p>\n<p>Respuesta en frecuencia plana con atenuaci\u00f3n por encima de 5 kHz.<\/p>\n<h3 class=\"pt-5 text-start\">Dimensiones (Unidad: mm)<\/h3>\n<p><img loading=\"lazy\" decoding=\"async\" class=\"alignnone size-full wp-image-1764\" src=\"https:\/\/ecmicrophones.com\/wp-content\/uploads\/2024\/07\/appearance-dimension_ecm-b9745al30rc.jpg\" alt=\"ECM-B9745AL30RC Dimensiones: \u03a69.7\u00d74.5mm con malla antipolvo frontal (caja sellada)\" width=\"750\" height=\"400\" srcset=\"https:\/\/ecmicrophones.com\/wp-content\/uploads\/2024\/07\/appearance-dimension_ecm-b9745al30rc.jpg 750w, https:\/\/ecmicrophones.com\/wp-content\/uploads\/2024\/07\/appearance-dimension_ecm-b9745al30rc-300x160.jpg 300w, https:\/\/ecmicrophones.com\/wp-content\/uploads\/2024\/07\/appearance-dimension_ecm-b9745al30rc-18x10.jpg 18w, https:\/\/ecmicrophones.com\/wp-content\/uploads\/2024\/07\/appearance-dimension_ecm-b9745al30rc-600x320.jpg 600w\" sizes=\"auto, (max-width: 750px) 100vw, 750px\" \/><\/p>\n<p>\u03a69,7\u00d74,5 mm de carcasa con malla antipolvo frontal (dise\u00f1o trasero totalmente sellado).<\/p>","protected":false},"excerpt":{"rendered":"<p>C\u00e1psula de micr\u00f3fono omnidireccional de 9,7 mm con alta sensibilidad de -30 dB, ideal para captar audio a distancia. Para una opci\u00f3n resistente al agua, consulte <a href=\"https:\/\/ecmicrophones.com\/es\/9-7mm-omnidirectional-electret-microphone-capsule-for-outdoor-camera\/\">Versi\u00f3n IP67<\/a>. Para cables preinstalados, compruebe <a href=\"https:\/\/ecmicrophones.com\/es\/9-7mm-voice-recognition-electret-microphone-insert-with-leads\/\">Versi\u00f3n de plomo de 100 mm<\/a> o <a href=\"https:\/\/ecmicrophones.com\/es\/long-distance-microphone-pickup-9-7mm\/\">Versi\u00f3n de plomo de 15 mm<\/a>.<\/p>","protected":false},"featured_media":2727,"comment_status":"open","ping_status":"closed","template":"","meta":[],"product_brand":[721],"product_cat":[20,16],"product_tag":[282,229,288],"class_list":{"0":"post-1756","1":"product","2":"type-product","3":"status-publish","4":"has-post-thumbnail","6":"product_brand-ecmic","7":"product_cat-omnidirectional-microphones","8":"product_cat-electret-microphones","9":"product_tag-9-7mm","10":"product_tag-equipment","11":"product_tag-solder-pads","13":"first","14":"instock","15":"shipping-taxable","16":"purchasable","17":"product-type-simple"},"_links":{"self":[{"href":"https:\/\/ecmicrophones.com\/es\/wp-json\/wp\/v2\/product\/1756","targetHints":{"allow":["GET"]}}],"collection":[{"href":"https:\/\/ecmicrophones.com\/es\/wp-json\/wp\/v2\/product"}],"about":[{"href":"https:\/\/ecmicrophones.com\/es\/wp-json\/wp\/v2\/types\/product"}],"replies":[{"embeddable":true,"href":"https:\/\/ecmicrophones.com\/es\/wp-json\/wp\/v2\/comments?post=1756"}],"wp:featuredmedia":[{"embeddable":true,"href":"https:\/\/ecmicrophones.com\/es\/wp-json\/wp\/v2\/media\/2727"}],"wp:attachment":[{"href":"https:\/\/ecmicrophones.com\/es\/wp-json\/wp\/v2\/media?parent=1756"}],"wp:term":[{"taxonomy":"product_brand","embeddable":true,"href":"https:\/\/ecmicrophones.com\/es\/wp-json\/wp\/v2\/product_brand?post=1756"},{"taxonomy":"product_cat","embeddable":true,"href":"https:\/\/ecmicrophones.com\/es\/wp-json\/wp\/v2\/product_cat?post=1756"},{"taxonomy":"product_tag","embeddable":true,"href":"https:\/\/ecmicrophones.com\/es\/wp-json\/wp\/v2\/product_tag?post=1756"}],"curies":[{"name":"wp","href":"https:\/\/api.w.org\/{rel}","templated":true}]}}