{"id":1757,"date":"2024-07-26T15:42:04","date_gmt":"2024-07-26T07:42:04","guid":{"rendered":"https:\/\/ecmicrophones.com\/?post_type=product&#038;p=1757"},"modified":"2026-03-19T15:17:33","modified_gmt":"2026-03-19T07:17:33","slug":"9-7mm-omnidirectional-long-distance-pickup-microphone-head","status":"publish","type":"product","link":"https:\/\/ecmicrophones.com\/es\/9-7mm-omnidirectional-long-distance-pickup-microphone-head\/","title":{"rendered":"Cabezal de micr\u00f3fono omnidireccional con pastilla de larga distancia de 9,7 mm"},"content":{"rendered":"<h2 class=\"text-start\">Especificaciones t\u00e9cnicas<\/h2>\n<p class=\"text-start\">El ECM-B9750AL26-062-L15 es una c\u00e1psula de micr\u00f3fono omnidireccional de 9,7 mm equipada con un cable preacoplado de 15 mm, que ofrece una comodidad inigualable para su montaje en diversos dispositivos. Con una alta sensibilidad de -26dB y una impresionante relaci\u00f3n se\u00f1al\/ruido de 82dB, ofrece un sonido claro y preciso, por lo que es perfecto para aplicaciones que exigen la captura de audio a larga distancia.<\/p>\n<p class=\"text-start\">Al utilizar un n\u00facleo de micr\u00f3fono Panasonic de alta calidad, este modelo mantiene una consistencia y un rendimiento excelentes. La respuesta en frecuencia de 50 Hz a 16 kHz garantiza una reproducci\u00f3n de sonido suave y natural, adecuada para productos de calidad profesional como sistemas de conferencias, grabadoras de audio y dispositivos de captaci\u00f3n remota.<\/p>\n<p class=\"text-start\">Para obtener una versi\u00f3n sin plomo, visite <a href=\"https:\/\/ecmicrophones.com\/es\/9-7mm-omnidirectional-electret-microphone-cartridge-for-parabolic-microphone\/\">modelo est\u00e1ndar<\/a>.<\/p>\n<h3 class=\"pt-5 text-start\">Circuito de prueba est\u00e1ndar<\/h3>\n<p><img loading=\"lazy\" decoding=\"async\" src=\"https:\/\/ecmicrophones.com\/wp-content\/uploads\/2024\/07\/standard-test-circuit_ecm-b9750al26-062-l15.png\" alt=\"Circuito de prueba est\u00e1ndar\" width=\"579\" height=\"249\" class=\"alignnone size-full wp-image-1762\" srcset=\"https:\/\/ecmicrophones.com\/wp-content\/uploads\/2024\/07\/standard-test-circuit_ecm-b9750al26-062-l15.png 579w, https:\/\/ecmicrophones.com\/wp-content\/uploads\/2024\/07\/standard-test-circuit_ecm-b9750al26-062-l15-300x129.png 300w, https:\/\/ecmicrophones.com\/wp-content\/uploads\/2024\/07\/standard-test-circuit_ecm-b9750al26-062-l15-18x8.png 18w\" sizes=\"auto, (max-width: 579px) 100vw, 579px\" \/><\/p>\n<p>\nCondiciones de prueba: RL = 2,2k\u03a9, Vs = 2V, C = 1\u03bcF.\n<\/p>\n<h3 class=\"pt-5 text-start\">Respuesta de frecuencia t\u00edpica<\/h3>\n<p><img loading=\"lazy\" decoding=\"async\" src=\"https:\/\/ecmicrophones.com\/wp-content\/uploads\/2024\/07\/typical-frequency-response_ecm-b9750al26-062-l15.png\" alt=\"Respuesta de frecuencia t\u00edpica\" width=\"585\" height=\"413\" class=\"alignnone size-full wp-image-1763\" srcset=\"https:\/\/ecmicrophones.com\/wp-content\/uploads\/2024\/07\/typical-frequency-response_ecm-b9750al26-062-l15.png 585w, https:\/\/ecmicrophones.com\/wp-content\/uploads\/2024\/07\/typical-frequency-response_ecm-b9750al26-062-l15-300x212.png 300w, https:\/\/ecmicrophones.com\/wp-content\/uploads\/2024\/07\/typical-frequency-response_ecm-b9750al26-062-l15-18x12.png 18w\" sizes=\"auto, (max-width: 585px) 100vw, 585px\" \/><\/p>\n<p>\nLa respuesta en frecuencia abarca de 50 Hz a 20 kHz. La curva se mantiene plana desde 50 Hz hasta aproximadamente 3 kHz, y luego disminuye gradualmente hacia frecuencias m\u00e1s altas.\n<\/p>\n<h3 class=\"pt-5 text-start\">Dimensiones (UNIDAD: mm)<\/h3>\n<p><img loading=\"lazy\" decoding=\"async\" src=\"https:\/\/ecmicrophones.com\/wp-content\/uploads\/2024\/07\/appearance-dimension_ecm-b9750al26-062-l15.png\" alt=\"Dimensi\u00f3n de apariencia\" width=\"428\" height=\"489\" class=\"alignnone size-full wp-image-1761\" srcset=\"https:\/\/ecmicrophones.com\/wp-content\/uploads\/2024\/07\/appearance-dimension_ecm-b9750al26-062-l15.png 428w, https:\/\/ecmicrophones.com\/wp-content\/uploads\/2024\/07\/appearance-dimension_ecm-b9750al26-062-l15-263x300.png 263w, https:\/\/ecmicrophones.com\/wp-content\/uploads\/2024\/07\/appearance-dimension_ecm-b9750al26-062-l15-11x12.png 11w\" sizes=\"auto, (max-width: 428px) 100vw, 428px\" \/><\/p>\n<p>\nDimensiones de la c\u00e1psula del micr\u00f3fono: \u00d89,7 \u00d7 5 mm. Presenta una malla frontal antipolvo sin orificios en la parte posterior. Equipado con un cable paralelo de 15 mm.<\/p>","protected":false},"excerpt":{"rendered":"<p>C\u00e1psula de micr\u00f3fono omnidireccional de 9,7 mm de alto rendimiento (-26 dB, 82 dB S\/N) con cable preconectado de 15 mm para facilitar la integraci\u00f3n.<\/p>","protected":false},"featured_media":2735,"comment_status":"open","ping_status":"closed","template":"","meta":[],"product_brand":[721],"product_cat":[20,16],"product_tag":[282,229,410,290],"class_list":{"0":"post-1757","1":"product","2":"type-product","3":"status-publish","4":"has-post-thumbnail","6":"product_brand-ecmic","7":"product_cat-omnidirectional-microphones","8":"product_cat-electret-microphones","9":"product_tag-9-7mm","10":"product_tag-equipment","11":"product_tag-high-snr","12":"product_tag-wire-leads","14":"first","15":"instock","16":"shipping-taxable","17":"purchasable","18":"product-type-simple"},"_links":{"self":[{"href":"https:\/\/ecmicrophones.com\/es\/wp-json\/wp\/v2\/product\/1757","targetHints":{"allow":["GET"]}}],"collection":[{"href":"https:\/\/ecmicrophones.com\/es\/wp-json\/wp\/v2\/product"}],"about":[{"href":"https:\/\/ecmicrophones.com\/es\/wp-json\/wp\/v2\/types\/product"}],"replies":[{"embeddable":true,"href":"https:\/\/ecmicrophones.com\/es\/wp-json\/wp\/v2\/comments?post=1757"}],"wp:featuredmedia":[{"embeddable":true,"href":"https:\/\/ecmicrophones.com\/es\/wp-json\/wp\/v2\/media\/2735"}],"wp:attachment":[{"href":"https:\/\/ecmicrophones.com\/es\/wp-json\/wp\/v2\/media?parent=1757"}],"wp:term":[{"taxonomy":"product_brand","embeddable":true,"href":"https:\/\/ecmicrophones.com\/es\/wp-json\/wp\/v2\/product_brand?post=1757"},{"taxonomy":"product_cat","embeddable":true,"href":"https:\/\/ecmicrophones.com\/es\/wp-json\/wp\/v2\/product_cat?post=1757"},{"taxonomy":"product_tag","embeddable":true,"href":"https:\/\/ecmicrophones.com\/es\/wp-json\/wp\/v2\/product_tag?post=1757"}],"curies":[{"name":"wp","href":"https:\/\/api.w.org\/{rel}","templated":true}]}}