{"id":1819,"date":"2024-07-30T11:03:14","date_gmt":"2024-07-30T03:03:14","guid":{"rendered":"https:\/\/ecmicrophones.com\/?post_type=product&#038;p=1819"},"modified":"2026-03-19T15:14:44","modified_gmt":"2026-03-19T07:14:44","slug":"9-7mm-unidirectional-electret-mic-capsule-for-karaoke-microphone","status":"publish","type":"product","link":"https:\/\/ecmicrophones.com\/es\/9-7mm-unidirectional-electret-mic-capsule-for-karaoke-microphone\/","title":{"rendered":"C\u00e1psula de micr\u00f3fono electret unidireccional de 9,7 mm para micr\u00f3fono de karaoke"},"content":{"rendered":"<h2 class=\"text-start\">Especificaciones t\u00e9cnicas<\/h2>\n<p class=\"text-start\">Nuestro micr\u00f3fono unidireccional 9750, dise\u00f1ado para karaoke, presenta un dise\u00f1o de c\u00e1mara dual para un rendimiento superior.<\/p>\n<h3 class=\"pt-5 text-start\">Circuito de prueba est\u00e1ndar<\/h3>\n<p><img loading=\"lazy\" decoding=\"async\" src=\"https:\/\/ecmicrophones.com\/wp-content\/uploads\/2024\/07\/standard-test-circuit_ecm-f9750ul-50.png\" alt=\"Circuito de prueba est\u00e1ndar\" width=\"540\" height=\"247\" class=\"alignnone size-full wp-image-1821\" srcset=\"https:\/\/ecmicrophones.com\/wp-content\/uploads\/2024\/07\/standard-test-circuit_ecm-f9750ul-50.png 540w, https:\/\/ecmicrophones.com\/wp-content\/uploads\/2024\/07\/standard-test-circuit_ecm-f9750ul-50-300x137.png 300w, https:\/\/ecmicrophones.com\/wp-content\/uploads\/2024\/07\/standard-test-circuit_ecm-f9750ul-50-18x8.png 18w\" sizes=\"auto, (max-width: 540px) 100vw, 540px\" \/><\/p>\n<p>Condiciones de prueba: Resistencia de carga (RL) = 680\u03a9, Tensi\u00f3n de alimentaci\u00f3n (VS) = 1,5V, Condensador de acoplamiento (C) = 1\u03bcF.<\/p>\n<h3 class=\"pt-5 text-start\">Respuesta de frecuencia t\u00edpica<\/h3>\n<p><img loading=\"lazy\" decoding=\"async\" src=\"https:\/\/ecmicrophones.com\/wp-content\/uploads\/2024\/07\/typical-frequency-response_ecm-f9750ul-50.png\" alt=\"Respuesta de frecuencia t\u00edpica\" width=\"628\" height=\"245\" class=\"alignnone size-full wp-image-1822\" srcset=\"https:\/\/ecmicrophones.com\/wp-content\/uploads\/2024\/07\/typical-frequency-response_ecm-f9750ul-50.png 628w, https:\/\/ecmicrophones.com\/wp-content\/uploads\/2024\/07\/typical-frequency-response_ecm-f9750ul-50-300x117.png 300w, https:\/\/ecmicrophones.com\/wp-content\/uploads\/2024\/07\/typical-frequency-response_ecm-f9750ul-50-18x7.png 18w, https:\/\/ecmicrophones.com\/wp-content\/uploads\/2024\/07\/typical-frequency-response_ecm-f9750ul-50-600x234.png 600w\" sizes=\"auto, (max-width: 628px) 100vw, 628px\" \/><\/p>\n<p>\nRespuesta en frecuencia: 100 Hz-10 kHz. La curva sube de 100 Hz a 1 kHz aproximadamente y luego se mantiene relativamente plana con una ligera tendencia ascendente. Cerca de 4 kHz comienza un suave descenso.\n<\/p>\n<h3 class=\"pt-5 text-start\">Dimensiones (UNIDAD: mm)<\/h3>\n<p><img loading=\"lazy\" decoding=\"async\" src=\"https:\/\/ecmicrophones.com\/wp-content\/uploads\/2024\/07\/appearance-dimension_ecm-f9750ul-50.png\" alt=\"Dimensi\u00f3n de apariencia\" width=\"607\" height=\"466\" class=\"alignnone size-full wp-image-1820\" srcset=\"https:\/\/ecmicrophones.com\/wp-content\/uploads\/2024\/07\/appearance-dimension_ecm-f9750ul-50.png 607w, https:\/\/ecmicrophones.com\/wp-content\/uploads\/2024\/07\/appearance-dimension_ecm-f9750ul-50-300x230.png 300w, https:\/\/ecmicrophones.com\/wp-content\/uploads\/2024\/07\/appearance-dimension_ecm-f9750ul-50-16x12.png 16w, https:\/\/ecmicrophones.com\/wp-content\/uploads\/2024\/07\/appearance-dimension_ecm-f9750ul-50-600x461.png 600w\" sizes=\"auto, (max-width: 607px) 100vw, 607px\" \/><\/p>\n<p>\nDi\u00e1metro: 9,7 mm; altura: 5,0 mm. La parte delantera presenta una malla antipolvo; la trasera incluye una abertura para captar el sonido.<\/p>","protected":false},"excerpt":{"rendered":"<p>El ECM-F9750UL-50 es una c\u00e1psula de micr\u00f3fono unidireccional de 9,7 \u00d7 5 mm ideal para aplicaciones de karaoke. Con un dise\u00f1o de doble c\u00e1mara, tiene una sensibilidad de -50 dB \u00b1 1 y una relaci\u00f3n se\u00f1al\/ruido de 50 dB, lo que garantiza un rendimiento de audio claro y de alta calidad.<\/p>","protected":false},"featured_media":2748,"comment_status":"open","ping_status":"closed","template":"","meta":[],"product_brand":[721],"product_cat":[21,16],"product_tag":[282,288,116],"class_list":{"0":"post-1819","1":"product","2":"type-product","3":"status-publish","4":"has-post-thumbnail","6":"product_brand-ecmic","7":"product_cat-unidirectional-microphones","8":"product_cat-electret-microphones","9":"product_tag-9-7mm","10":"product_tag-solder-pads","11":"product_tag-vocal","13":"first","14":"instock","15":"shipping-taxable","16":"purchasable","17":"product-type-simple"},"_links":{"self":[{"href":"https:\/\/ecmicrophones.com\/es\/wp-json\/wp\/v2\/product\/1819","targetHints":{"allow":["GET"]}}],"collection":[{"href":"https:\/\/ecmicrophones.com\/es\/wp-json\/wp\/v2\/product"}],"about":[{"href":"https:\/\/ecmicrophones.com\/es\/wp-json\/wp\/v2\/types\/product"}],"replies":[{"embeddable":true,"href":"https:\/\/ecmicrophones.com\/es\/wp-json\/wp\/v2\/comments?post=1819"}],"wp:featuredmedia":[{"embeddable":true,"href":"https:\/\/ecmicrophones.com\/es\/wp-json\/wp\/v2\/media\/2748"}],"wp:attachment":[{"href":"https:\/\/ecmicrophones.com\/es\/wp-json\/wp\/v2\/media?parent=1819"}],"wp:term":[{"taxonomy":"product_brand","embeddable":true,"href":"https:\/\/ecmicrophones.com\/es\/wp-json\/wp\/v2\/product_brand?post=1819"},{"taxonomy":"product_cat","embeddable":true,"href":"https:\/\/ecmicrophones.com\/es\/wp-json\/wp\/v2\/product_cat?post=1819"},{"taxonomy":"product_tag","embeddable":true,"href":"https:\/\/ecmicrophones.com\/es\/wp-json\/wp\/v2\/product_tag?post=1819"}],"curies":[{"name":"wp","href":"https:\/\/api.w.org\/{rel}","templated":true}]}}