{"id":1851,"date":"2024-08-07T11:03:00","date_gmt":"2024-08-07T03:03:00","guid":{"rendered":"https:\/\/ecmicrophones.com\/?post_type=product&#038;p=1851"},"modified":"2026-03-19T15:12:27","modified_gmt":"2026-03-19T07:12:27","slug":"19mm-supercardioid-dynamic-capsule-for-boom-microphone","status":"publish","type":"product","link":"https:\/\/ecmicrophones.com\/es\/19mm-supercardioid-dynamic-capsule-for-boom-microphone\/","title":{"rendered":"C\u00e1psula din\u00e1mica supercardioide de 19 mm para micr\u00f3fono boom"},"content":{"rendered":"<h2 class=\"text-start\">Especificaciones t\u00e9cnicas<\/h2>\n<p class=\"text-start\">La c\u00e1psula de micr\u00f3fono din\u00e1mico ECM-DM1910B-1502 est\u00e1 dise\u00f1ada para la captura de voz de alta claridad en entornos de audio exigentes. Su directividad supercardioide mejora la captaci\u00f3n frontal a la vez que minimiza el ruido ambiental y la retroalimentaci\u00f3n, lo que resulta ideal para brazos de micr\u00f3fono, auriculares deportivos y uso con intercomunicadores.<\/p>\n<p class=\"text-start\">Con una respuesta en frecuencia de 100 Hz a 10 kHz y una impedancia de salida de 600 \u03a9, esta c\u00e1psula est\u00e1 optimizada para la inteligibilidad y la presencia vocal. Su formato compacto de 19 \u00d7 9,6 mm permite integrarla f\u00e1cilmente en cajas de perfil delgado sin comprometer el rendimiento.<\/p>\n<p class=\"text-start\">Duradero y con un rendimiento constante, el ECM-DM1910B-1502 es id\u00f3neo para su integraci\u00f3n en micr\u00f3fonos vocales de mano, micr\u00f3fonos boom para auriculares y dispositivos de megafon\u00eda, lo que lo convierte en una opci\u00f3n vers\u00e1til para los fabricantes que buscan elementos din\u00e1micos resistentes centrados en la voz.<\/p>\n<h3 class=\"pt-5 text-start\">Despiece y lista de piezas<\/h3>\n<p><img loading=\"lazy\" decoding=\"async\" class=\"alignnone wp-image-3886 size-full\" src=\"https:\/\/ecmicrophones.com\/wp-content\/uploads\/2024\/08\/dynamic-part_ecm-dm1910b-1502.png\" alt=\"Parte din\u00e1mica\" width=\"570\" height=\"310\" srcset=\"https:\/\/ecmicrophones.com\/wp-content\/uploads\/2024\/08\/dynamic-part_ecm-dm1910b-1502.png 570w, https:\/\/ecmicrophones.com\/wp-content\/uploads\/2024\/08\/dynamic-part_ecm-dm1910b-1502-300x163.png 300w, https:\/\/ecmicrophones.com\/wp-content\/uploads\/2024\/08\/dynamic-part_ecm-dm1910b-1502-18x10.png 18w\" sizes=\"auto, (max-width: 570px) 100vw, 570px\" \/><\/p>\n<p><strong>Lista de piezas:<\/strong> Esponja, Cubierta, Diafragma, Bobina, Acero magn\u00e9tico, Olla de hierro, Soporte, PCB + Esta\u00f1o.<\/p>\n<h3 class=\"pt-5 text-start\">Curva de respuesta en frecuencia<\/h3>\n<p><img loading=\"lazy\" decoding=\"async\" class=\"alignnone size-full wp-image-1870\" src=\"https:\/\/ecmicrophones.com\/wp-content\/uploads\/2024\/08\/response-curve_ecm-dm1910b-1502.png\" alt=\"Curva de respuesta\" width=\"516\" height=\"425\" srcset=\"https:\/\/ecmicrophones.com\/wp-content\/uploads\/2024\/08\/response-curve_ecm-dm1910b-1502.png 516w, https:\/\/ecmicrophones.com\/wp-content\/uploads\/2024\/08\/response-curve_ecm-dm1910b-1502-300x247.png 300w, https:\/\/ecmicrophones.com\/wp-content\/uploads\/2024\/08\/response-curve_ecm-dm1910b-1502-15x12.png 15w\" sizes=\"auto, (max-width: 516px) 100vw, 516px\" \/><\/p>\n<p><strong>Respuesta de frecuencia:<\/strong> 100 Hz-10 kHz, adaptado para resaltar una reproducci\u00f3n vocal clara en el rango de voz principal.<\/p>\n<h3 class=\"pt-5 text-start\">Dimensiones (UNIDAD: mm)<\/h3>\n<p><img loading=\"lazy\" decoding=\"async\" class=\"alignnone size-full wp-image-1871\" src=\"https:\/\/ecmicrophones.com\/wp-content\/uploads\/2024\/08\/appearance-size_ecm-dm1910b-1502.png\" alt=\"Tama\u00f1o de apariencia\" width=\"747\" height=\"402\" srcset=\"https:\/\/ecmicrophones.com\/wp-content\/uploads\/2024\/08\/appearance-size_ecm-dm1910b-1502.png 747w, https:\/\/ecmicrophones.com\/wp-content\/uploads\/2024\/08\/appearance-size_ecm-dm1910b-1502-300x161.png 300w, https:\/\/ecmicrophones.com\/wp-content\/uploads\/2024\/08\/appearance-size_ecm-dm1910b-1502-18x10.png 18w, https:\/\/ecmicrophones.com\/wp-content\/uploads\/2024\/08\/appearance-size_ecm-dm1910b-1502-600x323.png 600w\" sizes=\"auto, (max-width: 747px) 100vw, 747px\" \/><\/p>\n<p><strong>Dimensiones:<\/strong> Di\u00e1metro: 19 mm; altura: 9,6 mm.<\/p>","protected":false},"excerpt":{"rendered":"<p>C\u00e1psula de micr\u00f3fono din\u00e1mico supercardioide de 19 mm optimizada para micr\u00f3fonos de brazo, auriculares y sistemas de megafon\u00eda. Ofrece una respuesta de frecuencia adaptada de 100 Hz a 10 kHz para una captura vocal clara y enfocada con un fuerte rechazo del ruido de fondo.<\/p>","protected":false},"featured_media":2417,"comment_status":"open","ping_status":"closed","template":"","meta":[],"product_brand":[721],"product_cat":[17],"product_tag":[310,116],"class_list":{"0":"post-1851","1":"product","2":"type-product","3":"status-publish","4":"has-post-thumbnail","6":"product_brand-ecmic","7":"product_cat-dynamic-microphones","8":"product_tag-19mm","9":"product_tag-vocal","11":"first","12":"instock","13":"shipping-taxable","14":"purchasable","15":"product-type-simple"},"_links":{"self":[{"href":"https:\/\/ecmicrophones.com\/es\/wp-json\/wp\/v2\/product\/1851","targetHints":{"allow":["GET"]}}],"collection":[{"href":"https:\/\/ecmicrophones.com\/es\/wp-json\/wp\/v2\/product"}],"about":[{"href":"https:\/\/ecmicrophones.com\/es\/wp-json\/wp\/v2\/types\/product"}],"replies":[{"embeddable":true,"href":"https:\/\/ecmicrophones.com\/es\/wp-json\/wp\/v2\/comments?post=1851"}],"wp:featuredmedia":[{"embeddable":true,"href":"https:\/\/ecmicrophones.com\/es\/wp-json\/wp\/v2\/media\/2417"}],"wp:attachment":[{"href":"https:\/\/ecmicrophones.com\/es\/wp-json\/wp\/v2\/media?parent=1851"}],"wp:term":[{"taxonomy":"product_brand","embeddable":true,"href":"https:\/\/ecmicrophones.com\/es\/wp-json\/wp\/v2\/product_brand?post=1851"},{"taxonomy":"product_cat","embeddable":true,"href":"https:\/\/ecmicrophones.com\/es\/wp-json\/wp\/v2\/product_cat?post=1851"},{"taxonomy":"product_tag","embeddable":true,"href":"https:\/\/ecmicrophones.com\/es\/wp-json\/wp\/v2\/product_tag?post=1851"}],"curies":[{"name":"wp","href":"https:\/\/api.w.org\/{rel}","templated":true}]}}