{"id":187,"date":"2024-03-27T12:06:12","date_gmt":"2024-03-27T12:06:12","guid":{"rendered":"https:\/\/ecmicrophones.com\/?post_type=product&#038;p=187"},"modified":"2026-03-19T15:42:56","modified_gmt":"2026-03-19T07:42:56","slug":"security-camera-microphone-capsule-6mm","status":"publish","type":"product","link":"https:\/\/ecmicrophones.com\/es\/security-camera-microphone-capsule-6mm\/","title":{"rendered":"C\u00e1psula de micr\u00f3fono para c\u00e1mara de seguridad de 6 mm"},"content":{"rendered":"<h2 class=\"text-start\">Especificaciones t\u00e9cnicas<\/h2>\n<p class=\"text-start\">El ECM-B6027AL30RC es una c\u00e1psula de micr\u00f3fono omnidireccional compacta de 6 mm dise\u00f1ada para c\u00e1maras de seguridad, que ofrece una captura de audio de alta calidad en diversos entornos de vigilancia. Con una sensibilidad de -30 dB y una relaci\u00f3n se\u00f1al\/ruido de 74 dB, garantiza una grabaci\u00f3n de audio clara y precisa, incluso en condiciones ruidosas. El rango de respuesta en frecuencia de 50 Hz a 10 kHz captura con precisi\u00f3n los sonidos de baja y alta frecuencia, por lo que es ideal para una vigilancia exhaustiva.<\/p>\n<p class=\"text-start\">Fabricada con materiales duraderos de aleaci\u00f3n de Al y Mg, esta c\u00e1psula de micr\u00f3fono est\u00e1 construida para ofrecer fiabilidad y longevidad, incluso en entornos exteriores dif\u00edciles. Funciona a 2 Vcc y es perfecta para su integraci\u00f3n en sistemas de c\u00e1mara inal\u00e1mbricos y por cable que requieran un micr\u00f3fono peque\u00f1o, eficiente y fiable con interferencias m\u00ednimas.<\/p>\n<p class=\"text-start\">Para un uso m\u00e1s resistente en exteriores, considere el <a href=\"https:\/\/ecmicrophones.com\/es\/wireless-interview-microphone-capsule-6mm\/\">ECM-B6027AL30-L100DFS<\/a>que ofrece caracter\u00edsticas de impermeabilidad mejoradas para condiciones exigentes.<\/p>\n<h3 class=\"pt-5 text-start\">Circuito de prueba est\u00e1ndar<\/h3>\n<p><img loading=\"lazy\" decoding=\"async\" class=\"alignnone size-full wp-image-307\" src=\"https:\/\/ecmicrophones.com\/wp-content\/uploads\/2024\/03\/standard-test-circuit_ecm-b6027al30rc.png\" alt=\"ECM-B6027AL30RC Circuito de prueba: 2,2k\u03a9 de polarizaci\u00f3n, 2V de alimentaci\u00f3n, 1\u03bcF de salida.\" width=\"608\" height=\"250\" srcset=\"https:\/\/ecmicrophones.com\/wp-content\/uploads\/2024\/03\/standard-test-circuit_ecm-b6027al30rc.png 608w, https:\/\/ecmicrophones.com\/wp-content\/uploads\/2024\/03\/standard-test-circuit_ecm-b6027al30rc-300x123.png 300w, https:\/\/ecmicrophones.com\/wp-content\/uploads\/2024\/03\/standard-test-circuit_ecm-b6027al30rc-18x7.png 18w, https:\/\/ecmicrophones.com\/wp-content\/uploads\/2024\/03\/standard-test-circuit_ecm-b6027al30rc-600x247.png 600w\" sizes=\"auto, (max-width: 608px) 100vw, 608px\" \/><\/p>\n<p>Resistencia de polarizaci\u00f3n de 2,2k\u03a9, alimentaci\u00f3n de 2V, cap. de salida de 1\u03bcF. Optimizado para la captura de voz clara.<\/p>\n<h3 class=\"pt-5 text-start\">Respuesta de frecuencia t\u00edpica<\/h3>\n<p><img loading=\"lazy\" decoding=\"async\" class=\"alignnone size-full wp-image-308\" src=\"https:\/\/ecmicrophones.com\/wp-content\/uploads\/2024\/03\/typical-frequency-response_ecm-b6027al30rc.png\" alt=\"ECM-B6027AL30RC Respuesta en frecuencia: Respuesta plana con suave descenso por encima de 10 kHz\" width=\"570\" height=\"301\" srcset=\"https:\/\/ecmicrophones.com\/wp-content\/uploads\/2024\/03\/typical-frequency-response_ecm-b6027al30rc.png 570w, https:\/\/ecmicrophones.com\/wp-content\/uploads\/2024\/03\/typical-frequency-response_ecm-b6027al30rc-300x158.png 300w, https:\/\/ecmicrophones.com\/wp-content\/uploads\/2024\/03\/typical-frequency-response_ecm-b6027al30rc-18x10.png 18w\" sizes=\"auto, (max-width: 570px) 100vw, 570px\" \/><\/p>\n<p>Respuesta plana con suave descenso por encima de 10 kHz.<\/p>\n<h3 class=\"pt-5 text-start\">Dimensiones (Unidad: mm)<\/h3>\n<p><img loading=\"lazy\" decoding=\"async\" class=\"alignnone size-full wp-image-306\" src=\"https:\/\/ecmicrophones.com\/wp-content\/uploads\/2024\/03\/appearance-dimension_ecm-b6027al30rc.png\" alt=\"ECM-B6027AL30RC Dimensiones: \u03a66\u00d72.7mm con malla antipolvo frontal (parte trasera sellada)\" width=\"723\" height=\"638\" srcset=\"https:\/\/ecmicrophones.com\/wp-content\/uploads\/2024\/03\/appearance-dimension_ecm-b6027al30rc.png 723w, https:\/\/ecmicrophones.com\/wp-content\/uploads\/2024\/03\/appearance-dimension_ecm-b6027al30rc-300x265.png 300w, https:\/\/ecmicrophones.com\/wp-content\/uploads\/2024\/03\/appearance-dimension_ecm-b6027al30rc-14x12.png 14w, https:\/\/ecmicrophones.com\/wp-content\/uploads\/2024\/03\/appearance-dimension_ecm-b6027al30rc-600x529.png 600w\" sizes=\"auto, (max-width: 723px) 100vw, 723px\" \/><\/p>\n<p>\u03a66\u00d72,7 mm con rejilla antipolvo frontal (dise\u00f1o trasero sellado).<\/p>","protected":false},"excerpt":{"rendered":"<p>C\u00e1psula de micr\u00f3fono omnidireccional de 6 mm de alto rendimiento con excelente sensibilidad y amplia respuesta en frecuencia, ideal para sistemas de c\u00e1maras de seguridad y aplicaciones de vigilancia. Para un uso m\u00e1s resistente en exteriores, consulte la <a href=\"https:\/\/ecmicrophones.com\/es\/wireless-interview-microphone-capsule-6mm\/\">ECM-B6027AL30-L100DFS<\/a> con caracter\u00edsticas impermeables.<\/p>","protected":false},"featured_media":2660,"comment_status":"open","ping_status":"closed","template":"","meta":[],"product_brand":[721],"product_cat":[16,20],"product_tag":[283,230,288],"class_list":{"0":"post-187","1":"product","2":"type-product","3":"status-publish","4":"has-post-thumbnail","6":"product_brand-ecmic","7":"product_cat-electret-microphones","8":"product_cat-omnidirectional-microphones","9":"product_tag-6mm","10":"product_tag-security","11":"product_tag-solder-pads","13":"first","14":"instock","15":"shipping-taxable","16":"purchasable","17":"product-type-simple"},"_links":{"self":[{"href":"https:\/\/ecmicrophones.com\/es\/wp-json\/wp\/v2\/product\/187","targetHints":{"allow":["GET"]}}],"collection":[{"href":"https:\/\/ecmicrophones.com\/es\/wp-json\/wp\/v2\/product"}],"about":[{"href":"https:\/\/ecmicrophones.com\/es\/wp-json\/wp\/v2\/types\/product"}],"replies":[{"embeddable":true,"href":"https:\/\/ecmicrophones.com\/es\/wp-json\/wp\/v2\/comments?post=187"}],"wp:featuredmedia":[{"embeddable":true,"href":"https:\/\/ecmicrophones.com\/es\/wp-json\/wp\/v2\/media\/2660"}],"wp:attachment":[{"href":"https:\/\/ecmicrophones.com\/es\/wp-json\/wp\/v2\/media?parent=187"}],"wp:term":[{"taxonomy":"product_brand","embeddable":true,"href":"https:\/\/ecmicrophones.com\/es\/wp-json\/wp\/v2\/product_brand?post=187"},{"taxonomy":"product_cat","embeddable":true,"href":"https:\/\/ecmicrophones.com\/es\/wp-json\/wp\/v2\/product_cat?post=187"},{"taxonomy":"product_tag","embeddable":true,"href":"https:\/\/ecmicrophones.com\/es\/wp-json\/wp\/v2\/product_tag?post=187"}],"curies":[{"name":"wp","href":"https:\/\/api.w.org\/{rel}","templated":true}]}}