{"id":1890,"date":"2024-08-23T14:18:34","date_gmt":"2024-08-23T06:18:34","guid":{"rendered":"https:\/\/ecmicrophones.com\/?post_type=product&#038;p=1890"},"modified":"2026-03-19T15:12:16","modified_gmt":"2026-03-19T07:12:16","slug":"19mm-boom-dynamic-microphone-capsule","status":"publish","type":"product","link":"https:\/\/ecmicrophones.com\/es\/19mm-boom-dynamic-microphone-capsule\/","title":{"rendered":"C\u00e1psula de micr\u00f3fono din\u00e1mico con brazo de 19 mm"},"content":{"rendered":"<h2 class=\"text-start\">Especificaciones t\u00e9cnicas<\/h2>\n<p class=\"text-start\">La c\u00e1psula del micr\u00f3fono din\u00e1mico est\u00e1 dise\u00f1ada para una reproducci\u00f3n vocal clara y natural, con una respuesta de frecuencia adaptada de 200 Hz a 7 kHz para enfatizar el rango cr\u00edtico del habla. Su impedancia de 250\u03a9 garantiza una amplia compatibilidad con una gran variedad de sistemas de audio.<\/p>\n<p class=\"text-start\">Fabricada para soportar entornos exigentes, esta robusta c\u00e1psula de 19 mm es ideal para su integraci\u00f3n en auriculares boom, micr\u00f3fonos de cuello de cisne flexibles, sistemas de intercomunicaci\u00f3n y equipos de audio para conferencias. Ofrece una captaci\u00f3n de voz fiable y precisa, minimizando el ruido ambiente y manteniendo la inteligibilidad de la voz.<\/p>\n<p class=\"text-start\">Dise\u00f1ado para aplicaciones profesionales e industriales, este elemento de micr\u00f3fono ofrece un rendimiento y una durabilidad constantes, lo que lo convierte en la opci\u00f3n preferida de los fabricantes que desarrollan soluciones de comunicaci\u00f3n y megafon\u00eda.<\/p>\n<h3 class=\"pt-5 text-start\">Despiece y lista de piezas<\/h3>\n<p><img loading=\"lazy\" decoding=\"async\" class=\"alignnone wp-image-3885 size-full\" src=\"https:\/\/ecmicrophones.com\/wp-content\/uploads\/2024\/08\/dynamic-part_ecm-dm1912k250.png\" alt=\"Parte din\u00e1mica\" width=\"570\" height=\"320\" srcset=\"https:\/\/ecmicrophones.com\/wp-content\/uploads\/2024\/08\/dynamic-part_ecm-dm1912k250.png 570w, https:\/\/ecmicrophones.com\/wp-content\/uploads\/2024\/08\/dynamic-part_ecm-dm1912k250-300x168.png 300w, https:\/\/ecmicrophones.com\/wp-content\/uploads\/2024\/08\/dynamic-part_ecm-dm1912k250-18x10.png 18w\" sizes=\"auto, (max-width: 570px) 100vw, 570px\" \/><\/p>\n<p><strong>Lista de piezas:<\/strong> Esponja, Cubierta, Diafragma, Bobina, Acero magn\u00e9tico, Olla de hierro, Soporte, PCB + Esta\u00f1o.<\/p>\n<h3 class=\"pt-5 text-start\">Curva de respuesta en frecuencia<\/h3>\n<p><img loading=\"lazy\" decoding=\"async\" class=\"alignnone size-full wp-image-1893\" src=\"https:\/\/ecmicrophones.com\/wp-content\/uploads\/2024\/08\/response-curve_ecm-dm1912k250.png\" alt=\"Curva de respuesta\" width=\"517\" height=\"412\" srcset=\"https:\/\/ecmicrophones.com\/wp-content\/uploads\/2024\/08\/response-curve_ecm-dm1912k250.png 517w, https:\/\/ecmicrophones.com\/wp-content\/uploads\/2024\/08\/response-curve_ecm-dm1912k250-300x239.png 300w, https:\/\/ecmicrophones.com\/wp-content\/uploads\/2024\/08\/response-curve_ecm-dm1912k250-15x12.png 15w\" sizes=\"auto, (max-width: 517px) 100vw, 517px\" \/><\/p>\n<p><strong>Respuesta de frecuencia:<\/strong> 200 Hz-7 kHz, optimizado para una reproducci\u00f3n vocal clara dentro de la gama principal de frecuencias del habla.<\/p>\n<h3 class=\"pt-5 text-start\">Dimensiones (UNIDAD: mm)<\/h3>\n<p><img loading=\"lazy\" decoding=\"async\" class=\"alignnone size-full wp-image-1891\" src=\"https:\/\/ecmicrophones.com\/wp-content\/uploads\/2024\/08\/appearance-size_ecm-dm1912k250.png\" alt=\"Tama\u00f1o de apariencia\" width=\"363\" height=\"369\" srcset=\"https:\/\/ecmicrophones.com\/wp-content\/uploads\/2024\/08\/appearance-size_ecm-dm1912k250.png 363w, https:\/\/ecmicrophones.com\/wp-content\/uploads\/2024\/08\/appearance-size_ecm-dm1912k250-295x300.png 295w, https:\/\/ecmicrophones.com\/wp-content\/uploads\/2024\/08\/appearance-size_ecm-dm1912k250-12x12.png 12w\" sizes=\"auto, (max-width: 363px) 100vw, 363px\" \/><\/p>\n<p><strong>Dimensiones:<\/strong> Di\u00e1metro: 19,2 mm; altura: 12 mm.<\/p>","protected":false},"excerpt":{"rendered":"<p>Optimizada para auriculares boom, intercomunicadores y sistemas de conferencia, esta robusta c\u00e1psula de micr\u00f3fono din\u00e1mico unidireccional de 19 mm ofrece una captaci\u00f3n vocal clara y natural con una respuesta de frecuencia adaptada de 200 Hz a 7 kHz para un rendimiento fiable en entornos exigentes.<\/p>","protected":false},"featured_media":2427,"comment_status":"open","ping_status":"closed","template":"","meta":[],"product_brand":[721],"product_cat":[17],"product_tag":[310,116],"class_list":{"0":"post-1890","1":"product","2":"type-product","3":"status-publish","4":"has-post-thumbnail","6":"product_brand-ecmic","7":"product_cat-dynamic-microphones","8":"product_tag-19mm","9":"product_tag-vocal","11":"first","12":"instock","13":"shipping-taxable","14":"purchasable","15":"product-type-simple"},"_links":{"self":[{"href":"https:\/\/ecmicrophones.com\/es\/wp-json\/wp\/v2\/product\/1890","targetHints":{"allow":["GET"]}}],"collection":[{"href":"https:\/\/ecmicrophones.com\/es\/wp-json\/wp\/v2\/product"}],"about":[{"href":"https:\/\/ecmicrophones.com\/es\/wp-json\/wp\/v2\/types\/product"}],"replies":[{"embeddable":true,"href":"https:\/\/ecmicrophones.com\/es\/wp-json\/wp\/v2\/comments?post=1890"}],"wp:featuredmedia":[{"embeddable":true,"href":"https:\/\/ecmicrophones.com\/es\/wp-json\/wp\/v2\/media\/2427"}],"wp:attachment":[{"href":"https:\/\/ecmicrophones.com\/es\/wp-json\/wp\/v2\/media?parent=1890"}],"wp:term":[{"taxonomy":"product_brand","embeddable":true,"href":"https:\/\/ecmicrophones.com\/es\/wp-json\/wp\/v2\/product_brand?post=1890"},{"taxonomy":"product_cat","embeddable":true,"href":"https:\/\/ecmicrophones.com\/es\/wp-json\/wp\/v2\/product_cat?post=1890"},{"taxonomy":"product_tag","embeddable":true,"href":"https:\/\/ecmicrophones.com\/es\/wp-json\/wp\/v2\/product_tag?post=1890"}],"curies":[{"name":"wp","href":"https:\/\/api.w.org\/{rel}","templated":true}]}}