{"id":1899,"date":"2024-08-28T16:09:55","date_gmt":"2024-08-28T08:09:55","guid":{"rendered":"https:\/\/ecmicrophones.com\/?post_type=product&#038;p=1899"},"modified":"2026-03-19T15:12:06","modified_gmt":"2026-03-19T07:12:06","slug":"40mm-speaker-driver-for-telephone-handsets","status":"publish","type":"product","link":"https:\/\/ecmicrophones.com\/es\/40mm-speaker-driver-for-telephone-handsets\/","title":{"rendered":"Altavoz de 40 mm de alto rendimiento para auriculares de juego"},"content":{"rendered":"<h2 class=\"text-start\">Especificaciones t\u00e9cnicas<\/h2>\n<p class=\"text-start\">Nuestro compacto transductor din\u00e1mico ofrece una potente salida de audio con una calidad de sonido n\u00edtida y una amplia cobertura de frecuencias, por lo que resulta ideal para auriculares de juegos, ya que proporciona una experiencia de audio din\u00e1mica con gran claridad y graves profundos para sumergirse en el juego.<\/p>\n<h3 class=\"pt-5 text-start\">Curva de respuesta en frecuencia<\/h3>\n<p><img loading=\"lazy\" decoding=\"async\" class=\"alignnone size-full wp-image-1900\" src=\"https:\/\/ecmicrophones.com\/wp-content\/uploads\/2024\/08\/response-curve_xy40g-349.png\" alt=\"Curva de respuesta\" width=\"727\" height=\"318\" srcset=\"https:\/\/ecmicrophones.com\/wp-content\/uploads\/2024\/08\/response-curve_xy40g-349.png 727w, https:\/\/ecmicrophones.com\/wp-content\/uploads\/2024\/08\/response-curve_xy40g-349-300x131.png 300w, https:\/\/ecmicrophones.com\/wp-content\/uploads\/2024\/08\/response-curve_xy40g-349-18x8.png 18w, https:\/\/ecmicrophones.com\/wp-content\/uploads\/2024\/08\/response-curve_xy40g-349-600x262.png 600w\" sizes=\"auto, (max-width: 727px) 100vw, 727px\" \/><\/p>\n<p>\nEl altavoz presenta un dise\u00f1o multicapa optimizado para ofrecer frecuencias medias y bajas n\u00edtidas y una distorsi\u00f3n reducida. Ideal para aplicaciones que requieren graves ricos y claridad vocal, como los dispositivos de audio port\u00e1tiles.<\/p>\n<h3 class=\"pt-5 text-start\">Dimensiones (UNIDAD: mm)<\/h3>\n<p><img loading=\"lazy\" decoding=\"async\" class=\"alignnone size-full wp-image-1901\" src=\"https:\/\/ecmicrophones.com\/wp-content\/uploads\/2024\/08\/appearance-size_xy40g-349.jpg\" alt=\"Tama\u00f1o de apariencia\" width=\"680\" height=\"350\" srcset=\"https:\/\/ecmicrophones.com\/wp-content\/uploads\/2024\/08\/appearance-size_xy40g-349.jpg 680w, https:\/\/ecmicrophones.com\/wp-content\/uploads\/2024\/08\/appearance-size_xy40g-349-300x154.jpg 300w, https:\/\/ecmicrophones.com\/wp-content\/uploads\/2024\/08\/appearance-size_xy40g-349-18x9.jpg 18w, https:\/\/ecmicrophones.com\/wp-content\/uploads\/2024\/08\/appearance-size_xy40g-349-600x309.jpg 600w\" sizes=\"auto, (max-width: 680px) 100vw, 680px\" \/><\/p>\n<p>\nDi\u00e1metro: 39,8 mm; altura: 7,2 mm. Unidad de driver de altavoz compacta.<\/p>","protected":false},"excerpt":{"rendered":"<p>El ECM-SPYX40G-349 es un altavoz din\u00e1mico de 40 mm de alto rendimiento dise\u00f1ado para auriculares de juegos. Con unas dimensiones precisas de 39,8 \u00d7 7,2 mm, presenta una impedancia de 32\u03a9\u00b115% y ofrece un nivel m\u00e1ximo de presi\u00f3n sonora de 118,7 dB\u00b13. El transductor ofrece un amplio rango de respuesta en frecuencia de 20 Hz a 20 kHz, lo que garantiza un sonido claro y envolvente con graves profundos y agudos n\u00edtidos.<\/p>","protected":false},"featured_media":2620,"comment_status":"open","ping_status":"closed","template":"","meta":[],"product_brand":[721],"product_cat":[393],"product_tag":[],"class_list":{"0":"post-1899","1":"product","2":"type-product","3":"status-publish","4":"has-post-thumbnail","6":"product_brand-ecmic","7":"product_cat-speaker-drivers","9":"first","10":"instock","11":"shipping-taxable","12":"purchasable","13":"product-type-simple"},"_links":{"self":[{"href":"https:\/\/ecmicrophones.com\/es\/wp-json\/wp\/v2\/product\/1899","targetHints":{"allow":["GET"]}}],"collection":[{"href":"https:\/\/ecmicrophones.com\/es\/wp-json\/wp\/v2\/product"}],"about":[{"href":"https:\/\/ecmicrophones.com\/es\/wp-json\/wp\/v2\/types\/product"}],"replies":[{"embeddable":true,"href":"https:\/\/ecmicrophones.com\/es\/wp-json\/wp\/v2\/comments?post=1899"}],"wp:featuredmedia":[{"embeddable":true,"href":"https:\/\/ecmicrophones.com\/es\/wp-json\/wp\/v2\/media\/2620"}],"wp:attachment":[{"href":"https:\/\/ecmicrophones.com\/es\/wp-json\/wp\/v2\/media?parent=1899"}],"wp:term":[{"taxonomy":"product_brand","embeddable":true,"href":"https:\/\/ecmicrophones.com\/es\/wp-json\/wp\/v2\/product_brand?post=1899"},{"taxonomy":"product_cat","embeddable":true,"href":"https:\/\/ecmicrophones.com\/es\/wp-json\/wp\/v2\/product_cat?post=1899"},{"taxonomy":"product_tag","embeddable":true,"href":"https:\/\/ecmicrophones.com\/es\/wp-json\/wp\/v2\/product_tag?post=1899"}],"curies":[{"name":"wp","href":"https:\/\/api.w.org\/{rel}","templated":true}]}}