{"id":1939,"date":"2024-09-20T15:15:44","date_gmt":"2024-09-20T07:15:44","guid":{"rendered":"https:\/\/ecmicrophones.com\/?post_type=product&#038;p=1939"},"modified":"2026-03-19T15:11:31","modified_gmt":"2026-03-19T07:11:31","slug":"4mm-electret-lavalier-microphone-capsule-for-clear-sound","status":"publish","type":"product","link":"https:\/\/ecmicrophones.com\/es\/4mm-electret-lavalier-microphone-capsule-for-clear-sound\/","title":{"rendered":"C\u00e1psula de micr\u00f3fono de solapa electret de 4 mm para un sonido n\u00edtido"},"content":{"rendered":"<h2 class=\"text-start\">Especificaciones t\u00e9cnicas<\/h2>\n<p class=\"text-start\">El ECM-B4015AL38RC-L10 es una c\u00e1psula de micr\u00f3fono omnidireccional de 4 mm con cables preconectados de 10 mm, lo que facilita su r\u00e1pida integraci\u00f3n en diversos dispositivos. Construido con un n\u00facleo de micr\u00f3fono de alta calidad y un dise\u00f1o de doble condensador, este micr\u00f3fono garantiza una gran resistencia a las interferencias, por lo que es ideal para aplicaciones en entornos con mucho ruido electr\u00f3nico.<\/p>\n<p class=\"text-start\">Este modelo proporciona una excelente fidelidad de sonido con una respuesta de frecuencia de 50 Hz a 16 kHz, ofreciendo un audio claro y n\u00edtido. La sensibilidad de -38dB y la relaci\u00f3n se\u00f1al\/ruido de 65dB lo hacen adecuado para grabaci\u00f3n de audio de alto rendimiento, sistemas de reconocimiento de voz y dispositivos m\u00e9dicos. Los cables de 10 mm facilitan el montaje y son ideales para aplicaciones en las que el espacio y la eficiencia son fundamentales.<\/p>\n<h3 class=\"pt-5 text-start\">Circuito de prueba est\u00e1ndar<\/h3>\n<p><img loading=\"lazy\" decoding=\"async\" class=\"alignnone size-full wp-image-434\" src=\"https:\/\/ecmicrophones.com\/wp-content\/uploads\/2024\/04\/standard-test-circuit_ecm-b4015al38rc-l10.png\" alt=\"Circuito de prueba est\u00e1ndar\" width=\"561\" height=\"245\" srcset=\"https:\/\/ecmicrophones.com\/wp-content\/uploads\/2024\/04\/standard-test-circuit_ecm-b4015al38rc-l10.png 561w, https:\/\/ecmicrophones.com\/wp-content\/uploads\/2024\/04\/standard-test-circuit_ecm-b4015al38rc-l10-300x131.png 300w, https:\/\/ecmicrophones.com\/wp-content\/uploads\/2024\/04\/standard-test-circuit_ecm-b4015al38rc-l10-18x8.png 18w\" sizes=\"auto, (max-width: 561px) 100vw, 561px\" \/><\/p>\n<p>Condiciones de prueba: RL = 2,2k\u03a9, Vs = 3V, C = 1\u03bcF<\/p>\n<h3 class=\"pt-5 text-start\">Respuesta de frecuencia t\u00edpica<\/h3>\n<p><img loading=\"lazy\" decoding=\"async\" class=\"alignnone size-full wp-image-435\" src=\"https:\/\/ecmicrophones.com\/wp-content\/uploads\/2024\/04\/typical-frequency-response_ecm-b4015al38rc-l10.png\" alt=\"Respuesta de frecuencia t\u00edpica\" width=\"397\" height=\"284\" srcset=\"https:\/\/ecmicrophones.com\/wp-content\/uploads\/2024\/04\/typical-frequency-response_ecm-b4015al38rc-l10.png 397w, https:\/\/ecmicrophones.com\/wp-content\/uploads\/2024\/04\/typical-frequency-response_ecm-b4015al38rc-l10-300x215.png 300w, https:\/\/ecmicrophones.com\/wp-content\/uploads\/2024\/04\/typical-frequency-response_ecm-b4015al38rc-l10-18x12.png 18w\" sizes=\"auto, (max-width: 397px) 100vw, 397px\" \/><\/p>\n<p>La respuesta en frecuencia permanece plana de 50 Hz a 1 kHz, y luego disminuye gradualmente. La respuesta cae m\u00e1s bruscamente a partir de 2 kHz aproximadamente.<\/p>\n<h3 class=\"pt-5 text-start\">Dimensiones (UNIDAD: mm)<\/h3>\n<p><img loading=\"lazy\" decoding=\"async\" class=\"alignnone size-full wp-image-433\" src=\"https:\/\/ecmicrophones.com\/wp-content\/uploads\/2024\/04\/appearance-dimension_ecm-b4015al38rc-l10.png\" alt=\"Dimensi\u00f3n de apariencia\" width=\"511\" height=\"471\" srcset=\"https:\/\/ecmicrophones.com\/wp-content\/uploads\/2024\/04\/appearance-dimension_ecm-b4015al38rc-l10.png 511w, https:\/\/ecmicrophones.com\/wp-content\/uploads\/2024\/04\/appearance-dimension_ecm-b4015al38rc-l10-300x277.png 300w, https:\/\/ecmicrophones.com\/wp-content\/uploads\/2024\/04\/appearance-dimension_ecm-b4015al38rc-l10-13x12.png 13w\" sizes=\"auto, (max-width: 511px) 100vw, 511px\" \/><\/p>\n<p>La c\u00e1psula mide 4 mm de di\u00e1metro y 1,5 mm de altura. La parte delantera lleva una malla antipolvo y la trasera no tiene puerto ac\u00fastico. Viene pre-soldada con un cable paralelo de 10 mm.<\/p>","protected":false},"excerpt":{"rendered":"<p>C\u00e1psula de micr\u00f3fono omnidireccional con cables preconectados de 10 mm, que ofrece una f\u00e1cil integraci\u00f3n y captura de sonido de alta calidad para dispositivos de audio profesionales. Para versiones sin cables o con cables m\u00e1s largos, consulte <a href=\"https:\/\/ecmicrophones.com\/es\/4mm-omnidirectional-miniature-electret-microphone-capsule\/\">sin plomo<\/a> o <a href=\"https:\/\/ecmicrophones.com\/es\/4mm-electret-condenser-microphone-element-with-leads-for-omnidirectional-pickup\/\">25mm<\/a> modelos.<\/p>","protected":false},"featured_media":2651,"comment_status":"open","ping_status":"closed","template":"","meta":[],"product_brand":[721],"product_cat":[16,20],"product_tag":[284,235,290],"class_list":{"0":"post-1939","1":"product","2":"type-product","3":"status-publish","4":"has-post-thumbnail","6":"product_brand-ecmic","7":"product_cat-electret-microphones","8":"product_cat-omnidirectional-microphones","9":"product_tag-4mm","10":"product_tag-conference","11":"product_tag-wire-leads","13":"first","14":"instock","15":"shipping-taxable","16":"purchasable","17":"product-type-simple"},"_links":{"self":[{"href":"https:\/\/ecmicrophones.com\/es\/wp-json\/wp\/v2\/product\/1939","targetHints":{"allow":["GET"]}}],"collection":[{"href":"https:\/\/ecmicrophones.com\/es\/wp-json\/wp\/v2\/product"}],"about":[{"href":"https:\/\/ecmicrophones.com\/es\/wp-json\/wp\/v2\/types\/product"}],"replies":[{"embeddable":true,"href":"https:\/\/ecmicrophones.com\/es\/wp-json\/wp\/v2\/comments?post=1939"}],"wp:featuredmedia":[{"embeddable":true,"href":"https:\/\/ecmicrophones.com\/es\/wp-json\/wp\/v2\/media\/2651"}],"wp:attachment":[{"href":"https:\/\/ecmicrophones.com\/es\/wp-json\/wp\/v2\/media?parent=1939"}],"wp:term":[{"taxonomy":"product_brand","embeddable":true,"href":"https:\/\/ecmicrophones.com\/es\/wp-json\/wp\/v2\/product_brand?post=1939"},{"taxonomy":"product_cat","embeddable":true,"href":"https:\/\/ecmicrophones.com\/es\/wp-json\/wp\/v2\/product_cat?post=1939"},{"taxonomy":"product_tag","embeddable":true,"href":"https:\/\/ecmicrophones.com\/es\/wp-json\/wp\/v2\/product_tag?post=1939"}],"curies":[{"name":"wp","href":"https:\/\/api.w.org\/{rel}","templated":true}]}}