{"id":201,"date":"2024-03-28T09:04:47","date_gmt":"2024-03-28T09:04:47","guid":{"rendered":"https:\/\/ecmicrophones.com\/?post_type=product&#038;p=201"},"modified":"2026-03-19T15:46:47","modified_gmt":"2026-03-19T07:46:47","slug":"vocal-recording-microphone-capsule-14mm","status":"publish","type":"product","link":"https:\/\/ecmicrophones.com\/es\/vocal-recording-microphone-capsule-14mm\/","title":{"rendered":"C\u00e1psula de micr\u00f3fono para grabaci\u00f3n vocal de 14 mm"},"content":{"rendered":"<h2 class=\"text-start\">Especificaciones t\u00e9cnicas<\/h2>\n<p class=\"text-start\">Nuestro cabezal de micr\u00f3fono unidireccional 1445, dise\u00f1ado para aplicaciones vocales, se somete a pruebas rigurosas que incluyen un proceso de envejecimiento de 12 horas a 80 \u00b0C, pruebas de ca\u00edda de 1 metro y pruebas de niebla salina y humedad. Garantiza una calidad constante incluso en las condiciones m\u00e1s exigentes.<\/p>\n<h3 class=\"pt-5 text-start\">Circuito de prueba est\u00e1ndar<\/h3>\n<p><img loading=\"lazy\" decoding=\"async\" class=\"alignnone size-full wp-image-311\" src=\"https:\/\/ecmicrophones.com\/wp-content\/uploads\/2024\/03\/standard-test-circuit_ecm-b1445ul44-476.png\" alt=\"Circuito de prueba est\u00e1ndar\" width=\"490\" height=\"207\" srcset=\"https:\/\/ecmicrophones.com\/wp-content\/uploads\/2024\/03\/standard-test-circuit_ecm-b1445ul44-476.png 490w, https:\/\/ecmicrophones.com\/wp-content\/uploads\/2024\/03\/standard-test-circuit_ecm-b1445ul44-476-300x127.png 300w, https:\/\/ecmicrophones.com\/wp-content\/uploads\/2024\/03\/standard-test-circuit_ecm-b1445ul44-476-18x8.png 18w\" sizes=\"auto, (max-width: 490px) 100vw, 490px\" \/><\/p>\n<p>Condiciones de prueba: RL = 680\u03a9, VS = 1,5V, C = 1\u03bcF.<\/p>\n<h3 class=\"pt-5 text-start\">Respuesta de frecuencia t\u00edpica<\/h3>\n<p><img loading=\"lazy\" decoding=\"async\" class=\"alignnone size-full wp-image-312\" src=\"https:\/\/ecmicrophones.com\/wp-content\/uploads\/2024\/03\/typical-frequency-response_ecm-b1445ul44-476.png\" alt=\"Respuesta de frecuencia t\u00edpica\" width=\"528\" height=\"255\" srcset=\"https:\/\/ecmicrophones.com\/wp-content\/uploads\/2024\/03\/typical-frequency-response_ecm-b1445ul44-476.png 528w, https:\/\/ecmicrophones.com\/wp-content\/uploads\/2024\/03\/typical-frequency-response_ecm-b1445ul44-476-300x145.png 300w, https:\/\/ecmicrophones.com\/wp-content\/uploads\/2024\/03\/typical-frequency-response_ecm-b1445ul44-476-18x9.png 18w\" sizes=\"auto, (max-width: 528px) 100vw, 528px\" \/><\/p>\n<p>La respuesta en frecuencia se mantiene plana de 100 Hz a 3 kHz, aumenta notablemente entre 3 kHz y 5 kHz, y luego disminuye gradualmente hacia 20 kHz.<\/p>\n<h3 class=\"pt-5 text-start\">Dimensiones (UNIDAD: mm)<\/h3>\n<p><img loading=\"lazy\" decoding=\"async\" class=\"alignnone size-full wp-image-310\" src=\"https:\/\/ecmicrophones.com\/wp-content\/uploads\/2024\/03\/appearance-dimension_ecm-b1445ul44-476.png\" alt=\"Dimensi\u00f3n de apariencia\" width=\"820\" height=\"602\" srcset=\"https:\/\/ecmicrophones.com\/wp-content\/uploads\/2024\/03\/appearance-dimension_ecm-b1445ul44-476.png 820w, https:\/\/ecmicrophones.com\/wp-content\/uploads\/2024\/03\/appearance-dimension_ecm-b1445ul44-476-300x220.png 300w, https:\/\/ecmicrophones.com\/wp-content\/uploads\/2024\/03\/appearance-dimension_ecm-b1445ul44-476-768x564.png 768w, https:\/\/ecmicrophones.com\/wp-content\/uploads\/2024\/03\/appearance-dimension_ecm-b1445ul44-476-16x12.png 16w, https:\/\/ecmicrophones.com\/wp-content\/uploads\/2024\/03\/appearance-dimension_ecm-b1445ul44-476-600x440.png 600w\" sizes=\"auto, (max-width: 820px) 100vw, 820px\" \/><\/p>\n<p>La c\u00e1psula mide 14 mm de di\u00e1metro y 4,5 mm de altura, y cuenta con una rejilla antipolvo frontal y un puerto ac\u00fastico trasero.<\/p>","protected":false},"excerpt":{"rendered":"<p>El ECM-B1445UL44-476 es una c\u00e1psula de micr\u00f3fono unidireccional de 14 \u00d7 4,5 mm dise\u00f1ada para aplicaciones vocales. Con una sensibilidad de -44 dB \u00b1 2 y una relaci\u00f3n se\u00f1al\/ruido de 66 dB, garantiza una reproducci\u00f3n de sonido clara y n\u00edtida. Ideal para capturar voces humanas con precisi\u00f3n y claridad.<\/p>","protected":false},"featured_media":2628,"comment_status":"open","ping_status":"closed","template":"","meta":[],"product_brand":[721],"product_cat":[16,21],"product_tag":[280,288,116],"class_list":{"0":"post-201","1":"product","2":"type-product","3":"status-publish","4":"has-post-thumbnail","6":"product_brand-ecmic","7":"product_cat-electret-microphones","8":"product_cat-unidirectional-microphones","9":"product_tag-14mm","10":"product_tag-solder-pads","11":"product_tag-vocal","13":"first","14":"instock","15":"shipping-taxable","16":"purchasable","17":"product-type-simple"},"_links":{"self":[{"href":"https:\/\/ecmicrophones.com\/es\/wp-json\/wp\/v2\/product\/201","targetHints":{"allow":["GET"]}}],"collection":[{"href":"https:\/\/ecmicrophones.com\/es\/wp-json\/wp\/v2\/product"}],"about":[{"href":"https:\/\/ecmicrophones.com\/es\/wp-json\/wp\/v2\/types\/product"}],"replies":[{"embeddable":true,"href":"https:\/\/ecmicrophones.com\/es\/wp-json\/wp\/v2\/comments?post=201"}],"wp:featuredmedia":[{"embeddable":true,"href":"https:\/\/ecmicrophones.com\/es\/wp-json\/wp\/v2\/media\/2628"}],"wp:attachment":[{"href":"https:\/\/ecmicrophones.com\/es\/wp-json\/wp\/v2\/media?parent=201"}],"wp:term":[{"taxonomy":"product_brand","embeddable":true,"href":"https:\/\/ecmicrophones.com\/es\/wp-json\/wp\/v2\/product_brand?post=201"},{"taxonomy":"product_cat","embeddable":true,"href":"https:\/\/ecmicrophones.com\/es\/wp-json\/wp\/v2\/product_cat?post=201"},{"taxonomy":"product_tag","embeddable":true,"href":"https:\/\/ecmicrophones.com\/es\/wp-json\/wp\/v2\/product_tag?post=201"}],"curies":[{"name":"wp","href":"https:\/\/api.w.org\/{rel}","templated":true}]}}