{"id":206,"date":"2024-03-28T09:09:16","date_gmt":"2024-03-28T09:09:16","guid":{"rendered":"https:\/\/ecmicrophones.com\/?post_type=product&#038;p=206"},"modified":"2026-03-19T15:46:56","modified_gmt":"2026-03-19T07:46:56","slug":"tws-earbuds-microphone-smd-4mm","status":"publish","type":"product","link":"https:\/\/ecmicrophones.com\/es\/tws-earbuds-microphone-smd-4mm\/","title":{"rendered":"Micr\u00f3fono SMD de 4 mm para auriculares TWS"},"content":{"rendered":"<h2 class=\"text-start\">Especificaciones t\u00e9cnicas<\/h2>\n<p class=\"text-start\">Utilizando materiales importados resistentes a altas temperaturas y respetuosos con el medio ambiente, nuestro cabezal de micr\u00f3fono de montaje en superficie 4013 de alta sensibilidad garantiza un rendimiento confiable en condiciones exigentes.<\/p>\n<h3 class=\"pt-5 text-start\">Circuito de prueba est\u00e1ndar<\/h3>\n<p><img loading=\"lazy\" decoding=\"async\" class=\"alignnone wp-image-316\" src=\"https:\/\/ecmicrophones.com\/wp-content\/uploads\/2024\/03\/standard-test-circuit_ecm-b4013al-smd-29.png\" alt=\"Circuito de prueba est\u00e1ndar\" width=\"608\" height=\"298\" srcset=\"https:\/\/ecmicrophones.com\/wp-content\/uploads\/2024\/03\/standard-test-circuit_ecm-b4013al-smd-29.png 1542w, https:\/\/ecmicrophones.com\/wp-content\/uploads\/2024\/03\/standard-test-circuit_ecm-b4013al-smd-29-300x147.png 300w, https:\/\/ecmicrophones.com\/wp-content\/uploads\/2024\/03\/standard-test-circuit_ecm-b4013al-smd-29-1024x502.png 1024w, https:\/\/ecmicrophones.com\/wp-content\/uploads\/2024\/03\/standard-test-circuit_ecm-b4013al-smd-29-768x377.png 768w, https:\/\/ecmicrophones.com\/wp-content\/uploads\/2024\/03\/standard-test-circuit_ecm-b4013al-smd-29-1536x753.png 1536w, https:\/\/ecmicrophones.com\/wp-content\/uploads\/2024\/03\/standard-test-circuit_ecm-b4013al-smd-29-18x9.png 18w, https:\/\/ecmicrophones.com\/wp-content\/uploads\/2024\/03\/standard-test-circuit_ecm-b4013al-smd-29-600x294.png 600w\" sizes=\"auto, (max-width: 608px) 100vw, 608px\" \/><\/p>\n<p>Condiciones de prueba: Resistencia de polarizaci\u00f3n de 2,2k\u03a9, tensi\u00f3n de alimentaci\u00f3n de 2V, condensador de salida de 1\u03bcF.<\/p>\n<h3 class=\"pt-5 text-start\">Respuesta de frecuencia t\u00edpica<\/h3>\n<p><img loading=\"lazy\" decoding=\"async\" class=\"alignnone size-full wp-image-314\" src=\"https:\/\/ecmicrophones.com\/wp-content\/uploads\/2024\/03\/typical-frequency-response_ecm-b4013al-smd-29.png\" alt=\"Respuesta de frecuencia t\u00edpica\" width=\"561\" height=\"191\" srcset=\"https:\/\/ecmicrophones.com\/wp-content\/uploads\/2024\/03\/typical-frequency-response_ecm-b4013al-smd-29.png 561w, https:\/\/ecmicrophones.com\/wp-content\/uploads\/2024\/03\/typical-frequency-response_ecm-b4013al-smd-29-300x102.png 300w, https:\/\/ecmicrophones.com\/wp-content\/uploads\/2024\/03\/typical-frequency-response_ecm-b4013al-smd-29-18x6.png 18w\" sizes=\"auto, (max-width: 561px) 100vw, 561px\" \/><\/p>\n<p>Gama de frecuencias de 50 Hz a 16 kHz; respuesta relativamente plana de 50 Hz a 3 kHz, seguida de una ca\u00edda gradual de 3 kHz a 16 kHz.<\/p>\n<h3 class=\"pt-5 text-start\">Dimensiones (UNIDAD: mm)<\/h3>\n<p><img loading=\"lazy\" decoding=\"async\" class=\"alignnone size-full wp-image-315\" src=\"https:\/\/ecmicrophones.com\/wp-content\/uploads\/2024\/03\/appearance-dimension_ecm-b4013al-smd-29.png\" alt=\"Dimensi\u00f3n de apariencia\" width=\"454\" height=\"454\" srcset=\"https:\/\/ecmicrophones.com\/wp-content\/uploads\/2024\/03\/appearance-dimension_ecm-b4013al-smd-29.png 454w, https:\/\/ecmicrophones.com\/wp-content\/uploads\/2024\/03\/appearance-dimension_ecm-b4013al-smd-29-300x300.png 300w, https:\/\/ecmicrophones.com\/wp-content\/uploads\/2024\/03\/appearance-dimension_ecm-b4013al-smd-29-150x150.png 150w, https:\/\/ecmicrophones.com\/wp-content\/uploads\/2024\/03\/appearance-dimension_ecm-b4013al-smd-29-12x12.png 12w, https:\/\/ecmicrophones.com\/wp-content\/uploads\/2024\/03\/appearance-dimension_ecm-b4013al-smd-29-100x100.png 100w\" sizes=\"auto, (max-width: 454px) 100vw, 454px\" \/><\/p>\n<p>C\u00e1psula de micr\u00f3fono electret SMD compacta de 4 mm de di\u00e1metro y 1,3 mm de altura.<\/p>","protected":false},"excerpt":{"rendered":"<p>El ECM-B4013AL-SMD-29 es un micr\u00f3fono SMD de 4 \u00d7 1,3 mm dise\u00f1ado espec\u00edficamente para auriculares TWS. Con directividad omnidireccional y una sensibilidad de -29 dB\u00b12, garantiza una captura de sonido eficaz.<\/p>","protected":false},"featured_media":2435,"comment_status":"open","ping_status":"closed","template":"","meta":[],"product_brand":[721],"product_cat":[18],"product_tag":[284,229],"class_list":{"0":"post-206","1":"product","2":"type-product","3":"status-publish","4":"has-post-thumbnail","6":"product_brand-ecmic","7":"product_cat-smd-microphones","8":"product_tag-4mm","9":"product_tag-equipment","11":"first","12":"instock","13":"shipping-taxable","14":"purchasable","15":"product-type-simple"},"_links":{"self":[{"href":"https:\/\/ecmicrophones.com\/es\/wp-json\/wp\/v2\/product\/206","targetHints":{"allow":["GET"]}}],"collection":[{"href":"https:\/\/ecmicrophones.com\/es\/wp-json\/wp\/v2\/product"}],"about":[{"href":"https:\/\/ecmicrophones.com\/es\/wp-json\/wp\/v2\/types\/product"}],"replies":[{"embeddable":true,"href":"https:\/\/ecmicrophones.com\/es\/wp-json\/wp\/v2\/comments?post=206"}],"wp:featuredmedia":[{"embeddable":true,"href":"https:\/\/ecmicrophones.com\/es\/wp-json\/wp\/v2\/media\/2435"}],"wp:attachment":[{"href":"https:\/\/ecmicrophones.com\/es\/wp-json\/wp\/v2\/media?parent=206"}],"wp:term":[{"taxonomy":"product_brand","embeddable":true,"href":"https:\/\/ecmicrophones.com\/es\/wp-json\/wp\/v2\/product_brand?post=206"},{"taxonomy":"product_cat","embeddable":true,"href":"https:\/\/ecmicrophones.com\/es\/wp-json\/wp\/v2\/product_cat?post=206"},{"taxonomy":"product_tag","embeddable":true,"href":"https:\/\/ecmicrophones.com\/es\/wp-json\/wp\/v2\/product_tag?post=206"}],"curies":[{"name":"wp","href":"https:\/\/api.w.org\/{rel}","templated":true}]}}