{"id":2081,"date":"2024-11-21T18:14:06","date_gmt":"2024-11-21T10:14:06","guid":{"rendered":"https:\/\/ecmicrophones.com\/?post_type=product&#038;p=2081"},"modified":"2026-03-19T15:10:44","modified_gmt":"2026-03-19T07:10:44","slug":"compact-silicon-microphone-for-clear-audio","status":"publish","type":"product","link":"https:\/\/ecmicrophones.com\/es\/compact-silicon-microphone-for-clear-audio\/","title":{"rendered":"Micr\u00f3fono MEMS optimizado para matrices, c\u00e1maras y port\u00e1tiles"},"content":{"rendered":"<h2 class=\"text-start\">Especificaciones t\u00e9cnicas<\/h2>\n<p class=\"text-start\">El ECM-IM3729T421-N313H es un micr\u00f3fono MEMS anal\u00f3gico de alto rendimiento dise\u00f1ado para dispositivos electr\u00f3nicos de consumo que requieren una captura de audio n\u00edtida en dise\u00f1os compactos. Con una sensibilidad de -42 dBV\/Pa \u00b13 dB y una relaci\u00f3n se\u00f1al-ruido (SNR) de 58 dB, ofrece un rendimiento de audio confiable en un amplio rango din\u00e1mico. Su punto de sobrecarga ac\u00fastica de 132 dB SPL garantiza una grabaci\u00f3n sin distorsiones incluso en entornos con mucho ruido. El micr\u00f3fono cuenta con una excelente inmunidad a las interferencias de radiofrecuencia, lo que reduce las interferencias en las proximidades de antenas inal\u00e1mbricas. El voltaje de funcionamiento oscila entre 1,6 V y 3,6 V, lo que lo hace ideal para dispositivos alimentados por bater\u00eda. Alojado en un paquete compacto de 3,76 mm x 2,95 mm x 1,10 mm, funciona de manera confiable entre -40 \u00b0C y +100 \u00b0C, lo que lo hace adecuado para arreglos de micr\u00f3fonos, c\u00e1maras y computadoras port\u00e1tiles.<\/p>\n<h3 class=\"text-start\">Escenarios de aplicaci\u00f3n<\/h3>\n<ul class=\"list-unstyled text-start\">\n<li><i class=\"fa fa-check-circle me-2 text-primary\"><\/i>Arrays de micr\u00f3fonos: Adecuado para matrices de micr\u00f3fonos, lo que permite una captura de audio n\u00edtida en entornos complejos.<\/li>\n<li><i class=\"fa fa-check-circle me-2 text-primary\"><\/i>C\u00e1maras: Ideal para c\u00e1maras de seguridad y c\u00e1maras de acci\u00f3n, ofrece una grabaci\u00f3n de audio n\u00edtida incluso en condiciones de mucho ruido.<\/li>\n<li><i class=\"fa fa-check-circle me-2 text-primary\"><\/i>Port\u00e1tiles: Dise\u00f1ado para ordenadores port\u00e1tiles, proporciona una comunicaci\u00f3n de voz clara y calidad de grabaci\u00f3n.<\/li>\n<\/ul>\n<h3 class=\"pt-5 text-start\">Circuito de interfaz recomendado<\/h3>\n<p><img loading=\"lazy\" decoding=\"async\" class=\"alignnone size-full wp-image-2082\" src=\"https:\/\/ecmicrophones.com\/wp-content\/uploads\/2024\/11\/standard-test-circuit_ecm-im3729t421-n313h.jpg\" alt=\"Circuito de prueba est\u00e1ndar\" width=\"480\" height=\"240\" srcset=\"https:\/\/ecmicrophones.com\/wp-content\/uploads\/2024\/11\/standard-test-circuit_ecm-im3729t421-n313h.jpg 480w, https:\/\/ecmicrophones.com\/wp-content\/uploads\/2024\/11\/standard-test-circuit_ecm-im3729t421-n313h-300x150.jpg 300w, https:\/\/ecmicrophones.com\/wp-content\/uploads\/2024\/11\/standard-test-circuit_ecm-im3729t421-n313h-18x9.jpg 18w\" sizes=\"auto, (max-width: 480px) 100vw, 480px\" \/><\/p>\n<h3 class=\"pt-5 text-start\">Curva de respuesta en frecuencia<\/h3>\n<p><img loading=\"lazy\" decoding=\"async\" class=\"alignnone size-full wp-image-2084\" src=\"https:\/\/ecmicrophones.com\/wp-content\/uploads\/2024\/11\/typical-frequency-response_ecm-im3729t421-n313h.jpg\" alt=\"Respuesta de frecuencia t\u00edpica\" width=\"550\" height=\"328\" srcset=\"https:\/\/ecmicrophones.com\/wp-content\/uploads\/2024\/11\/typical-frequency-response_ecm-im3729t421-n313h.jpg 550w, https:\/\/ecmicrophones.com\/wp-content\/uploads\/2024\/11\/typical-frequency-response_ecm-im3729t421-n313h-300x179.jpg 300w, https:\/\/ecmicrophones.com\/wp-content\/uploads\/2024\/11\/typical-frequency-response_ecm-im3729t421-n313h-18x12.jpg 18w\" sizes=\"auto, (max-width: 550px) 100vw, 550px\" \/><\/p>\n<h3 class=\"pt-5 text-start\">Dimensiones (UNIDAD: mm)<\/h3>\n<p><img loading=\"lazy\" decoding=\"async\" class=\"alignnone size-full wp-image-2083\" src=\"https:\/\/ecmicrophones.com\/wp-content\/uploads\/2024\/11\/appearance-dimension_ecm-im3729t421-n313h.jpg\" alt=\"Dimensi\u00f3n de apariencia\" width=\"610\" height=\"260\" srcset=\"https:\/\/ecmicrophones.com\/wp-content\/uploads\/2024\/11\/appearance-dimension_ecm-im3729t421-n313h.jpg 610w, https:\/\/ecmicrophones.com\/wp-content\/uploads\/2024\/11\/appearance-dimension_ecm-im3729t421-n313h-300x128.jpg 300w, https:\/\/ecmicrophones.com\/wp-content\/uploads\/2024\/11\/appearance-dimension_ecm-im3729t421-n313h-18x8.jpg 18w, https:\/\/ecmicrophones.com\/wp-content\/uploads\/2024\/11\/appearance-dimension_ecm-im3729t421-n313h-600x256.jpg 600w\" sizes=\"auto, (max-width: 610px) 100vw, 610px\" \/><\/p>","protected":false},"excerpt":{"rendered":"<p>Micr\u00f3fono MEMS anal\u00f3gico de alto rendimiento con una sensibilidad de -42 dBV\/Pa, una relaci\u00f3n se\u00f1al-ruido (SNR) de 58 dB y un rango din\u00e1mico (AOP) de 132 dB. Excelente inmunidad a las interferencias de radiofrecuencia (RF) para conjuntos de micr\u00f3fonos, c\u00e1maras y computadoras port\u00e1tiles.<\/p>","protected":false},"featured_media":2440,"comment_status":"open","ping_status":"closed","template":"","meta":[],"product_brand":[721],"product_cat":[91,19],"product_tag":[708,710,718,699,711,709],"class_list":{"0":"post-2081","1":"product","2":"type-product","3":"status-publish","4":"has-post-thumbnail","6":"product_brand-ecmic","7":"product_cat-analog-microphones","8":"product_cat-mems-microphones","9":"product_tag-analog","10":"product_tag-high-aop","11":"product_tag-industrial-grade","12":"product_tag-mems-mics","13":"product_tag-rf-immunity","14":"product_tag-top-port","16":"first","17":"instock","18":"shipping-taxable","19":"purchasable","20":"product-type-simple"},"_links":{"self":[{"href":"https:\/\/ecmicrophones.com\/es\/wp-json\/wp\/v2\/product\/2081","targetHints":{"allow":["GET"]}}],"collection":[{"href":"https:\/\/ecmicrophones.com\/es\/wp-json\/wp\/v2\/product"}],"about":[{"href":"https:\/\/ecmicrophones.com\/es\/wp-json\/wp\/v2\/types\/product"}],"replies":[{"embeddable":true,"href":"https:\/\/ecmicrophones.com\/es\/wp-json\/wp\/v2\/comments?post=2081"}],"wp:featuredmedia":[{"embeddable":true,"href":"https:\/\/ecmicrophones.com\/es\/wp-json\/wp\/v2\/media\/2440"}],"wp:attachment":[{"href":"https:\/\/ecmicrophones.com\/es\/wp-json\/wp\/v2\/media?parent=2081"}],"wp:term":[{"taxonomy":"product_brand","embeddable":true,"href":"https:\/\/ecmicrophones.com\/es\/wp-json\/wp\/v2\/product_brand?post=2081"},{"taxonomy":"product_cat","embeddable":true,"href":"https:\/\/ecmicrophones.com\/es\/wp-json\/wp\/v2\/product_cat?post=2081"},{"taxonomy":"product_tag","embeddable":true,"href":"https:\/\/ecmicrophones.com\/es\/wp-json\/wp\/v2\/product_tag?post=2081"}],"curies":[{"name":"wp","href":"https:\/\/api.w.org\/{rel}","templated":true}]}}