{"id":211,"date":"2024-03-28T09:13:58","date_gmt":"2024-03-28T09:13:58","guid":{"rendered":"https:\/\/ecmicrophones.com\/?post_type=product&#038;p=211"},"modified":"2026-03-19T15:47:07","modified_gmt":"2026-03-19T07:47:07","slug":"analog-mems-silicon-microphone-for-smartwatch","status":"publish","type":"product","link":"https:\/\/ecmicrophones.com\/es\/analog-mems-silicon-microphone-for-smartwatch\/","title":{"rendered":"Micr\u00f3fono MEMS anal\u00f3gico de alto rendimiento: compacto y de bajo consumo"},"content":{"rendered":"<h2 class=\"text-start\">Especificaciones t\u00e9cnicas<\/h2>\n<p class=\"text-start\">El ECM-M3722T421 es un micr\u00f3fono MEMS anal\u00f3gico de bajo consumo dise\u00f1ado para aplicaciones con limitaciones de espacio. Con una sensibilidad precisa de -42 dBV\/Pa \u00b11 dB y una relaci\u00f3n se\u00f1al-ruido (SNR) de 58 dB, ofrece una captura de audio clara y consistente en la producci\u00f3n en masa. Su punto de sobrecarga ac\u00fastica de 130 dB SPL garantiza una grabaci\u00f3n sin distorsiones incluso en entornos con mucho ruido. Su dise\u00f1o ultradelgado mide solo 3,76 mm x 2,24 mm x 1,10 mm, lo que lo convierte en uno de los micr\u00f3fonos MEMS m\u00e1s estrechos del mercado, perfecto para aud\u00edfonos TWS y dispositivos port\u00e1tiles. El voltaje de funcionamiento oscila entre 1,5 V y 3,6 V, con una excelente inmunidad a las interferencias de radiofrecuencia para un rendimiento confiable en dispositivos inal\u00e1mbricos. El rango de temperatura abarca de -40 \u00b0C a +100 \u00b0C para un funcionamiento robusto en cualquier entorno.<\/p>\n<h3 class=\"text-start\">Escenarios de aplicaci\u00f3n<\/h3>\n<ul class=\"list-unstyled text-start\">\n<li><i class=\"fa fa-check-circle me-2 text-primary\"><\/i>Auriculares Bluetooth y aud\u00edfonos TWS: el consumo de energ\u00eda ultrabajo y la alta relaci\u00f3n se\u00f1al-ruido proporcionan llamadas de voz n\u00edtidas y un audio envolvente.<\/li>\n<li><i class=\"fa fa-check-circle me-2 text-primary\"><\/i>Dispositivos para hogares inteligentes: Adecuado para altavoces inteligentes, timbres y otros dispositivos que requieren un audio claro en entornos ruidosos, gracias a su AOP de 130 dB.<\/li>\n<li><i class=\"fa fa-check-circle me-2 text-primary\"><\/i>Electr\u00f3nica port\u00e1til y para llevar: su tama\u00f1o miniatura y su perfil bajo encajan perfectamente en dispositivos port\u00e1tiles, gafas inteligentes y grabadoras port\u00e1tiles.<\/li>\n<\/ul>\n<h3 class=\"pt-5 text-start\">Circuito de interfaz recomendado<\/h3>\n<p><img loading=\"lazy\" decoding=\"async\" class=\"alignnone wp-image-3998 size-full\" src=\"https:\/\/ecmicrophones.com\/wp-content\/uploads\/2024\/03\/standard-test-circuit_ecm-m3722t421.png\" alt=\"Circuito de prueba est\u00e1ndar\" width=\"440\" height=\"250\" srcset=\"https:\/\/ecmicrophones.com\/wp-content\/uploads\/2024\/03\/standard-test-circuit_ecm-m3722t421.png 440w, https:\/\/ecmicrophones.com\/wp-content\/uploads\/2024\/03\/standard-test-circuit_ecm-m3722t421-300x170.png 300w, https:\/\/ecmicrophones.com\/wp-content\/uploads\/2024\/03\/standard-test-circuit_ecm-m3722t421-18x10.png 18w\" sizes=\"auto, (max-width: 440px) 100vw, 440px\" \/><\/p>\n<h3 class=\"pt-5 text-start\">Curva de respuesta en frecuencia<\/h3>\n<p><img loading=\"lazy\" decoding=\"async\" class=\"alignnone wp-image-3999 size-full\" src=\"https:\/\/ecmicrophones.com\/wp-content\/uploads\/2024\/03\/typical-frequency-response_ecm-m3722t421.png\" alt=\"Respuesta de frecuencia t\u00edpica\" width=\"500\" height=\"310\" srcset=\"https:\/\/ecmicrophones.com\/wp-content\/uploads\/2024\/03\/typical-frequency-response_ecm-m3722t421.png 500w, https:\/\/ecmicrophones.com\/wp-content\/uploads\/2024\/03\/typical-frequency-response_ecm-m3722t421-300x186.png 300w, https:\/\/ecmicrophones.com\/wp-content\/uploads\/2024\/03\/typical-frequency-response_ecm-m3722t421-18x12.png 18w\" sizes=\"auto, (max-width: 500px) 100vw, 500px\" \/><\/p>\n<h3 class=\"pt-5 text-start\">Dimensiones (UNIDAD: mm)<\/h3>\n<p><img loading=\"lazy\" decoding=\"async\" class=\"alignnone wp-image-4000 size-full\" src=\"https:\/\/ecmicrophones.com\/wp-content\/uploads\/2024\/03\/appearance-dimension_ecm-m3722t421.png\" alt=\"Dimensi\u00f3n de apariencia\" width=\"620\" height=\"320\" srcset=\"https:\/\/ecmicrophones.com\/wp-content\/uploads\/2024\/03\/appearance-dimension_ecm-m3722t421.png 620w, https:\/\/ecmicrophones.com\/wp-content\/uploads\/2024\/03\/appearance-dimension_ecm-m3722t421-300x155.png 300w, https:\/\/ecmicrophones.com\/wp-content\/uploads\/2024\/03\/appearance-dimension_ecm-m3722t421-18x9.png 18w, https:\/\/ecmicrophones.com\/wp-content\/uploads\/2024\/03\/appearance-dimension_ecm-m3722t421-600x310.png 600w\" sizes=\"auto, (max-width: 620px) 100vw, 620px\" \/><\/p>","protected":false},"excerpt":{"rendered":"<p>Micr\u00f3fono anal\u00f3gico MEMS de bajo consumo con una sensibilidad de -42 dBV\/Pa \u00b11 dB, una relaci\u00f3n se\u00f1al-ruido (SNR) de 58 dB y un rango din\u00e1mico (AOP) de 130 dB. Dise\u00f1o ultradelgado de 2,24 mm de ancho, ideal para auriculares TWS, dispositivos dom\u00e9sticos inteligentes y aplicaciones de IoT.<\/p>","protected":false},"featured_media":3994,"comment_status":"open","ping_status":"closed","template":"","meta":[],"product_brand":[721],"product_cat":[91,19],"product_tag":[708,710,707,699,713],"class_list":{"0":"post-211","1":"product","2":"type-product","3":"status-publish","4":"has-post-thumbnail","6":"product_brand-ecmic","7":"product_cat-analog-microphones","8":"product_cat-mems-microphones","9":"product_tag-analog","10":"product_tag-high-aop","11":"product_tag-low-power","12":"product_tag-mems-mics","13":"product_tag-ultra-compact","15":"first","16":"instock","17":"shipping-taxable","18":"purchasable","19":"product-type-simple"},"_links":{"self":[{"href":"https:\/\/ecmicrophones.com\/es\/wp-json\/wp\/v2\/product\/211","targetHints":{"allow":["GET"]}}],"collection":[{"href":"https:\/\/ecmicrophones.com\/es\/wp-json\/wp\/v2\/product"}],"about":[{"href":"https:\/\/ecmicrophones.com\/es\/wp-json\/wp\/v2\/types\/product"}],"replies":[{"embeddable":true,"href":"https:\/\/ecmicrophones.com\/es\/wp-json\/wp\/v2\/comments?post=211"}],"wp:featuredmedia":[{"embeddable":true,"href":"https:\/\/ecmicrophones.com\/es\/wp-json\/wp\/v2\/media\/3994"}],"wp:attachment":[{"href":"https:\/\/ecmicrophones.com\/es\/wp-json\/wp\/v2\/media?parent=211"}],"wp:term":[{"taxonomy":"product_brand","embeddable":true,"href":"https:\/\/ecmicrophones.com\/es\/wp-json\/wp\/v2\/product_brand?post=211"},{"taxonomy":"product_cat","embeddable":true,"href":"https:\/\/ecmicrophones.com\/es\/wp-json\/wp\/v2\/product_cat?post=211"},{"taxonomy":"product_tag","embeddable":true,"href":"https:\/\/ecmicrophones.com\/es\/wp-json\/wp\/v2\/product_tag?post=211"}],"curies":[{"name":"wp","href":"https:\/\/api.w.org\/{rel}","templated":true}]}}