{"id":213,"date":"2024-03-28T09:15:31","date_gmt":"2024-03-28T09:15:31","guid":{"rendered":"https:\/\/ecmicrophones.com\/?post_type=product&#038;p=213"},"modified":"2026-03-19T15:47:17","modified_gmt":"2026-03-19T07:47:17","slug":"digital-mems-microphone-for-camera","status":"publish","type":"product","link":"https:\/\/ecmicrophones.com\/es\/digital-mems-microphone-for-camera\/","title":{"rendered":"Micr\u00f3fono digital MEMS de alta sensibilidad - Captaci\u00f3n de audio"},"content":{"rendered":"<h2 class=\"text-start\">Especificaciones t\u00e9cnicas<\/h2>\n<p class=\"text-start\">El ECM-M4737-2660D es un micr\u00f3fono MEMS de salida digital PDM de alta sensibilidad y alto rendimiento, dise\u00f1ado para aplicaciones de captura de audio de alta calidad y reconocimiento de voz. Con una sensibilidad de -26 dBFS y una relaci\u00f3n se\u00f1al-ruido (SNR) de 58 dB, ofrece una captura de audio n\u00edtida en un amplio rango din\u00e1mico. Su puerto ac\u00fastico m\u00e1s grande (\u03a60,84 mm) mejora a\u00fan m\u00e1s la claridad del sonido. El voltaje de funcionamiento oscila entre 1,6 V y 3,6 V, con un consumo de corriente t\u00edpico de 0,86 mA. Con unas dimensiones de 4,72 mm x 3,76 mm x 1,25 mm, es ideal para productos de electr\u00f3nica de consumo, sistemas automotrices y dispositivos IoT de alta gama.<\/p>\n<h3 class=\"text-start\">Escenarios de aplicaci\u00f3n<\/h3>\n<ul class=\"list-unstyled text-start\">\n<li><i class=\"fa fa-check-circle me-2 text-primary\"><\/i>Electr\u00f3nica de consumo, como tel\u00e9fonos inteligentes, tabletas y ordenadores port\u00e1tiles, para grabaci\u00f3n de audio de alta calidad y reconocimiento de voz.<\/li>\n<li><i class=\"fa fa-check-circle me-2 text-primary\"><\/i>Electr\u00f3nica de automoci\u00f3n, incluidos los asistentes de voz y los sistemas de comunicaci\u00f3n manos libres de los autom\u00f3viles, en los que la alta sensibilidad y la resistencia al ruido son esenciales.<\/li>\n<li><i class=\"fa fa-check-circle me-2 text-primary\"><\/i>Dispositivos IoT de gama alta, como sistemas de vigilancia inteligentes y equipos interactivos por voz, que requieren fidelidad de audio y capacidades de control de primera calidad.<\/li>\n<\/ul>\n<h3 class=\"pt-5 text-start\">Circuito de interfaz recomendado<\/h3>\n<p><img loading=\"lazy\" decoding=\"async\" class=\"alignnone size-full wp-image-322\" src=\"https:\/\/ecmicrophones.com\/wp-content\/uploads\/2024\/03\/standard-test-circuit_ecm-m4737-2660d.png\" alt=\"Circuito de prueba est\u00e1ndar\" width=\"588\" height=\"356\" srcset=\"https:\/\/ecmicrophones.com\/wp-content\/uploads\/2024\/03\/standard-test-circuit_ecm-m4737-2660d.png 588w, https:\/\/ecmicrophones.com\/wp-content\/uploads\/2024\/03\/standard-test-circuit_ecm-m4737-2660d-300x182.png 300w, https:\/\/ecmicrophones.com\/wp-content\/uploads\/2024\/03\/standard-test-circuit_ecm-m4737-2660d-18x12.png 18w\" sizes=\"auto, (max-width: 588px) 100vw, 588px\" \/><\/p>\n<h3 class=\"pt-5 text-start\">Curva de respuesta en frecuencia<\/h3>\n<p><img loading=\"lazy\" decoding=\"async\" class=\"alignnone size-full wp-image-320\" src=\"https:\/\/ecmicrophones.com\/wp-content\/uploads\/2024\/03\/typical-frequency-response_ecm-m4737-2660d.png\" alt=\"Respuesta de frecuencia t\u00edpica\" width=\"777\" height=\"411\" srcset=\"https:\/\/ecmicrophones.com\/wp-content\/uploads\/2024\/03\/typical-frequency-response_ecm-m4737-2660d.png 777w, https:\/\/ecmicrophones.com\/wp-content\/uploads\/2024\/03\/typical-frequency-response_ecm-m4737-2660d-300x159.png 300w, https:\/\/ecmicrophones.com\/wp-content\/uploads\/2024\/03\/typical-frequency-response_ecm-m4737-2660d-768x406.png 768w, https:\/\/ecmicrophones.com\/wp-content\/uploads\/2024\/03\/typical-frequency-response_ecm-m4737-2660d-18x10.png 18w, https:\/\/ecmicrophones.com\/wp-content\/uploads\/2024\/03\/typical-frequency-response_ecm-m4737-2660d-600x317.png 600w\" sizes=\"auto, (max-width: 777px) 100vw, 777px\" \/><\/p>\n<h3 class=\"pt-5 text-start\">Dimensiones (UNIDAD: mm)<\/h3>\n<p><img loading=\"lazy\" decoding=\"async\" class=\"alignnone size-full wp-image-321\" src=\"https:\/\/ecmicrophones.com\/wp-content\/uploads\/2024\/03\/appearance-dimension_ecm-m4737-2660d.png\" alt=\"Dimensi\u00f3n de apariencia\" width=\"601\" height=\"307\" srcset=\"https:\/\/ecmicrophones.com\/wp-content\/uploads\/2024\/03\/appearance-dimension_ecm-m4737-2660d.png 601w, https:\/\/ecmicrophones.com\/wp-content\/uploads\/2024\/03\/appearance-dimension_ecm-m4737-2660d-300x153.png 300w, https:\/\/ecmicrophones.com\/wp-content\/uploads\/2024\/03\/appearance-dimension_ecm-m4737-2660d-18x9.png 18w\" sizes=\"auto, (max-width: 601px) 100vw, 601px\" \/><\/p>","protected":false},"excerpt":{"rendered":"<p>Micr\u00f3fono MEMS de salida digital PDM de alto rendimiento con una sensibilidad de -26 dBFS y una relaci\u00f3n se\u00f1al-ruido (SNR) de 58 dB. Cuenta con un puerto ac\u00fastico m\u00e1s grande (\u03a60,84 mm) para una mayor claridad de sonido. Ideal para productos de electr\u00f3nica de consumo, sistemas automotrices y dispositivos IoT de gama alta.<\/p>","protected":false},"featured_media":2451,"comment_status":"open","ping_status":"closed","template":"","meta":[],"product_brand":[721],"product_cat":[92,19],"product_tag":[705,706,699,701],"class_list":{"0":"post-213","1":"product","2":"type-product","3":"status-publish","4":"has-post-thumbnail","6":"product_brand-ecmic","7":"product_cat-digital-microphones","8":"product_cat-mems-microphones","9":"product_tag-high-sensitivity","10":"product_tag-large-aperture","11":"product_tag-mems-mics","12":"product_tag-pdm-mics","14":"first","15":"instock","16":"shipping-taxable","17":"purchasable","18":"product-type-simple"},"_links":{"self":[{"href":"https:\/\/ecmicrophones.com\/es\/wp-json\/wp\/v2\/product\/213","targetHints":{"allow":["GET"]}}],"collection":[{"href":"https:\/\/ecmicrophones.com\/es\/wp-json\/wp\/v2\/product"}],"about":[{"href":"https:\/\/ecmicrophones.com\/es\/wp-json\/wp\/v2\/types\/product"}],"replies":[{"embeddable":true,"href":"https:\/\/ecmicrophones.com\/es\/wp-json\/wp\/v2\/comments?post=213"}],"wp:featuredmedia":[{"embeddable":true,"href":"https:\/\/ecmicrophones.com\/es\/wp-json\/wp\/v2\/media\/2451"}],"wp:attachment":[{"href":"https:\/\/ecmicrophones.com\/es\/wp-json\/wp\/v2\/media?parent=213"}],"wp:term":[{"taxonomy":"product_brand","embeddable":true,"href":"https:\/\/ecmicrophones.com\/es\/wp-json\/wp\/v2\/product_brand?post=213"},{"taxonomy":"product_cat","embeddable":true,"href":"https:\/\/ecmicrophones.com\/es\/wp-json\/wp\/v2\/product_cat?post=213"},{"taxonomy":"product_tag","embeddable":true,"href":"https:\/\/ecmicrophones.com\/es\/wp-json\/wp\/v2\/product_tag?post=213"}],"curies":[{"name":"wp","href":"https:\/\/api.w.org\/{rel}","templated":true}]}}