{"id":2134,"date":"2024-12-13T16:20:00","date_gmt":"2024-12-13T08:20:00","guid":{"rendered":"https:\/\/ecmicrophones.com\/?post_type=product&#038;p=2134"},"modified":"2026-03-19T15:09:39","modified_gmt":"2026-03-19T07:09:39","slug":"4mm-gold-plated-unidirectional-microphone-capsule-for-two-way-radios","status":"publish","type":"product","link":"https:\/\/ecmicrophones.com\/es\/4mm-gold-plated-unidirectional-microphone-capsule-for-two-way-radios\/","title":{"rendered":"C\u00e1psula de micr\u00f3fono unidireccional chapada en oro de 4 mm para radios bidireccionales"},"content":{"rendered":"<h2 class=\"text-start\">Especificaciones t\u00e9cnicas<\/h2>\n<p class=\"text-start\">La ECM-B4015UP40-474 es una c\u00e1psula de micr\u00f3fono unidireccional de 4 mm dise\u00f1ada espec\u00edficamente para radios bidireccionales. Su dise\u00f1o de triple condensador garantiza una estabilidad excepcional, reduciendo las interferencias y manteniendo una calidad de audio constante incluso en condiciones din\u00e1micas.<\/p>\n<p class=\"text-start\">Con una sensibilidad de -40dB\u00b12 y una relaci\u00f3n se\u00f1al\/ruido de 52dB, esta c\u00e1psula de micr\u00f3fono captura se\u00f1ales de voz claras e inteligibles a la vez que minimiza el ruido de fondo. Su respuesta en frecuencia de 100 Hz-16 kHz, junto con su capacidad para soportar hasta 105 dB SPL, lo hacen ideal para su uso en entornos en los que una comunicaci\u00f3n clara es esencial.<\/p>\n<p class=\"text-start\">Esta c\u00e1psula est\u00e1 equipada con patillas de Cu chapadas en oro, que proporcionan una excelente conductividad el\u00e9ctrica y resistencia a la oxidaci\u00f3n, garantizando la fiabilidad a largo plazo. Con unas dimensiones de tan solo 4 mm \u00d7 1,5 mm, su dise\u00f1o compacto permite una integraci\u00f3n perfecta en los dispositivos de comunicaci\u00f3n.<\/p>\n<p class=\"text-start\">Perfectamente adecuado para radios bidireccionales en sectores como la seguridad, el comercio minorista y la comunicaci\u00f3n en exteriores, el ECM-B4015UP40-474 ofrece un rendimiento superior centrado en la durabilidad y la fiabilidad.<\/p>\n<h3 class=\"pt-5 text-start\">Circuito de prueba est\u00e1ndar<\/h3>\n<p><img loading=\"lazy\" decoding=\"async\" class=\"alignnone size-full wp-image-2141\" src=\"https:\/\/ecmicrophones.com\/wp-content\/uploads\/2024\/12\/standard-test-circuit_ecm-b4015up40-474.png\" alt=\"ECM-B4015UP40-474 Circuito de prueba: Bias de 2,2k\u03a9, alimentaci\u00f3n de 2V, condensador de acoplamiento de 1\u03bcF.\" width=\"503\" height=\"223\" srcset=\"https:\/\/ecmicrophones.com\/wp-content\/uploads\/2024\/12\/standard-test-circuit_ecm-b4015up40-474.png 503w, https:\/\/ecmicrophones.com\/wp-content\/uploads\/2024\/12\/standard-test-circuit_ecm-b4015up40-474-300x133.png 300w, https:\/\/ecmicrophones.com\/wp-content\/uploads\/2024\/12\/standard-test-circuit_ecm-b4015up40-474-18x8.png 18w\" sizes=\"auto, (max-width: 503px) 100vw, 503px\" \/><\/p>\n<p>Resistencia de polarizaci\u00f3n de 2,2k\u03a9, alimentaci\u00f3n de 2V CC, condensador de acoplamiento de 1\u03bcF.<\/p>\n<h3 class=\"pt-5 text-start\">Respuesta de frecuencia t\u00edpica<\/h3>\n<p><img loading=\"lazy\" decoding=\"async\" class=\"alignnone wp-image-2142 size-large\" src=\"https:\/\/ecmicrophones.com\/wp-content\/uploads\/2024\/12\/typical-frequency-response_ecm-b4015up40-474-1024x512.png\" alt=\"ECM-B4015UP40-474 Respuesta en frecuencia: Respuesta ascendente de aproximadamente 200 Hz a 16 kHz\" width=\"1024\" height=\"512\" srcset=\"https:\/\/ecmicrophones.com\/wp-content\/uploads\/2024\/12\/typical-frequency-response_ecm-b4015up40-474-1024x512.png 1024w, https:\/\/ecmicrophones.com\/wp-content\/uploads\/2024\/12\/typical-frequency-response_ecm-b4015up40-474-300x150.png 300w, https:\/\/ecmicrophones.com\/wp-content\/uploads\/2024\/12\/typical-frequency-response_ecm-b4015up40-474-768x384.png 768w, https:\/\/ecmicrophones.com\/wp-content\/uploads\/2024\/12\/typical-frequency-response_ecm-b4015up40-474-1536x768.png 1536w, https:\/\/ecmicrophones.com\/wp-content\/uploads\/2024\/12\/typical-frequency-response_ecm-b4015up40-474-18x9.png 18w, https:\/\/ecmicrophones.com\/wp-content\/uploads\/2024\/12\/typical-frequency-response_ecm-b4015up40-474-600x300.png 600w, https:\/\/ecmicrophones.com\/wp-content\/uploads\/2024\/12\/typical-frequency-response_ecm-b4015up40-474.png 1580w\" sizes=\"auto, (max-width: 1024px) 100vw, 1024px\" \/><\/p>\n<p>Respuesta gradual ascendente de aproximadamente 200 Hz a 16 kHz, sintonizada para una mayor claridad de voz en aplicaciones de micr\u00f3fono con auriculares.<\/p>\n<h3 class=\"pt-5 text-start\">Dimensiones (Unidad: mm)<\/h3>\n<p><img loading=\"lazy\" decoding=\"async\" class=\"alignnone size-full wp-image-2140\" src=\"https:\/\/ecmicrophones.com\/wp-content\/uploads\/2024\/12\/appearance-dimension_ecm-b4015up40-474.png\" alt=\"ECM-B4015UP40-474 Dimensiones: \u03a64,0\u00d71,5 mm con malla antipolvo frontal y puerto de sonido trasero.\" width=\"528\" height=\"406\" srcset=\"https:\/\/ecmicrophones.com\/wp-content\/uploads\/2024\/12\/appearance-dimension_ecm-b4015up40-474.png 528w, https:\/\/ecmicrophones.com\/wp-content\/uploads\/2024\/12\/appearance-dimension_ecm-b4015up40-474-300x231.png 300w, https:\/\/ecmicrophones.com\/wp-content\/uploads\/2024\/12\/appearance-dimension_ecm-b4015up40-474-16x12.png 16w\" sizes=\"auto, (max-width: 528px) 100vw, 528px\" \/><\/p>\n<p>\u03a64,0\u00d71,5 mm de carcasa compacta con malla antipolvo frontal, puerto de sonido trasero, clavijas de 2,8 mm con espaciado de 1,4 mm.<\/p>","protected":false},"excerpt":{"rendered":"<p>C\u00e1psula de micr\u00f3fono unidireccional compacta de 4 mm dise\u00f1ada para radios bidireccionales. Cuenta con un dise\u00f1o de triple condensador para una mayor estabilidad, clavijas chapadas en oro para una conductividad superior y un patr\u00f3n de captaci\u00f3n con cancelaci\u00f3n de ruido para ofrecer una transmisi\u00f3n de voz clara y fiable en entornos exigentes.<\/p>","protected":false},"featured_media":2716,"comment_status":"open","ping_status":"closed","template":"","meta":[],"product_brand":[721],"product_cat":[16,21],"product_tag":[284,235,291],"class_list":{"0":"post-2134","1":"product","2":"type-product","3":"status-publish","4":"has-post-thumbnail","6":"product_brand-ecmic","7":"product_cat-electret-microphones","8":"product_cat-unidirectional-microphones","9":"product_tag-4mm","10":"product_tag-conference","11":"product_tag-pin-type","13":"first","14":"instock","15":"shipping-taxable","16":"purchasable","17":"product-type-simple"},"_links":{"self":[{"href":"https:\/\/ecmicrophones.com\/es\/wp-json\/wp\/v2\/product\/2134","targetHints":{"allow":["GET"]}}],"collection":[{"href":"https:\/\/ecmicrophones.com\/es\/wp-json\/wp\/v2\/product"}],"about":[{"href":"https:\/\/ecmicrophones.com\/es\/wp-json\/wp\/v2\/types\/product"}],"replies":[{"embeddable":true,"href":"https:\/\/ecmicrophones.com\/es\/wp-json\/wp\/v2\/comments?post=2134"}],"wp:featuredmedia":[{"embeddable":true,"href":"https:\/\/ecmicrophones.com\/es\/wp-json\/wp\/v2\/media\/2716"}],"wp:attachment":[{"href":"https:\/\/ecmicrophones.com\/es\/wp-json\/wp\/v2\/media?parent=2134"}],"wp:term":[{"taxonomy":"product_brand","embeddable":true,"href":"https:\/\/ecmicrophones.com\/es\/wp-json\/wp\/v2\/product_brand?post=2134"},{"taxonomy":"product_cat","embeddable":true,"href":"https:\/\/ecmicrophones.com\/es\/wp-json\/wp\/v2\/product_cat?post=2134"},{"taxonomy":"product_tag","embeddable":true,"href":"https:\/\/ecmicrophones.com\/es\/wp-json\/wp\/v2\/product_tag?post=2134"}],"curies":[{"name":"wp","href":"https:\/\/api.w.org\/{rel}","templated":true}]}}