{"id":2224,"date":"2025-02-19T15:19:20","date_gmt":"2025-02-19T07:19:20","guid":{"rendered":"https:\/\/ecmicrophones.com\/?post_type=product&#038;p=2224"},"modified":"2026-03-19T15:08:14","modified_gmt":"2026-03-19T07:08:14","slug":"high-performance-uni-electret-mic-capsule-for-hi-fi-audio-systems","status":"publish","type":"product","link":"https:\/\/ecmicrophones.com\/es\/high-performance-uni-electret-mic-capsule-for-hi-fi-audio-systems\/","title":{"rendered":"C\u00e1psula de micr\u00f3fono Uni Electret de alto rendimiento para sistemas de audio Hi-Fi"},"content":{"rendered":"<h2 class=\"text-start\">Especificaciones t\u00e9cnicas<\/h2>\n<p class=\"text-start\">El ECM-B1045UML50-25082 es una c\u00e1psula de micr\u00f3fono electret unidireccional de alta fidelidad, con un dise\u00f1o de 10 \u00d7 4,5 mm adaptado para una captura de sonido n\u00edtida en auriculares y otros dispositivos de audio. Con una sensibilidad de -50 dB y un amplio rango de respuesta en frecuencia de 100 Hz a 10 kHz, ofrece una excelente calidad de audio para aplicaciones que exigen una reproducci\u00f3n precisa del sonido.<\/p>\n<p class=\"text-start\">La baja impedancia del micr\u00f3fono (2K\u03a9) y su s\u00f3lida relaci\u00f3n se\u00f1al\/ruido de 65dB garantizan un rendimiento de audio claro y uniforme incluso en entornos ruidosos. El alto SPL m\u00e1ximo de 125dB lo hace adecuado para aplicaciones de gran volumen, mientras que su tensi\u00f3n de funcionamiento de 2Vdc garantiza la compatibilidad con una gran variedad de equipos de audio.<\/p>\n<p class=\"text-start\">Esta c\u00e1psula de micr\u00f3fono es perfecta para sistemas de audio Hi-Fi, auriculares profesionales y cualquier aplicaci\u00f3n en la que sea crucial una reproducci\u00f3n de sonido detallada y de alta calidad.<\/p>\n<h3 class=\"pt-5 text-start\">Circuito de prueba est\u00e1ndar<\/h3>\n<p><img loading=\"lazy\" decoding=\"async\" class=\"alignnone size-full wp-image-2228\" src=\"https:\/\/ecmicrophones.com\/wp-content\/uploads\/2025\/02\/standard-test-circuit_ecm-b1045uml50-25082.png\" alt=\"ECM-B1045UML50 Circuito de prueba: 15k\u03a9 de polarizaci\u00f3n, 2V de alimentaci\u00f3n, 1\u03bcF de salida.\" width=\"569\" height=\"216\" srcset=\"https:\/\/ecmicrophones.com\/wp-content\/uploads\/2025\/02\/standard-test-circuit_ecm-b1045uml50-25082.png 569w, https:\/\/ecmicrophones.com\/wp-content\/uploads\/2025\/02\/standard-test-circuit_ecm-b1045uml50-25082-300x114.png 300w, https:\/\/ecmicrophones.com\/wp-content\/uploads\/2025\/02\/standard-test-circuit_ecm-b1045uml50-25082-18x7.png 18w\" sizes=\"auto, (max-width: 569px) 100vw, 569px\" \/><\/p>\n<p>Resistencia de polarizaci\u00f3n de 15k\u03a9, alimentaci\u00f3n de 2V CC, condensador de salida de 1\u03bcF. Configuraci\u00f3n de micr\u00f3fono de alta impedancia.<\/p>\n<h3 class=\"pt-5 text-start\">Respuesta de frecuencia t\u00edpica<\/h3>\n<p><img loading=\"lazy\" decoding=\"async\" class=\"alignnone size-full wp-image-2227\" src=\"https:\/\/ecmicrophones.com\/wp-content\/uploads\/2025\/02\/typical-frequency-response_ecm-b1045uml50-25082.png\" alt=\"ECM-B1045UML50 Respuesta en frecuencia: 100Hz-2kHz dip, 2k-10kHz rise, luego atenuaci\u00f3n\" width=\"508\" height=\"317\" srcset=\"https:\/\/ecmicrophones.com\/wp-content\/uploads\/2025\/02\/typical-frequency-response_ecm-b1045uml50-25082.png 508w, https:\/\/ecmicrophones.com\/wp-content\/uploads\/2025\/02\/typical-frequency-response_ecm-b1045uml50-25082-300x187.png 300w, https:\/\/ecmicrophones.com\/wp-content\/uploads\/2025\/02\/typical-frequency-response_ecm-b1045uml50-25082-18x12.png 18w\" sizes=\"auto, (max-width: 508px) 100vw, 508px\" \/><\/p>\n<p><p>La respuesta en frecuencia incluye atenuaci\u00f3n de 100 Hz a 2 kHz con \u00e9nfasis de 2 k a 10 kHz y atenuaci\u00f3n de agudos.<\/p>\n<\/p>\n<h3 class=\"pt-5 text-start\">Dimensiones (Unidad: mm)<\/h3>\n<p><img loading=\"lazy\" decoding=\"async\" class=\"alignnone size-full wp-image-2226\" src=\"https:\/\/ecmicrophones.com\/wp-content\/uploads\/2025\/02\/appearance-dimension_ecm-b1045uml50-25082.png\" alt=\"ECM-B1045UML50 Dimensiones: \u03a610\u00d74,5mm con rejilla antipolvo delantera y entrada de sonido trasera.\" width=\"505\" height=\"326\" srcset=\"https:\/\/ecmicrophones.com\/wp-content\/uploads\/2025\/02\/appearance-dimension_ecm-b1045uml50-25082.png 505w, https:\/\/ecmicrophones.com\/wp-content\/uploads\/2025\/02\/appearance-dimension_ecm-b1045uml50-25082-300x194.png 300w, https:\/\/ecmicrophones.com\/wp-content\/uploads\/2025\/02\/appearance-dimension_ecm-b1045uml50-25082-18x12.png 18w\" sizes=\"auto, (max-width: 505px) 100vw, 505px\" \/><\/p>\n<p>Carcasa compacta de \u03a610\u00d74,5 mm con dise\u00f1o ac\u00fastico de doble puerto.<\/p>","protected":false},"excerpt":{"rendered":"<p>C\u00e1psula de micr\u00f3fono electret unidireccional de 10 \u00d7 4,5 mm de alto rendimiento con un SPL m\u00e1ximo de 125 dB, ideal para aplicaciones de gran volumen como auriculares y equipos de audio.<\/p>","protected":false},"featured_media":2700,"comment_status":"open","ping_status":"closed","template":"","meta":[],"product_brand":[721],"product_cat":[21,16],"product_tag":[281,235,288],"class_list":{"0":"post-2224","1":"product","2":"type-product","3":"status-publish","4":"has-post-thumbnail","6":"product_brand-ecmic","7":"product_cat-unidirectional-microphones","8":"product_cat-electret-microphones","9":"product_tag-10mm","10":"product_tag-conference","11":"product_tag-solder-pads","13":"first","14":"instock","15":"shipping-taxable","16":"purchasable","17":"product-type-simple"},"_links":{"self":[{"href":"https:\/\/ecmicrophones.com\/es\/wp-json\/wp\/v2\/product\/2224","targetHints":{"allow":["GET"]}}],"collection":[{"href":"https:\/\/ecmicrophones.com\/es\/wp-json\/wp\/v2\/product"}],"about":[{"href":"https:\/\/ecmicrophones.com\/es\/wp-json\/wp\/v2\/types\/product"}],"replies":[{"embeddable":true,"href":"https:\/\/ecmicrophones.com\/es\/wp-json\/wp\/v2\/comments?post=2224"}],"wp:featuredmedia":[{"embeddable":true,"href":"https:\/\/ecmicrophones.com\/es\/wp-json\/wp\/v2\/media\/2700"}],"wp:attachment":[{"href":"https:\/\/ecmicrophones.com\/es\/wp-json\/wp\/v2\/media?parent=2224"}],"wp:term":[{"taxonomy":"product_brand","embeddable":true,"href":"https:\/\/ecmicrophones.com\/es\/wp-json\/wp\/v2\/product_brand?post=2224"},{"taxonomy":"product_cat","embeddable":true,"href":"https:\/\/ecmicrophones.com\/es\/wp-json\/wp\/v2\/product_cat?post=2224"},{"taxonomy":"product_tag","embeddable":true,"href":"https:\/\/ecmicrophones.com\/es\/wp-json\/wp\/v2\/product_tag?post=2224"}],"curies":[{"name":"wp","href":"https:\/\/api.w.org\/{rel}","templated":true}]}}