{"id":2299,"date":"2025-03-14T15:50:10","date_gmt":"2025-03-14T07:50:10","guid":{"rendered":"https:\/\/ecmicrophones.com\/?post_type=product&#038;p=2299"},"modified":"2026-03-19T15:06:38","modified_gmt":"2026-03-19T07:06:38","slug":"micro-dynamic-receiver-for-bluetooth-headsets-and-hearing-aids","status":"publish","type":"product","link":"https:\/\/ecmicrophones.com\/es\/micro-dynamic-receiver-for-bluetooth-headsets-and-hearing-aids\/","title":{"rendered":"Receptor microdin\u00e1mico para auriculares y aud\u00edfonos Bluetooth"},"content":{"rendered":"<h2 class=\"text-start\">Especificaciones t\u00e9cnicas<\/h2>\n<p class=\"text-start\">El RE-0633RS-001 es un receptor microdin\u00e1mico dise\u00f1ado con precisi\u00f3n que ofrece un rendimiento de audio excepcional en un paquete compacto y duradero. Dise\u00f1ado para una amplia gama de aplicaciones de audio, este receptor cuenta con una bobina m\u00f3vil de cobre y un potente im\u00e1n de Nd-Fe-B, lo que garantiza una reproducci\u00f3n de sonido de alta calidad con una distorsi\u00f3n m\u00ednima. El receptor est\u00e1 alojado en un robusto armaz\u00f3n de ABS, que proporciona durabilidad y fiabilidad en diversas condiciones ambientales.<\/p>\n<p class=\"text-start\">Las especificaciones clave incluyen una potencia de entrada nominal de 1 mW, una potencia de entrada m\u00e1xima de 2 mW y una sensibilidad de 86 dB SPL \u00b1 3 dB a 1 kHz (tensi\u00f3n de salida de 0,173 V). El receptor funciona eficientemente en una amplia gama de frecuencias de 20 Hz a 20 kHz, lo que lo hace adecuado para la transmisi\u00f3n de voz clara y la reproducci\u00f3n de audio de alta fidelidad. Con una distorsi\u00f3n arm\u00f3nica total inferior a 5% a 1 kHz, el RE-0633RS-001 garantiza una reproducci\u00f3n de sonido precisa y sin distorsiones.<\/p>\n<p class=\"text-start\">El receptor cumple la directiva RoHS, as\u00ed como las normas medioambientales y de seguridad. Se ha sometido a exhaustivas pruebas de fiabilidad, incluidas pruebas de vida \u00fatil, resistencia t\u00e9rmica, humedad, ciclos t\u00e9rmicos e impacto por ca\u00edda, lo que garantiza un rendimiento fiable en diversas condiciones. El RE-0633RS-001 es una opci\u00f3n excelente para aplicaciones que requieren audio de alta calidad en un dise\u00f1o compacto y duradero.<\/p>\n<h3 class=\"pt-5 text-start\">Curva de respuesta en frecuencia<\/h3>\n<p><img loading=\"lazy\" decoding=\"async\" class=\"alignnone size-full wp-image-2302\" src=\"https:\/\/ecmicrophones.com\/wp-content\/uploads\/2025\/03\/response-curve_ecm-re0633rs-001.png\" alt=\"ECM-RE0633RS-001 Respuesta: 20Hz-3kHz realce LF (+5dB@3kHz), -12dB\/oct roll-off (20Hz-20kHz)\" width=\"801\" height=\"363\" srcset=\"https:\/\/ecmicrophones.com\/wp-content\/uploads\/2025\/03\/response-curve_ecm-re0633rs-001.png 801w, https:\/\/ecmicrophones.com\/wp-content\/uploads\/2025\/03\/response-curve_ecm-re0633rs-001-300x136.png 300w, https:\/\/ecmicrophones.com\/wp-content\/uploads\/2025\/03\/response-curve_ecm-re0633rs-001-768x348.png 768w, https:\/\/ecmicrophones.com\/wp-content\/uploads\/2025\/03\/response-curve_ecm-re0633rs-001-18x8.png 18w, https:\/\/ecmicrophones.com\/wp-content\/uploads\/2025\/03\/response-curve_ecm-re0633rs-001-600x272.png 600w\" sizes=\"auto, (max-width: 801px) 100vw, 801px\" \/><\/p>\n<p>Respuesta SPL de 86 dB: Fuerte \u00e9nfasis en los graves de 20 Hz a 3 kHz con un pico a 3 kHz (+5 dB), con atenuaci\u00f3n controlada de -12 dB\/octava (IEC 60318-4).<\/p>\n<h3 class=\"pt-5 text-start\">Dimensiones (Unidad: mm)<\/h3>\n<p><img loading=\"lazy\" decoding=\"async\" class=\"alignnone size-full wp-image-2301\" src=\"https:\/\/ecmicrophones.com\/wp-content\/uploads\/2025\/03\/appearance-size_ecm-re0633rs-001.png\" alt=\"ECM-RE0633RS-001 Dimensiones: Precisi\u00f3n \u03a66.2\u00d73.25mm (microrreceptor de 30\u03a9)\" width=\"856\" height=\"484\" srcset=\"https:\/\/ecmicrophones.com\/wp-content\/uploads\/2025\/03\/appearance-size_ecm-re0633rs-001.png 856w, https:\/\/ecmicrophones.com\/wp-content\/uploads\/2025\/03\/appearance-size_ecm-re0633rs-001-300x170.png 300w, https:\/\/ecmicrophones.com\/wp-content\/uploads\/2025\/03\/appearance-size_ecm-re0633rs-001-768x434.png 768w, https:\/\/ecmicrophones.com\/wp-content\/uploads\/2025\/03\/appearance-size_ecm-re0633rs-001-18x10.png 18w, https:\/\/ecmicrophones.com\/wp-content\/uploads\/2025\/03\/appearance-size_ecm-re0633rs-001-600x339.png 600w\" sizes=\"auto, (max-width: 856px) 100vw, 856px\" \/><\/p>\n<p>Carcasa de \u03a66,2\u00d73,25 mm de alta precisi\u00f3n (30\u03a9\u00b120%) para aplicaciones de aud\u00edfonos\/TWS.<\/p>","protected":false},"excerpt":{"rendered":"<p>El RE-0633RS-001 es un receptor microdin\u00e1mico de alto rendimiento dise\u00f1ado para ofrecer una salida de audio clara y fiable. Con un dise\u00f1o compacto y conforme a RoHS, este receptor es ideal para diversas aplicaciones de audio. Incorpora una bobina m\u00f3vil de cobre, un im\u00e1n de Nd-Fe-B y un armaz\u00f3n de ABS duradero, lo que garantiza una excelente calidad de sonido y un rendimiento duradero.<\/p>","protected":false},"featured_media":2452,"comment_status":"open","ping_status":"closed","template":"","meta":[],"product_brand":[721],"product_cat":[430],"product_tag":[],"class_list":{"0":"post-2299","1":"product","2":"type-product","3":"status-publish","4":"has-post-thumbnail","6":"product_brand-ecmic","7":"product_cat-dynamic-receivers","9":"first","10":"instock","11":"shipping-taxable","12":"purchasable","13":"product-type-simple"},"_links":{"self":[{"href":"https:\/\/ecmicrophones.com\/es\/wp-json\/wp\/v2\/product\/2299","targetHints":{"allow":["GET"]}}],"collection":[{"href":"https:\/\/ecmicrophones.com\/es\/wp-json\/wp\/v2\/product"}],"about":[{"href":"https:\/\/ecmicrophones.com\/es\/wp-json\/wp\/v2\/types\/product"}],"replies":[{"embeddable":true,"href":"https:\/\/ecmicrophones.com\/es\/wp-json\/wp\/v2\/comments?post=2299"}],"wp:featuredmedia":[{"embeddable":true,"href":"https:\/\/ecmicrophones.com\/es\/wp-json\/wp\/v2\/media\/2452"}],"wp:attachment":[{"href":"https:\/\/ecmicrophones.com\/es\/wp-json\/wp\/v2\/media?parent=2299"}],"wp:term":[{"taxonomy":"product_brand","embeddable":true,"href":"https:\/\/ecmicrophones.com\/es\/wp-json\/wp\/v2\/product_brand?post=2299"},{"taxonomy":"product_cat","embeddable":true,"href":"https:\/\/ecmicrophones.com\/es\/wp-json\/wp\/v2\/product_cat?post=2299"},{"taxonomy":"product_tag","embeddable":true,"href":"https:\/\/ecmicrophones.com\/es\/wp-json\/wp\/v2\/product_tag?post=2299"}],"curies":[{"name":"wp","href":"https:\/\/api.w.org\/{rel}","templated":true}]}}