{"id":3096,"date":"2025-07-10T14:10:22","date_gmt":"2025-07-10T06:10:22","guid":{"rendered":"https:\/\/ecmicrophones.com\/?post_type=product&#038;p=3096"},"modified":"2026-03-19T15:06:15","modified_gmt":"2026-03-19T07:06:15","slug":"14mm-150ohm-dynamic-mic-capsule-for-headset-microphones","status":"publish","type":"product","link":"https:\/\/ecmicrophones.com\/es\/14mm-150ohm-dynamic-mic-capsule-for-headset-microphones\/","title":{"rendered":"C\u00e1psula de micr\u00f3fono din\u00e1mico de 14 mm 150\u03a9 para micr\u00f3fonos de diadema"},"content":{"rendered":"<h2 class=\"text-start\">Especificaciones t\u00e9cnicas<\/h2>\n<p class=\"text-start\">La c\u00e1psula de micr\u00f3fono din\u00e1mico ECM-DM13860K150 se ha dise\u00f1ado espec\u00edficamente para dispositivos centrados en la voz que se utilizan en entornos de comunicaci\u00f3n manos libres y de montaje fijo. Con su factor de forma compacto de 13,8 \u00d7 6 mm, impedancia estable de 150\u03a9 y una respuesta de frecuencia adaptada a la voz (200 Hz-7 kHz), garantiza una captaci\u00f3n de voz clara e inteligible con m\u00ednimas interferencias ambientales.<\/p>\n<p class=\"text-start\">El patr\u00f3n de captaci\u00f3n unidireccional a\u00edsla la voz del orador, por lo que es ideal para auriculares boom en centros de llamadas, entrenamiento deportivo y sistemas de amplificaci\u00f3n en aulas donde la claridad vocal es esencial. Su construcci\u00f3n duradera y su rendimiento de audio constante tambi\u00e9n son adecuados para unidades de intercomunicaci\u00f3n resistentes y micr\u00f3fonos con altavoz de radio bidireccional que funcionan en entornos exigentes.<\/p>\n<p class=\"text-start\">Ya sea en comunicaci\u00f3n profesional, uso educativo o sistemas de voz m\u00f3viles, el ECM-DM13860K150 ofrece una reproducci\u00f3n de sonido fiable y concentrada en una amplia gama de aplicaciones del mundo real.<\/p>\n<h3 class=\"pt-5 text-start\">Componentes de la c\u00e1psula de micr\u00f3fono din\u00e1mico<\/h3>\n<p><img loading=\"lazy\" decoding=\"async\" class=\"alignnone wp-image-3884 size-full\" src=\"https:\/\/ecmicrophones.com\/wp-content\/uploads\/2025\/07\/dynamic-part_ecm-dm13860K150.png\" alt=\"Componentes de la c\u00e1psula de micr\u00f3fono din\u00e1mico\" width=\"600\" height=\"310\" srcset=\"https:\/\/ecmicrophones.com\/wp-content\/uploads\/2025\/07\/dynamic-part_ecm-dm13860K150.png 600w, https:\/\/ecmicrophones.com\/wp-content\/uploads\/2025\/07\/dynamic-part_ecm-dm13860K150-300x155.png 300w, https:\/\/ecmicrophones.com\/wp-content\/uploads\/2025\/07\/dynamic-part_ecm-dm13860K150-18x9.png 18w\" sizes=\"auto, (max-width: 600px) 100vw, 600px\" \/><\/p>\n<p>Lista de componentes: Esponja, Cubierta, Diafragma, Bobina, Acero Magn\u00e9tico, Ollas de Hierro, Soporte, PCB con Esta\u00f1ado.<\/p>\n<h3 class=\"pt-5 text-start\">Respuesta de frecuencia t\u00edpica<\/h3>\n<p><img loading=\"lazy\" decoding=\"async\" class=\"alignnone size-full wp-image-3105\" src=\"https:\/\/ecmicrophones.com\/wp-content\/uploads\/2025\/07\/response-curve_ecm-dm13860K150.png\" alt=\"Respuesta de frecuencia t\u00edpica\" width=\"604\" height=\"497\" srcset=\"https:\/\/ecmicrophones.com\/wp-content\/uploads\/2025\/07\/response-curve_ecm-dm13860K150.png 604w, https:\/\/ecmicrophones.com\/wp-content\/uploads\/2025\/07\/response-curve_ecm-dm13860K150-300x247.png 300w, https:\/\/ecmicrophones.com\/wp-content\/uploads\/2025\/07\/response-curve_ecm-dm13860K150-15x12.png 15w, https:\/\/ecmicrophones.com\/wp-content\/uploads\/2025\/07\/response-curve_ecm-dm13860K150-600x494.png 600w\" sizes=\"auto, (max-width: 604px) 100vw, 604px\" \/><\/p>\n<p>La respuesta en frecuencia abarca de 200 Hz a 7 kHz, con un suave aumento que alcanza su punto \u00e1lgido cerca de 6 kHz antes de desvanecerse, ideal para unos medios claros y presencia vocal.<\/p>\n<h3 class=\"pt-5 text-start\">Dimensiones (UNIDAD: mm)<\/h3>\n<p><img loading=\"lazy\" decoding=\"async\" class=\"alignnone size-full wp-image-3104\" src=\"https:\/\/ecmicrophones.com\/wp-content\/uploads\/2025\/07\/appearance-size_ecm-dm13860K150.png\" alt=\"Dimensiones\" width=\"509\" height=\"330\" srcset=\"https:\/\/ecmicrophones.com\/wp-content\/uploads\/2025\/07\/appearance-size_ecm-dm13860K150.png 509w, https:\/\/ecmicrophones.com\/wp-content\/uploads\/2025\/07\/appearance-size_ecm-dm13860K150-300x194.png 300w, https:\/\/ecmicrophones.com\/wp-content\/uploads\/2025\/07\/appearance-size_ecm-dm13860K150-18x12.png 18w\" sizes=\"auto, (max-width: 509px) 100vw, 509px\" \/><\/p>\n<p>La c\u00e1psula mide 13,8 mm de di\u00e1metro y 6 mm de altura.<\/p>","protected":false},"excerpt":{"rendered":"<p>C\u00e1psula de micr\u00f3fono din\u00e1mica unidireccional compacta de 14 mm dise\u00f1ada para diversas aplicaciones de captaci\u00f3n de voz, como auriculares boom, micr\u00f3fonos de altavoz de radio bidireccional, intercomunicadores y sistemas de amplificaci\u00f3n de aulas, que ofrece una claridad de voz natural con una impedancia de 150 \u03a9 y una respuesta de frecuencia focalizada de 200 Hz a 7 kHz.<\/p>","protected":false},"featured_media":3098,"comment_status":"open","ping_status":"closed","template":"","meta":[],"product_brand":[721],"product_cat":[17],"product_tag":[311,116],"class_list":{"0":"post-3096","1":"product","2":"type-product","3":"status-publish","4":"has-post-thumbnail","6":"product_brand-ecmic","7":"product_cat-dynamic-microphones","8":"product_tag-15mm","9":"product_tag-vocal","11":"first","12":"instock","13":"shipping-taxable","14":"purchasable","15":"product-type-simple"},"_links":{"self":[{"href":"https:\/\/ecmicrophones.com\/es\/wp-json\/wp\/v2\/product\/3096","targetHints":{"allow":["GET"]}}],"collection":[{"href":"https:\/\/ecmicrophones.com\/es\/wp-json\/wp\/v2\/product"}],"about":[{"href":"https:\/\/ecmicrophones.com\/es\/wp-json\/wp\/v2\/types\/product"}],"replies":[{"embeddable":true,"href":"https:\/\/ecmicrophones.com\/es\/wp-json\/wp\/v2\/comments?post=3096"}],"wp:featuredmedia":[{"embeddable":true,"href":"https:\/\/ecmicrophones.com\/es\/wp-json\/wp\/v2\/media\/3098"}],"wp:attachment":[{"href":"https:\/\/ecmicrophones.com\/es\/wp-json\/wp\/v2\/media?parent=3096"}],"wp:term":[{"taxonomy":"product_brand","embeddable":true,"href":"https:\/\/ecmicrophones.com\/es\/wp-json\/wp\/v2\/product_brand?post=3096"},{"taxonomy":"product_cat","embeddable":true,"href":"https:\/\/ecmicrophones.com\/es\/wp-json\/wp\/v2\/product_cat?post=3096"},{"taxonomy":"product_tag","embeddable":true,"href":"https:\/\/ecmicrophones.com\/es\/wp-json\/wp\/v2\/product_tag?post=3096"}],"curies":[{"name":"wp","href":"https:\/\/api.w.org\/{rel}","templated":true}]}}