{"id":3122,"date":"2025-07-14T16:17:46","date_gmt":"2025-07-14T08:17:46","guid":{"rendered":"https:\/\/ecmicrophones.com\/?post_type=product&#038;p=3122"},"modified":"2026-03-19T15:06:04","modified_gmt":"2026-03-19T07:06:04","slug":"20mm-dynamic-microphone-capsule-for-saxophone","status":"publish","type":"product","link":"https:\/\/ecmicrophones.com\/es\/20mm-dynamic-microphone-capsule-for-saxophone\/","title":{"rendered":"C\u00e1psula de micr\u00f3fono din\u00e1mico de 20 mm para saxof\u00f3n"},"content":{"rendered":"<h2 class=\"text-start\">Especificaciones t\u00e9cnicas<\/h2>\n<p class=\"text-start\">La c\u00e1psula del micr\u00f3fono din\u00e1mico DM2025-2K600 est\u00e1 dise\u00f1ada espec\u00edficamente para instrumentos de viento -especialmente saxofones- con una construcci\u00f3n duradera y un rendimiento ac\u00fastico centrado. Su estructura cil\u00edndrica de 20,4 mm alberga un robusto sistema de bobina y diafragma que proporciona unos graves c\u00e1lidos y unos medios bien definidos, por lo que resulta ideal para el refuerzo de sonido en directo.<\/p>\n<p class=\"text-start\">Con una respuesta en frecuencia que abarca de 100 Hz a 15 kHz y una impedancia de salida estable de 600 \u03a9, esta c\u00e1psula se integra perfectamente en los micr\u00f3fonos de solapa para instrumentos dise\u00f1ados para saxofones, con compatibilidad adicional para aplicaciones de micr\u00f3fonos de mano en entornos vers\u00e1tiles de directo y estudio. Proporciona una captaci\u00f3n clara y precisa de voces e instrumentos al tiempo que mantiene una excelente resistencia a la realimentaci\u00f3n.<\/p>\n<p class=\"text-start\">Dise\u00f1ado para soportar entornos exigentes, el DM2025-2K600 es una opci\u00f3n excelente para los fabricantes que buscan elementos de micr\u00f3fono din\u00e1mico resistentes y dise\u00f1ados espec\u00edficamente para aplicaciones de rendimiento y comunicaci\u00f3n.<\/p>\n<h3 class=\"pt-5 text-start\">Despiece y lista de piezas<\/h3>\n<p><img loading=\"lazy\" decoding=\"async\" class=\"alignnone wp-image-3882 size-full\" src=\"https:\/\/ecmicrophones.com\/wp-content\/uploads\/2025\/07\/dynamic-part_ecm-dm2025-2k600.png\" alt=\"Despiece\" width=\"580\" height=\"320\" srcset=\"https:\/\/ecmicrophones.com\/wp-content\/uploads\/2025\/07\/dynamic-part_ecm-dm2025-2k600.png 580w, https:\/\/ecmicrophones.com\/wp-content\/uploads\/2025\/07\/dynamic-part_ecm-dm2025-2k600-300x166.png 300w, https:\/\/ecmicrophones.com\/wp-content\/uploads\/2025\/07\/dynamic-part_ecm-dm2025-2k600-18x10.png 18w\" sizes=\"auto, (max-width: 580px) 100vw, 580px\" \/><\/p>\n<p>La estructura incluye: Esponja, Cubierta, Diafragma, Bobina, Acero Magn\u00e9tico, Ollas de Hierro, Soporte, PCB con Esta\u00f1ado.<\/p>\n<h3 class=\"pt-5 text-start\">Respuesta de frecuencia t\u00edpica<\/h3>\n<p><img loading=\"lazy\" decoding=\"async\" class=\"alignnone size-full wp-image-3124\" src=\"https:\/\/ecmicrophones.com\/wp-content\/uploads\/2025\/07\/response-curve_ecm-dm2025-2k600.png\" alt=\"Respuesta de frecuencia\" width=\"597\" height=\"493\" srcset=\"https:\/\/ecmicrophones.com\/wp-content\/uploads\/2025\/07\/response-curve_ecm-dm2025-2k600.png 597w, https:\/\/ecmicrophones.com\/wp-content\/uploads\/2025\/07\/response-curve_ecm-dm2025-2k600-300x248.png 300w, https:\/\/ecmicrophones.com\/wp-content\/uploads\/2025\/07\/response-curve_ecm-dm2025-2k600-15x12.png 15w\" sizes=\"auto, (max-width: 597px) 100vw, 597px\" \/><\/p>\n<p>La respuesta en frecuencia abarca de 100 Hz a 15 kHz, con graves s\u00f3lidos, medios articulados y una suave atenuaci\u00f3n de las altas frecuencias, muy adecuada para la captaci\u00f3n de instrumentos de viento.<\/p>\n<h3 class=\"pt-5 text-start\">Dimensiones (UNIDAD: mm)<\/h3>\n<p><img loading=\"lazy\" decoding=\"async\" class=\"alignnone size-full wp-image-3125\" src=\"https:\/\/ecmicrophones.com\/wp-content\/uploads\/2025\/07\/appearance-size_ecm-dm2025-2k600.png\" alt=\"Dimensiones\" width=\"406\" height=\"380\" srcset=\"https:\/\/ecmicrophones.com\/wp-content\/uploads\/2025\/07\/appearance-size_ecm-dm2025-2k600.png 406w, https:\/\/ecmicrophones.com\/wp-content\/uploads\/2025\/07\/appearance-size_ecm-dm2025-2k600-300x281.png 300w, https:\/\/ecmicrophones.com\/wp-content\/uploads\/2025\/07\/appearance-size_ecm-dm2025-2k600-13x12.png 13w\" sizes=\"auto, (max-width: 406px) 100vw, 406px\" \/><\/p>\n<p>\u03a620,4 \u00d7 24,9 mm de dise\u00f1o cil\u00edndrico.<\/p>","protected":false},"excerpt":{"rendered":"<p>C\u00e1psula de micr\u00f3fono din\u00e1mico dise\u00f1ada para la captaci\u00f3n de saxof\u00f3n, con respuesta direccional, impedancia de 600\u03a9 y una gama de frecuencias adaptada para ofrecer un sonido rico y natural en las actuaciones en directo.<\/p>","protected":false},"featured_media":3127,"comment_status":"open","ping_status":"closed","template":"","meta":[],"product_brand":[721],"product_cat":[17],"product_tag":[314,111],"class_list":{"0":"post-3122","1":"product","2":"type-product","3":"status-publish","4":"has-post-thumbnail","6":"product_brand-ecmic","7":"product_cat-dynamic-microphones","8":"product_tag-20mm","9":"product_tag-instrument","11":"first","12":"instock","13":"shipping-taxable","14":"purchasable","15":"product-type-simple"},"_links":{"self":[{"href":"https:\/\/ecmicrophones.com\/es\/wp-json\/wp\/v2\/product\/3122","targetHints":{"allow":["GET"]}}],"collection":[{"href":"https:\/\/ecmicrophones.com\/es\/wp-json\/wp\/v2\/product"}],"about":[{"href":"https:\/\/ecmicrophones.com\/es\/wp-json\/wp\/v2\/types\/product"}],"replies":[{"embeddable":true,"href":"https:\/\/ecmicrophones.com\/es\/wp-json\/wp\/v2\/comments?post=3122"}],"wp:featuredmedia":[{"embeddable":true,"href":"https:\/\/ecmicrophones.com\/es\/wp-json\/wp\/v2\/media\/3127"}],"wp:attachment":[{"href":"https:\/\/ecmicrophones.com\/es\/wp-json\/wp\/v2\/media?parent=3122"}],"wp:term":[{"taxonomy":"product_brand","embeddable":true,"href":"https:\/\/ecmicrophones.com\/es\/wp-json\/wp\/v2\/product_brand?post=3122"},{"taxonomy":"product_cat","embeddable":true,"href":"https:\/\/ecmicrophones.com\/es\/wp-json\/wp\/v2\/product_cat?post=3122"},{"taxonomy":"product_tag","embeddable":true,"href":"https:\/\/ecmicrophones.com\/es\/wp-json\/wp\/v2\/product_tag?post=3122"}],"curies":[{"name":"wp","href":"https:\/\/api.w.org\/{rel}","templated":true}]}}