{"id":324,"date":"2024-04-16T05:39:48","date_gmt":"2024-04-16T05:39:48","guid":{"rendered":"https:\/\/ecmicrophones.com\/?post_type=product&#038;p=324"},"modified":"2026-03-19T15:47:27","modified_gmt":"2026-03-19T07:47:27","slug":"instrument-microphone-capsule-electret-6mm","status":"publish","type":"product","link":"https:\/\/ecmicrophones.com\/es\/instrument-microphone-capsule-electret-6mm\/","title":{"rendered":"C\u00e1psula de micr\u00f3fono para instrumento Electret de 6 mm con clavijas"},"content":{"rendered":"<h2 class=\"text-start\">Especificaciones t\u00e9cnicas<\/h2>\n<p class=\"text-start\">Nuestro cabezal de micr\u00f3fono enchufable unidireccional 6027 cuenta con capacitores dobles para brindar protecci\u00f3n eficaz contra se\u00f1ales de interferencia de RF. Utiliza un JFET RF coreano para un mejor rendimiento y durabilidad, lo que garantiza una calidad estable y confiable.<\/p>\n<h3 class=\"pt-5 text-start\">Circuito de prueba est\u00e1ndar<\/h3>\n<p><img loading=\"lazy\" decoding=\"async\" class=\"alignnone size-full wp-image-327\" src=\"https:\/\/ecmicrophones.com\/wp-content\/uploads\/2024\/04\/standard-test-circuit_ecm-b6027up-47.png\" alt=\"Circuito de prueba est\u00e1ndar\" width=\"515\" height=\"220\" srcset=\"https:\/\/ecmicrophones.com\/wp-content\/uploads\/2024\/04\/standard-test-circuit_ecm-b6027up-47.png 515w, https:\/\/ecmicrophones.com\/wp-content\/uploads\/2024\/04\/standard-test-circuit_ecm-b6027up-47-300x128.png 300w, https:\/\/ecmicrophones.com\/wp-content\/uploads\/2024\/04\/standard-test-circuit_ecm-b6027up-47-18x8.png 18w\" sizes=\"auto, (max-width: 515px) 100vw, 515px\" \/><\/p>\n<p>Configuraci\u00f3n est\u00e1ndar con resistencia de carga de 2,2k\u03a9, alimentaci\u00f3n de 2V CC y condensador de acoplamiento de 1\u03bcF.<\/p>\n<h3 class=\"pt-5 text-start\">Respuesta de frecuencia t\u00edpica<\/h3>\n<p><img loading=\"lazy\" decoding=\"async\" class=\"alignnone size-full wp-image-325\" src=\"https:\/\/ecmicrophones.com\/wp-content\/uploads\/2024\/04\/typical-frequency-response_ecm-b6027up-47.png\" alt=\"Respuesta de frecuencia t\u00edpica\" width=\"614\" height=\"302\" srcset=\"https:\/\/ecmicrophones.com\/wp-content\/uploads\/2024\/04\/typical-frequency-response_ecm-b6027up-47.png 614w, https:\/\/ecmicrophones.com\/wp-content\/uploads\/2024\/04\/typical-frequency-response_ecm-b6027up-47-300x148.png 300w, https:\/\/ecmicrophones.com\/wp-content\/uploads\/2024\/04\/typical-frequency-response_ecm-b6027up-47-18x9.png 18w, https:\/\/ecmicrophones.com\/wp-content\/uploads\/2024\/04\/typical-frequency-response_ecm-b6027up-47-600x295.png 600w\" sizes=\"auto, (max-width: 614px) 100vw, 614px\" \/><\/p>\n<p>Respuesta de baja frecuencia ascendente hasta ~800Hz, seguida de un rango medio plano y un aumento constante de la ganancia de 5kHz a 10kHz para mejorar la claridad de los agudos.<\/p>\n<h3 class=\"pt-5 text-start\">Dimensiones (UNIDAD: mm)<\/h3>\n<p><img loading=\"lazy\" decoding=\"async\" class=\"alignnone size-full wp-image-326\" src=\"https:\/\/ecmicrophones.com\/wp-content\/uploads\/2024\/04\/appearance-dimension_ecm-b6027up-47.png\" alt=\"Dimensi\u00f3n de apariencia\" width=\"316\" height=\"431\" srcset=\"https:\/\/ecmicrophones.com\/wp-content\/uploads\/2024\/04\/appearance-dimension_ecm-b6027up-47.png 316w, https:\/\/ecmicrophones.com\/wp-content\/uploads\/2024\/04\/appearance-dimension_ecm-b6027up-47-220x300.png 220w, https:\/\/ecmicrophones.com\/wp-content\/uploads\/2024\/04\/appearance-dimension_ecm-b6027up-47-9x12.png 9w\" sizes=\"auto, (max-width: 316px) 100vw, 316px\" \/><\/p>\n<p>Dise\u00f1o compacto de 6,0 \u00d7 2,7 mm con malla antipolvo frontal y un puerto ac\u00fastico trasero para mejorar la captaci\u00f3n del sonido. Equipado con clavijas de 2,8 mm, con una separaci\u00f3n de 1,9 mm.<\/p>","protected":false},"excerpt":{"rendered":"<p>La ECM-B6027UP-47 es una c\u00e1psula de micr\u00f3fono electret unidireccional de 6 x 2,7 mm con 2 pines, sensibilidad de -47 dB \u00b1 2 y relaci\u00f3n se\u00f1al-ruido (SNR) de 52 dB. Ideal para aplicaciones de captaci\u00f3n de guitarras y otros instrumentos.<\/p>","protected":false},"featured_media":2570,"comment_status":"open","ping_status":"closed","template":"","meta":[],"product_brand":[721],"product_cat":[16,21],"product_tag":[283,111,291],"class_list":{"0":"post-324","1":"product","2":"type-product","3":"status-publish","4":"has-post-thumbnail","6":"product_brand-ecmic","7":"product_cat-electret-microphones","8":"product_cat-unidirectional-microphones","9":"product_tag-6mm","10":"product_tag-instrument","11":"product_tag-pin-type","13":"first","14":"instock","15":"shipping-taxable","16":"purchasable","17":"product-type-simple"},"_links":{"self":[{"href":"https:\/\/ecmicrophones.com\/es\/wp-json\/wp\/v2\/product\/324","targetHints":{"allow":["GET"]}}],"collection":[{"href":"https:\/\/ecmicrophones.com\/es\/wp-json\/wp\/v2\/product"}],"about":[{"href":"https:\/\/ecmicrophones.com\/es\/wp-json\/wp\/v2\/types\/product"}],"replies":[{"embeddable":true,"href":"https:\/\/ecmicrophones.com\/es\/wp-json\/wp\/v2\/comments?post=324"}],"wp:featuredmedia":[{"embeddable":true,"href":"https:\/\/ecmicrophones.com\/es\/wp-json\/wp\/v2\/media\/2570"}],"wp:attachment":[{"href":"https:\/\/ecmicrophones.com\/es\/wp-json\/wp\/v2\/media?parent=324"}],"wp:term":[{"taxonomy":"product_brand","embeddable":true,"href":"https:\/\/ecmicrophones.com\/es\/wp-json\/wp\/v2\/product_brand?post=324"},{"taxonomy":"product_cat","embeddable":true,"href":"https:\/\/ecmicrophones.com\/es\/wp-json\/wp\/v2\/product_cat?post=324"},{"taxonomy":"product_tag","embeddable":true,"href":"https:\/\/ecmicrophones.com\/es\/wp-json\/wp\/v2\/product_tag?post=324"}],"curies":[{"name":"wp","href":"https:\/\/api.w.org\/{rel}","templated":true}]}}