{"id":328,"date":"2024-04-15T09:13:49","date_gmt":"2024-04-15T09:13:49","guid":{"rendered":"https:\/\/ecmicrophones.com\/?post_type=product&#038;p=328"},"modified":"2026-03-19T15:47:38","modified_gmt":"2026-03-19T07:47:38","slug":"waterproof-lavalier-microphone-capsule-9-7mm","status":"publish","type":"product","link":"https:\/\/ecmicrophones.com\/es\/waterproof-lavalier-microphone-capsule-9-7mm\/","title":{"rendered":"C\u00e1psula de micr\u00f3fono Lavalier resistente al agua de 9,7 mm"},"content":{"rendered":"<h2 class=\"text-start\">Especificaciones t\u00e9cnicas<\/h2>\n<p class=\"text-start\">Nuestro cabezal de micr\u00f3fono resistente al agua con clasificaci\u00f3n IP67 9745 presenta una alta sensibilidad, lo que lo hace ideal para micr\u00f3fonos de solapa. Fabricado a medida con un JFET RF coreano y una malla impermeable estadounidense de alta calidad, garantiza un rendimiento estable y confiable.<\/p>\n<h3 class=\"pt-5 text-start\">Circuito de prueba est\u00e1ndar<\/h3>\n<p> <img loading=\"lazy\" decoding=\"async\" class=\"alignnone size-full wp-image-333\" src=\"https:\/\/ecmicrophones.com\/wp-content\/uploads\/2024\/04\/standard-test-circuit_ecm-f9745al36-ip67.jpg\" alt=\"Circuito de prueba est\u00e1ndar\" width=\"723\" height=\"283\" srcset=\"https:\/\/ecmicrophones.com\/wp-content\/uploads\/2024\/04\/standard-test-circuit_ecm-f9745al36-ip67.jpg 723w, https:\/\/ecmicrophones.com\/wp-content\/uploads\/2024\/04\/standard-test-circuit_ecm-f9745al36-ip67-300x117.jpg 300w, https:\/\/ecmicrophones.com\/wp-content\/uploads\/2024\/04\/standard-test-circuit_ecm-f9745al36-ip67-18x7.jpg 18w, https:\/\/ecmicrophones.com\/wp-content\/uploads\/2024\/04\/standard-test-circuit_ecm-f9745al36-ip67-600x235.jpg 600w\" sizes=\"auto, (max-width: 723px) 100vw, 723px\" \/> <\/p>\n<p>Circuito de prueba con RL=2,2K\u03a9, VS=2V y C=1\u03bcF.<\/p>\n<h3 class=\"pt-5 text-start\">Respuesta de frecuencia t\u00edpica<\/h3>\n<p> <img loading=\"lazy\" decoding=\"async\" class=\"alignnone size-full wp-image-331\" src=\"https:\/\/ecmicrophones.com\/wp-content\/uploads\/2024\/04\/typical-frequency-response_ecm-f9745al36-ip67.jpg\" alt=\"Respuesta de frecuencia t\u00edpica\" width=\"718\" height=\"509\" srcset=\"https:\/\/ecmicrophones.com\/wp-content\/uploads\/2024\/04\/typical-frequency-response_ecm-f9745al36-ip67.jpg 718w, https:\/\/ecmicrophones.com\/wp-content\/uploads\/2024\/04\/typical-frequency-response_ecm-f9745al36-ip67-300x213.jpg 300w, https:\/\/ecmicrophones.com\/wp-content\/uploads\/2024\/04\/typical-frequency-response_ecm-f9745al36-ip67-18x12.jpg 18w, https:\/\/ecmicrophones.com\/wp-content\/uploads\/2024\/04\/typical-frequency-response_ecm-f9745al36-ip67-600x425.jpg 600w\" sizes=\"auto, (max-width: 718px) 100vw, 718px\" \/> <\/p>\n<p>La respuesta en frecuencia disminuye de 50 Hz a 3 kHz, luego aumenta entre 3 kHz y 5 kHz antes de disminuir gradualmente hasta 20 kHz.<\/p>\n<h3 class=\"pt-5 text-start\">Dimensiones (UNIDAD: mm)<\/h3>\n<p> <img loading=\"lazy\" decoding=\"async\" class=\"alignnone size-full wp-image-332\" src=\"https:\/\/ecmicrophones.com\/wp-content\/uploads\/2024\/04\/appearance-dimension_ecm-f9745al36-ip67.jpg\" alt=\"Dimensi\u00f3n de apariencia\" width=\"432\" height=\"488\" srcset=\"https:\/\/ecmicrophones.com\/wp-content\/uploads\/2024\/04\/appearance-dimension_ecm-f9745al36-ip67.jpg 432w, https:\/\/ecmicrophones.com\/wp-content\/uploads\/2024\/04\/appearance-dimension_ecm-f9745al36-ip67-266x300.jpg 266w, https:\/\/ecmicrophones.com\/wp-content\/uploads\/2024\/04\/appearance-dimension_ecm-f9745al36-ip67-11x12.jpg 11w\" sizes=\"auto, (max-width: 432px) 100vw, 432px\" \/> <\/p>\n<p>Di\u00e1metro de 9,7 mm, altura de 4,5 mm, con una membrana impermeable en la parte delantera y sin aberturas en la trasera.<\/p>","protected":false},"excerpt":{"rendered":"<p>La ECM-F9745AL36-IP67 es una c\u00e1psula de micr\u00f3fono omnidireccional de 9,7 \u00d7 4,5 mm dise\u00f1ada para cumplir con los requisitos de alta impermeabilidad en productos de captaci\u00f3n. Cuenta con una sensibilidad de -36 dB \u00b1 2 y una relaci\u00f3n se\u00f1al\/ruido de 65 dB, lo que garantiza un rendimiento confiable en entornos exigentes.<\/p>","protected":false},"featured_media":2790,"comment_status":"open","ping_status":"closed","template":"","meta":[],"product_brand":[721],"product_cat":[20,16],"product_tag":[282,235,288],"class_list":{"0":"post-328","1":"product","2":"type-product","3":"status-publish","4":"has-post-thumbnail","6":"product_brand-ecmic","7":"product_cat-omnidirectional-microphones","8":"product_cat-electret-microphones","9":"product_tag-9-7mm","10":"product_tag-conference","11":"product_tag-solder-pads","13":"first","14":"instock","15":"shipping-taxable","16":"purchasable","17":"product-type-simple"},"_links":{"self":[{"href":"https:\/\/ecmicrophones.com\/es\/wp-json\/wp\/v2\/product\/328","targetHints":{"allow":["GET"]}}],"collection":[{"href":"https:\/\/ecmicrophones.com\/es\/wp-json\/wp\/v2\/product"}],"about":[{"href":"https:\/\/ecmicrophones.com\/es\/wp-json\/wp\/v2\/types\/product"}],"replies":[{"embeddable":true,"href":"https:\/\/ecmicrophones.com\/es\/wp-json\/wp\/v2\/comments?post=328"}],"wp:featuredmedia":[{"embeddable":true,"href":"https:\/\/ecmicrophones.com\/es\/wp-json\/wp\/v2\/media\/2790"}],"wp:attachment":[{"href":"https:\/\/ecmicrophones.com\/es\/wp-json\/wp\/v2\/media?parent=328"}],"wp:term":[{"taxonomy":"product_brand","embeddable":true,"href":"https:\/\/ecmicrophones.com\/es\/wp-json\/wp\/v2\/product_brand?post=328"},{"taxonomy":"product_cat","embeddable":true,"href":"https:\/\/ecmicrophones.com\/es\/wp-json\/wp\/v2\/product_cat?post=328"},{"taxonomy":"product_tag","embeddable":true,"href":"https:\/\/ecmicrophones.com\/es\/wp-json\/wp\/v2\/product_tag?post=328"}],"curies":[{"name":"wp","href":"https:\/\/api.w.org\/{rel}","templated":true}]}}