{"id":336,"date":"2024-04-15T07:38:24","date_gmt":"2024-04-15T07:38:24","guid":{"rendered":"https:\/\/ecmicrophones.com\/?post_type=product&#038;p=336"},"modified":"2026-03-19T15:47:49","modified_gmt":"2026-03-19T07:47:49","slug":"dynamic-headset-microphones-element-20mm","status":"publish","type":"product","link":"https:\/\/ecmicrophones.com\/es\/dynamic-headset-microphones-element-20mm\/","title":{"rendered":"Elemento de micr\u00f3fonos de diadema din\u00e1micos de 20 mm"},"content":{"rendered":"<h2 class=\"text-start\">Especificaciones t\u00e9cnicas<\/h2>\n<p class=\"text-start\">El ECM-DM2025K600 es una c\u00e1psula de micr\u00f3fono din\u00e1mico de 20 mm dise\u00f1ada para aplicaciones de transmisi\u00f3n de voz, como auriculares de comunicaci\u00f3n, sistemas de megafon\u00eda y micr\u00f3fonos de mano. Con una respuesta en frecuencia de 100 Hz a 13 kHz y un patr\u00f3n de captaci\u00f3n unidireccional, capta los tonos vocales con claridad y minimiza el ruido ambiental.<\/p>\n<p class=\"text-start\">Su impedancia de 600\u03a9 garantiza una amplia compatibilidad con una gran variedad de circuitos de amplificaci\u00f3n e interfaces de audio, mientras que el factor de forma compacto de 20 mm permite su integraci\u00f3n en auriculares, intercomunicadores y otros dispositivos de voz de perfil delgado. Construida con una estructura interna duradera, esta c\u00e1psula ofrece un rendimiento fiable y sin distorsiones para entornos de voz.<\/p>\n<h3 class=\"pt-5 text-start\">Despiece y lista de piezas<\/h3>\n<p><img loading=\"lazy\" decoding=\"async\" class=\"alignnone wp-image-3895 size-full\" src=\"https:\/\/ecmicrophones.com\/wp-content\/uploads\/2024\/04\/dynamic-part_ecm-dm2025k-600.png\" alt=\"ECM-DM2025K Despiece: Conjunto de altavoz de 8 componentes\" width=\"580\" height=\"320\" srcset=\"https:\/\/ecmicrophones.com\/wp-content\/uploads\/2024\/04\/dynamic-part_ecm-dm2025k-600.png 580w, https:\/\/ecmicrophones.com\/wp-content\/uploads\/2024\/04\/dynamic-part_ecm-dm2025k-600-300x166.png 300w, https:\/\/ecmicrophones.com\/wp-content\/uploads\/2024\/04\/dynamic-part_ecm-dm2025k-600-18x10.png 18w\" sizes=\"auto, (max-width: 580px) 100vw, 580px\" \/><\/p>\n<p>Desglose de componentes: 1.Esponja 2.Tapa 3.Diafragma 4.Bobina 5.Acero magn\u00e9tico 6.Ollas de hierro 7.Soporte 8.PCB+esta\u00f1o<\/p>\n<h3 class=\"pt-5 text-start\">Curva de respuesta en frecuencia<\/h3>\n<p><img loading=\"lazy\" decoding=\"async\" class=\"alignnone size-full wp-image-337\" src=\"https:\/\/ecmicrophones.com\/wp-content\/uploads\/2024\/04\/response-curve_ecm-dm2025k-600.png\" alt=\"ECM-DM2025K Respuesta en frecuencia: Curva compleja con m\u00faltiples picos y valles\" width=\"540\" height=\"435\" srcset=\"https:\/\/ecmicrophones.com\/wp-content\/uploads\/2024\/04\/response-curve_ecm-dm2025k-600.png 540w, https:\/\/ecmicrophones.com\/wp-content\/uploads\/2024\/04\/response-curve_ecm-dm2025k-600-300x242.png 300w, https:\/\/ecmicrophones.com\/wp-content\/uploads\/2024\/04\/response-curve_ecm-dm2025k-600-15x12.png 15w\" sizes=\"auto, (max-width: 540px) 100vw, 540px\" \/><\/p>\n<p>La respuesta en frecuencia abarca de 100 Hz a 13 kHz, con graves mejorados y un aumento de la presencia en el rango vocal, seguido de una suave atenuaci\u00f3n de los agudos, dise\u00f1ada para captar un sonido natural y concentrado.<\/p>\n<h3 class=\"pt-5 text-start\">Dimensiones (UNIDAD: mm)<\/h3>\n<p><img loading=\"lazy\" decoding=\"async\" class=\"alignnone size-full wp-image-338\" src=\"https:\/\/ecmicrophones.com\/wp-content\/uploads\/2024\/04\/appearance-size_ecm-dm2025k-600.png\" alt=\"ECM-DM2025K Dimensiones: \u03a620.4\u00d724.9mm\" width=\"406\" height=\"380\" srcset=\"https:\/\/ecmicrophones.com\/wp-content\/uploads\/2024\/04\/appearance-size_ecm-dm2025k-600.png 406w, https:\/\/ecmicrophones.com\/wp-content\/uploads\/2024\/04\/appearance-size_ecm-dm2025k-600-300x281.png 300w, https:\/\/ecmicrophones.com\/wp-content\/uploads\/2024\/04\/appearance-size_ecm-dm2025k-600-13x12.png 13w\" sizes=\"auto, (max-width: 406px) 100vw, 406px\" \/><\/p>\n<p>\u03a620,4\u00d720,9 mm de dise\u00f1o de altavoz cil\u00edndrico.<\/p>","protected":false},"excerpt":{"rendered":"<p>Optimizada para micr\u00f3fonos de diadema, sistemas de megafon\u00eda y micr\u00f3fonos de mano KTV, esta c\u00e1psula de micr\u00f3fono din\u00e1mico unidireccional de 20,4 \u00d7 24,9 mm presenta una respuesta en frecuencia de 100 Hz a 13 kHz y una impedancia de 600 \u03a9, ofreciendo una reproducci\u00f3n vocal natural y enfocada para aplicaciones de comunicaci\u00f3n y entretenimiento.<\/p>","protected":false},"featured_media":3132,"comment_status":"open","ping_status":"closed","template":"","meta":[],"product_brand":[721],"product_cat":[17],"product_tag":[314,111],"class_list":{"0":"post-336","1":"product","2":"type-product","3":"status-publish","4":"has-post-thumbnail","6":"product_brand-ecmic","7":"product_cat-dynamic-microphones","8":"product_tag-20mm","9":"product_tag-instrument","11":"first","12":"instock","13":"shipping-taxable","14":"purchasable","15":"product-type-simple"},"_links":{"self":[{"href":"https:\/\/ecmicrophones.com\/es\/wp-json\/wp\/v2\/product\/336","targetHints":{"allow":["GET"]}}],"collection":[{"href":"https:\/\/ecmicrophones.com\/es\/wp-json\/wp\/v2\/product"}],"about":[{"href":"https:\/\/ecmicrophones.com\/es\/wp-json\/wp\/v2\/types\/product"}],"replies":[{"embeddable":true,"href":"https:\/\/ecmicrophones.com\/es\/wp-json\/wp\/v2\/comments?post=336"}],"wp:featuredmedia":[{"embeddable":true,"href":"https:\/\/ecmicrophones.com\/es\/wp-json\/wp\/v2\/media\/3132"}],"wp:attachment":[{"href":"https:\/\/ecmicrophones.com\/es\/wp-json\/wp\/v2\/media?parent=336"}],"wp:term":[{"taxonomy":"product_brand","embeddable":true,"href":"https:\/\/ecmicrophones.com\/es\/wp-json\/wp\/v2\/product_brand?post=336"},{"taxonomy":"product_cat","embeddable":true,"href":"https:\/\/ecmicrophones.com\/es\/wp-json\/wp\/v2\/product_cat?post=336"},{"taxonomy":"product_tag","embeddable":true,"href":"https:\/\/ecmicrophones.com\/es\/wp-json\/wp\/v2\/product_tag?post=336"}],"curies":[{"name":"wp","href":"https:\/\/api.w.org\/{rel}","templated":true}]}}