{"id":343,"date":"2024-04-15T07:12:24","date_gmt":"2024-04-15T07:12:24","guid":{"rendered":"https:\/\/ecmicrophones.com\/?post_type=product&#038;p=343"},"modified":"2026-03-19T15:48:00","modified_gmt":"2026-03-19T07:48:00","slug":"6mm-omnidirectional-electret-microphone-insert-for-wireless-lavalier","status":"publish","type":"product","link":"https:\/\/ecmicrophones.com\/es\/6mm-omnidirectional-electret-microphone-insert-for-wireless-lavalier\/","title":{"rendered":"Inserto de micr\u00f3fono Electret omnidireccional de 6mm para Lavalier inal\u00e1mbrico"},"content":{"rendered":"<h2 class=\"text-start\">Especificaciones t\u00e9cnicas<\/h2>\n<p class=\"text-start\">El cabezal de micr\u00f3fono omnidireccional 6027 cuenta con alta sensibilidad y una alta relaci\u00f3n se\u00f1al-ruido, con un dise\u00f1o de capacitor interno doble para una calidad de audio superior.<\/p>\n<h3 class=\"pt-5 text-start\">Circuito de prueba est\u00e1ndar<\/h3>\n<p><img loading=\"lazy\" decoding=\"async\" class=\"alignnone size-full wp-image-344\" src=\"https:\/\/ecmicrophones.com\/wp-content\/uploads\/2024\/04\/standard-test-circuit_ecm-b6027al30-715.png\" alt=\"ECM-B6027AL30 Circuito de prueba: 2,2k\u03a9 de polarizaci\u00f3n, 2V de alimentaci\u00f3n, 1\u03bcF de salida.\" width=\"656\" height=\"280\" srcset=\"https:\/\/ecmicrophones.com\/wp-content\/uploads\/2024\/04\/standard-test-circuit_ecm-b6027al30-715.png 656w, https:\/\/ecmicrophones.com\/wp-content\/uploads\/2024\/04\/standard-test-circuit_ecm-b6027al30-715-300x128.png 300w, https:\/\/ecmicrophones.com\/wp-content\/uploads\/2024\/04\/standard-test-circuit_ecm-b6027al30-715-18x8.png 18w, https:\/\/ecmicrophones.com\/wp-content\/uploads\/2024\/04\/standard-test-circuit_ecm-b6027al30-715-600x256.png 600w\" sizes=\"auto, (max-width: 656px) 100vw, 656px\" \/><\/p>\n<p>Resistencia de polarizaci\u00f3n de 2,2k\u03a9, alimentaci\u00f3n de 2V, condensador de salida de 1\u03bcF. Configuraci\u00f3n de grado de voz est\u00e1ndar.<\/p>\n<h3 class=\"pt-5 text-start\">Respuesta de frecuencia t\u00edpica<\/h3>\n<p><img loading=\"lazy\" decoding=\"async\" class=\"alignnone size-full wp-image-345\" src=\"https:\/\/ecmicrophones.com\/wp-content\/uploads\/2024\/04\/typical-frequency-response_ecm-b6027al30-715.png\" alt=\"ECM-B6027AL30 Respuesta en frecuencia: Plana con ca\u00edda por encima de 8 kHz\" width=\"397\" height=\"284\" srcset=\"https:\/\/ecmicrophones.com\/wp-content\/uploads\/2024\/04\/typical-frequency-response_ecm-b6027al30-715.png 397w, https:\/\/ecmicrophones.com\/wp-content\/uploads\/2024\/04\/typical-frequency-response_ecm-b6027al30-715-300x215.png 300w, https:\/\/ecmicrophones.com\/wp-content\/uploads\/2024\/04\/typical-frequency-response_ecm-b6027al30-715-18x12.png 18w\" sizes=\"auto, (max-width: 397px) 100vw, 397px\" \/><\/p>\n<p>Respuesta en frecuencia plana con reducci\u00f3n controlada por encima de 8 kHz.<\/p>\n<h3 class=\"pt-5 text-start\">Dimensiones (Unidad: mm)<\/h3>\n<p><img loading=\"lazy\" decoding=\"async\" class=\"alignnone size-full wp-image-346\" src=\"https:\/\/ecmicrophones.com\/wp-content\/uploads\/2024\/04\/appearance-dimension_ecm-b6027al30-715.png\" alt=\"ECM-B6027AL30 Dimensiones: \u03a66\u00d72,7 mm con malla antipolvo frontal (dise\u00f1o sin puertos).\" width=\"341\" height=\"431\" srcset=\"https:\/\/ecmicrophones.com\/wp-content\/uploads\/2024\/04\/appearance-dimension_ecm-b6027al30-715.png 341w, https:\/\/ecmicrophones.com\/wp-content\/uploads\/2024\/04\/appearance-dimension_ecm-b6027al30-715-237x300.png 237w, https:\/\/ecmicrophones.com\/wp-content\/uploads\/2024\/04\/appearance-dimension_ecm-b6027al30-715-9x12.png 9w\" sizes=\"auto, (max-width: 341px) 100vw, 341px\" \/><\/p>\n<p>\u03a66\u00d72,7 mm de dise\u00f1o compacto con malla antipolvo frontal (parte trasera sin puertos).<\/p>","protected":false},"excerpt":{"rendered":"<p>La ECM-B6027AL30-715 es una c\u00e1psula de micr\u00f3fono omnidireccional de 6 \u00d7 2,7 mm dise\u00f1ada para micr\u00f3fonos de solapa. Ofrece una sensibilidad de -30 dB \u00b1 2 y una relaci\u00f3n se\u00f1al\/ruido de 72 dB, lo que garantiza una captura de sonido clara en diversas situaciones, lo que la hace perfecta para aplicaciones de micr\u00f3fonos de solapa.<\/p>","protected":false},"featured_media":2559,"comment_status":"open","ping_status":"closed","template":"","meta":[],"product_brand":[721],"product_cat":[16,20],"product_tag":[283,235,288],"class_list":{"0":"post-343","1":"product","2":"type-product","3":"status-publish","4":"has-post-thumbnail","6":"product_brand-ecmic","7":"product_cat-electret-microphones","8":"product_cat-omnidirectional-microphones","9":"product_tag-6mm","10":"product_tag-conference","11":"product_tag-solder-pads","13":"first","14":"instock","15":"shipping-taxable","16":"purchasable","17":"product-type-simple"},"_links":{"self":[{"href":"https:\/\/ecmicrophones.com\/es\/wp-json\/wp\/v2\/product\/343","targetHints":{"allow":["GET"]}}],"collection":[{"href":"https:\/\/ecmicrophones.com\/es\/wp-json\/wp\/v2\/product"}],"about":[{"href":"https:\/\/ecmicrophones.com\/es\/wp-json\/wp\/v2\/types\/product"}],"replies":[{"embeddable":true,"href":"https:\/\/ecmicrophones.com\/es\/wp-json\/wp\/v2\/comments?post=343"}],"wp:featuredmedia":[{"embeddable":true,"href":"https:\/\/ecmicrophones.com\/es\/wp-json\/wp\/v2\/media\/2559"}],"wp:attachment":[{"href":"https:\/\/ecmicrophones.com\/es\/wp-json\/wp\/v2\/media?parent=343"}],"wp:term":[{"taxonomy":"product_brand","embeddable":true,"href":"https:\/\/ecmicrophones.com\/es\/wp-json\/wp\/v2\/product_brand?post=343"},{"taxonomy":"product_cat","embeddable":true,"href":"https:\/\/ecmicrophones.com\/es\/wp-json\/wp\/v2\/product_cat?post=343"},{"taxonomy":"product_tag","embeddable":true,"href":"https:\/\/ecmicrophones.com\/es\/wp-json\/wp\/v2\/product_tag?post=343"}],"curies":[{"name":"wp","href":"https:\/\/api.w.org\/{rel}","templated":true}]}}