{"id":3581,"date":"2025-10-08T09:19:11","date_gmt":"2025-10-08T01:19:11","guid":{"rendered":"https:\/\/ecmicrophones.com\/?post_type=product&#038;p=3581"},"modified":"2026-03-19T15:05:34","modified_gmt":"2026-03-19T07:05:34","slug":"14mm-unidirectional-microphone-capsule-for-broadcast","status":"publish","type":"product","link":"https:\/\/ecmicrophones.com\/es\/14mm-unidirectional-microphone-capsule-for-broadcast\/","title":{"rendered":"C\u00e1psula de micr\u00f3fono unidireccional de 14 mm para radiodifusi\u00f3n"},"content":{"rendered":"<h2 class=\"text-start\">Especificaciones t\u00e9cnicas<\/h2>\n<p class=\"text-start\">Nuestra c\u00e1psula de micr\u00f3fono unidireccional 1455 ofrece una calidad de sonido Hi-Fi de alta fidelidad y bajo ruido.<br \/>\nCon un nuevo dise\u00f1o de diafragma grande optimizado para aplicaciones de micr\u00f3fono de ca\u00f1\u00f3n,<br \/>\nproporciona graves potentes, medios ricos y agudos brillantes para una respuesta de audio equilibrada y de espectro completo.<\/p>\n<h3 class=\"pt-5 text-start\">Circuito de prueba est\u00e1ndar<\/h3>\n<p><img loading=\"lazy\" decoding=\"async\" class=\"alignnone size-full wp-image-3588\" src=\"https:\/\/ecmicrophones.com\/wp-content\/uploads\/2025\/10\/standard-test-circuit_ecm-b1463uml35-750.png.png\" alt=\"Circuito de prueba est\u00e1ndar\" width=\"534\" height=\"237\" srcset=\"https:\/\/ecmicrophones.com\/wp-content\/uploads\/2025\/10\/standard-test-circuit_ecm-b1463uml35-750.png.png 534w, https:\/\/ecmicrophones.com\/wp-content\/uploads\/2025\/10\/standard-test-circuit_ecm-b1463uml35-750.png-300x133.png 300w, https:\/\/ecmicrophones.com\/wp-content\/uploads\/2025\/10\/standard-test-circuit_ecm-b1463uml35-750.png-18x8.png 18w\" sizes=\"auto, (max-width: 534px) 100vw, 534px\" \/><\/p>\n<p>Condiciones de prueba: RL = 15K\u03a9, VS = 2V, C = 1\u03bcF.<\/p>\n<h3 class=\"pt-5 text-start\">Respuesta de frecuencia t\u00edpica<\/h3>\n<p><img loading=\"lazy\" decoding=\"async\" class=\"alignnone wp-image-3582 size-large\" src=\"https:\/\/ecmicrophones.com\/wp-content\/uploads\/2025\/10\/typical-frequency-response_ecm-b1463uml35-750-1024x460.png\" alt=\"Respuesta de frecuencia t\u00edpica\" width=\"1024\" height=\"460\" srcset=\"https:\/\/ecmicrophones.com\/wp-content\/uploads\/2025\/10\/typical-frequency-response_ecm-b1463uml35-750-1024x460.png 1024w, https:\/\/ecmicrophones.com\/wp-content\/uploads\/2025\/10\/typical-frequency-response_ecm-b1463uml35-750-300x135.png 300w, https:\/\/ecmicrophones.com\/wp-content\/uploads\/2025\/10\/typical-frequency-response_ecm-b1463uml35-750-768x345.png 768w, https:\/\/ecmicrophones.com\/wp-content\/uploads\/2025\/10\/typical-frequency-response_ecm-b1463uml35-750-1536x689.png 1536w, https:\/\/ecmicrophones.com\/wp-content\/uploads\/2025\/10\/typical-frequency-response_ecm-b1463uml35-750-18x8.png 18w, https:\/\/ecmicrophones.com\/wp-content\/uploads\/2025\/10\/typical-frequency-response_ecm-b1463uml35-750-600x269.png 600w, https:\/\/ecmicrophones.com\/wp-content\/uploads\/2025\/10\/typical-frequency-response_ecm-b1463uml35-750.png 1651w\" sizes=\"auto, (max-width: 1024px) 100vw, 1024px\" \/><\/p>\n<p>Ofrece una respuesta frontal suave y ligeramente ascendente desde unos 100 Hz a 10 kHz, con unos medios ricos y unos agudos brillantes,<br \/>\nmanteniendo m\u00e1s de 15 dB de rechazo trasero - dise\u00f1ado para la captura de voz unidireccional de alta fidelidad<br \/>\nen micr\u00f3fonos de ca\u00f1\u00f3n y de entrevista.<\/p>\n<h3 class=\"pt-5 text-start\">Dimensiones (UNIDAD: mm)<\/h3>\n<p><img loading=\"lazy\" decoding=\"async\" class=\"alignnone size-full wp-image-3583\" src=\"https:\/\/ecmicrophones.com\/wp-content\/uploads\/2025\/10\/appearance-dimension_ecm-b1463uml35-750.png\" alt=\"Dimensi\u00f3n de apariencia\" width=\"552\" height=\"312\" srcset=\"https:\/\/ecmicrophones.com\/wp-content\/uploads\/2025\/10\/appearance-dimension_ecm-b1463uml35-750.png 552w, https:\/\/ecmicrophones.com\/wp-content\/uploads\/2025\/10\/appearance-dimension_ecm-b1463uml35-750-300x170.png 300w, https:\/\/ecmicrophones.com\/wp-content\/uploads\/2025\/10\/appearance-dimension_ecm-b1463uml35-750-18x10.png 18w\" sizes=\"auto, (max-width: 552px) 100vw, 552px\" \/><\/p>\n<p>Dimensiones de la c\u00e1psula: \u00d814 \u00d7 6,3 mm.<br \/>\nIncorpora una malla frontal de protecci\u00f3n contra el polvo y un puerto ac\u00fastico trasero cubierto con una capa de malla amortiguadora<br \/>\npara un rendimiento direccional estable.<\/p>","protected":false},"excerpt":{"rendered":"<p>La ECM-B1463UML35-750 es una c\u00e1psula unidireccional de 14\u00d76,3 mm para micr\u00f3fonos de entrevista, con una sensibilidad de -35 dB\u00b12, una SNR de 80 dB y un SPL m\u00e1ximo de 120 dB con Distorsi\u00f3n &lt;1% para un audio claro y de alta calidad.\n<\/p>","protected":false},"featured_media":3587,"comment_status":"open","ping_status":"closed","template":"","meta":[],"product_brand":[721],"product_cat":[16,21],"product_tag":[280,235,288],"class_list":{"0":"post-3581","1":"product","2":"type-product","3":"status-publish","4":"has-post-thumbnail","6":"product_brand-ecmic","7":"product_cat-electret-microphones","8":"product_cat-unidirectional-microphones","9":"product_tag-14mm","10":"product_tag-conference","11":"product_tag-solder-pads","13":"first","14":"instock","15":"shipping-taxable","16":"purchasable","17":"product-type-simple"},"_links":{"self":[{"href":"https:\/\/ecmicrophones.com\/es\/wp-json\/wp\/v2\/product\/3581","targetHints":{"allow":["GET"]}}],"collection":[{"href":"https:\/\/ecmicrophones.com\/es\/wp-json\/wp\/v2\/product"}],"about":[{"href":"https:\/\/ecmicrophones.com\/es\/wp-json\/wp\/v2\/types\/product"}],"replies":[{"embeddable":true,"href":"https:\/\/ecmicrophones.com\/es\/wp-json\/wp\/v2\/comments?post=3581"}],"wp:featuredmedia":[{"embeddable":true,"href":"https:\/\/ecmicrophones.com\/es\/wp-json\/wp\/v2\/media\/3587"}],"wp:attachment":[{"href":"https:\/\/ecmicrophones.com\/es\/wp-json\/wp\/v2\/media?parent=3581"}],"wp:term":[{"taxonomy":"product_brand","embeddable":true,"href":"https:\/\/ecmicrophones.com\/es\/wp-json\/wp\/v2\/product_brand?post=3581"},{"taxonomy":"product_cat","embeddable":true,"href":"https:\/\/ecmicrophones.com\/es\/wp-json\/wp\/v2\/product_cat?post=3581"},{"taxonomy":"product_tag","embeddable":true,"href":"https:\/\/ecmicrophones.com\/es\/wp-json\/wp\/v2\/product_tag?post=3581"}],"curies":[{"name":"wp","href":"https:\/\/api.w.org\/{rel}","templated":true}]}}