{"id":3627,"date":"2025-11-05T14:34:30","date_gmt":"2025-11-05T06:34:30","guid":{"rendered":"https:\/\/ecmicrophones.com\/?post_type=product&#038;p=3627"},"modified":"2026-03-19T15:37:32","modified_gmt":"2026-03-19T07:37:32","slug":"car-cabin-electret-microphone-9-7-x-5-mm-overhead-lamp-infotainment-screen","status":"publish","type":"product","link":"https:\/\/ecmicrophones.com\/es\/car-cabin-electret-microphone-9-7-x-5-mm-overhead-lamp-infotainment-screen\/","title":{"rendered":"Micr\u00f3fono electret para habit\u00e1culo de autom\u00f3vil - 9,7 \u00d7 5 mm, luz de techo y pantalla de infoentretenimiento"},"content":{"rendered":"<div class=\"product-description\">\n<div class=\"container\">\n<h2 class=\"mb-3 text-start\">Puntos clave de venta<\/h2>\n<p class=\"text-start mb-2\">\u25cf Instalaci\u00f3n de la l\u00e1mpara superior - Cerca del conductor para una captaci\u00f3n \u00f3ptima de la voz.<\/p>\n<p class=\"text-start mb-2\">\u25cf Integraci\u00f3n con la pantalla de infoentretenimiento: admite llamadas manos libres, comandos de voz e interacci\u00f3n con el infoentretenimiento.<\/p>\n<p class=\"text-start mb-2\">\u25cf Captura de voz focalizada: el dise\u00f1o unidireccional reduce el ruido del motor, la carretera y el habit\u00e1culo.<\/p>\n<p class=\"text-start mb-2\">\u25cf Durabilidad de grado automotriz - Resistente a temperaturas extremas, vibraci\u00f3n, humedad y EMI.<\/p>\n<p class=\"text-start mb-2\">\u25cf Compacta y f\u00e1cil de integrar: c\u00e1psula de 9,7 \u00d7 5 mm con terminales de 2 patillas.<\/p>\n<p class=\"text-start mb-2\">\u25cf Admite el despliegue de varios micr\u00f3fonos: ideal para veh\u00edculos que requieren varios micr\u00f3fonos para una cobertura total de la cabina.<\/p>\n<h2 class=\"mb-3 mt-4 text-start\">Instalaciones recomendadas<\/h2>\n<div class=\"row align-items-center mb-4\">\n<div class=\"col-12 col-md-6 d-flex justify-content-center mb-3 mb-md-0\">\n        <img loading=\"lazy\" decoding=\"async\" src=\"https:\/\/ecmicrophones.com\/wp-content\/uploads\/2025\/11\/infotainment-screen.png\" alt=\"Instalaci\u00f3n de l\u00e1mparas de techo\" width=\"480\" height=\"360\" class=\"alignnone size-full wp-image-3631\" srcset=\"https:\/\/ecmicrophones.com\/wp-content\/uploads\/2025\/11\/infotainment-screen.png 480w, https:\/\/ecmicrophones.com\/wp-content\/uploads\/2025\/11\/infotainment-screen-300x225.png 300w, https:\/\/ecmicrophones.com\/wp-content\/uploads\/2025\/11\/infotainment-screen-16x12.png 16w\" sizes=\"auto, (max-width: 480px) 100vw, 480px\" \/>\n      <\/div>\n<div class=\"col-12 col-md-6 d-flex flex-column justify-content-center\">\n<p class=\"text-start mb-1\">\u25cf Captaci\u00f3n de voz superior, reduciendo el ruido del motor, de la carretera y del habit\u00e1culo.<\/p>\n<p class=\"text-start mb-1\">\u25cf Instalaci\u00f3n oculta y est\u00e9tica, manteniendo un aspecto interior limpio.<\/p>\n<p class=\"text-start mb-1\">\u25cf Admite varios micr\u00f3fonos para una cobertura total de la cabina.<\/p>\n<\/p><\/div>\n<\/p><\/div>\n<div class=\"row align-items-center\">\n<div class=\"col-12 col-md-6 order-md-2 d-flex justify-content-center mb-3 mb-md-0\">\n        <img loading=\"lazy\" decoding=\"async\" src=\"https:\/\/ecmicrophones.com\/wp-content\/uploads\/2025\/11\/overhead-lamp.png\" alt=\"Instalaci\u00f3n de la pantalla de infoentretenimiento\" width=\"480\" height=\"360\" class=\"alignnone size-full wp-image-3632\" srcset=\"https:\/\/ecmicrophones.com\/wp-content\/uploads\/2025\/11\/overhead-lamp.png 480w, https:\/\/ecmicrophones.com\/wp-content\/uploads\/2025\/11\/overhead-lamp-300x225.png 300w, https:\/\/ecmicrophones.com\/wp-content\/uploads\/2025\/11\/overhead-lamp-16x12.png 16w\" sizes=\"auto, (max-width: 480px) 100vw, 480px\" \/>\n      <\/div>\n<div class=\"col-12 col-md-6 order-md-1 d-flex flex-column justify-content-center\">\n<p class=\"text-start mb-1\">\u25cf Adecuado para la integraci\u00f3n en m\u00f3dulos de salpicadero o pantallas de infoentretenimiento.<\/p>\n<p class=\"text-start mb-1\">\u25cf Permite llamadas manos libres, comandos de voz e interacci\u00f3n con el infoentretenimiento.<\/p>\n<p class=\"text-start mb-1\">\u25cf Mejora el reconocimiento de voz general de la cabina cuando se combina con otros micr\u00f3fonos.<\/p>\n<\/p><\/div>\n<\/p><\/div>\n<\/p><\/div>\n<\/div>","protected":false},"excerpt":{"rendered":"<p>C\u00e1psula de micr\u00f3fono electret unidireccional de 9,7 \u00d7 5 mm de alto rendimiento dise\u00f1ada para cabinas de autom\u00f3viles. Optimizada para su instalaci\u00f3n en l\u00e1mparas de techo\/mapa y pantallas de infoentretenimiento, garantiza una captura clara de la voz del conductor, comunicaci\u00f3n manos libres y un reconocimiento de voz preciso en condiciones ruidosas de la carretera. Equipado con una configuraci\u00f3n de 2 patillas para facilitar la integraci\u00f3n.<\/p>","protected":false},"featured_media":3628,"comment_status":"open","ping_status":"closed","template":"","meta":[],"product_brand":[721],"product_cat":[21,16],"product_tag":[282,229,291],"class_list":{"0":"post-3627","1":"product","2":"type-product","3":"status-publish","4":"has-post-thumbnail","6":"product_brand-ecmic","7":"product_cat-unidirectional-microphones","8":"product_cat-electret-microphones","9":"product_tag-9-7mm","10":"product_tag-equipment","11":"product_tag-pin-type","13":"first","14":"instock","15":"shipping-taxable","16":"purchasable","17":"product-type-simple"},"_links":{"self":[{"href":"https:\/\/ecmicrophones.com\/es\/wp-json\/wp\/v2\/product\/3627","targetHints":{"allow":["GET"]}}],"collection":[{"href":"https:\/\/ecmicrophones.com\/es\/wp-json\/wp\/v2\/product"}],"about":[{"href":"https:\/\/ecmicrophones.com\/es\/wp-json\/wp\/v2\/types\/product"}],"replies":[{"embeddable":true,"href":"https:\/\/ecmicrophones.com\/es\/wp-json\/wp\/v2\/comments?post=3627"}],"wp:featuredmedia":[{"embeddable":true,"href":"https:\/\/ecmicrophones.com\/es\/wp-json\/wp\/v2\/media\/3628"}],"wp:attachment":[{"href":"https:\/\/ecmicrophones.com\/es\/wp-json\/wp\/v2\/media?parent=3627"}],"wp:term":[{"taxonomy":"product_brand","embeddable":true,"href":"https:\/\/ecmicrophones.com\/es\/wp-json\/wp\/v2\/product_brand?post=3627"},{"taxonomy":"product_cat","embeddable":true,"href":"https:\/\/ecmicrophones.com\/es\/wp-json\/wp\/v2\/product_cat?post=3627"},{"taxonomy":"product_tag","embeddable":true,"href":"https:\/\/ecmicrophones.com\/es\/wp-json\/wp\/v2\/product_tag?post=3627"}],"curies":[{"name":"wp","href":"https:\/\/api.w.org\/{rel}","templated":true}]}}