{"id":3662,"date":"2025-11-21T14:56:49","date_gmt":"2025-11-21T06:56:49","guid":{"rendered":"https:\/\/ecmicrophones.com\/?post_type=product&#038;p=3662"},"modified":"2026-03-19T15:02:23","modified_gmt":"2026-03-19T07:02:23","slug":"dynamic-microphone-cartridge-for-stage-speech-paging-vocal-applications","status":"publish","type":"product","link":"https:\/\/ecmicrophones.com\/es\/dynamic-microphone-cartridge-for-stage-speech-paging-vocal-applications\/","title":{"rendered":"C\u00e1psula de micr\u00f3fono din\u00e1mico para aplicaciones de voz, megafon\u00eda y voz en escenarios."},"content":{"rendered":"<h2 class=\"text-start\">Especificaciones t\u00e9cnicas<\/h2>\n<p class=\"text-start\">El <strong>ECM-DM3023-450<\/strong> La c\u00e1psula del micr\u00f3fono din\u00e1mico es un elemento unidireccional de alta calidad dise\u00f1ado para discursos en escenarios, sistemas de megafon\u00eda y aplicaciones vocales. Cuenta con una robusta estructura cil\u00edndrica que alberga un sistema duradero de bobina y diafragma que garantiza un audio estable y claro, lo que lo hace ideal para la amplificaci\u00f3n de sonido en directo y entornos de actuaci\u00f3n profesional.<\/p>\n<p class=\"text-start\">La c\u00e1psula ofrece una respuesta de frecuencia que abarca de 100 Hz a 9 kHz (v\u00e9ase la curva de respuesta), una impedancia est\u00e1ndar de 450 \u03a9 y una sensibilidad de \u201351 dB. Hay disponibles opciones de impedancia adicionales: 400 \u03a9, 500 \u03a9 y 600 \u03a9, lo que permite una integraci\u00f3n perfecta en una gran variedad de sistemas de micr\u00f3fonos. Dise\u00f1ada para ofrecer fiabilidad, proporciona una captaci\u00f3n precisa al tiempo que mantiene una excelente resistencia a la retroalimentaci\u00f3n.<\/p>\n<p class=\"text-start\">Dise\u00f1ado para soportar entornos exigentes, el <strong>ECM-DM3023-450<\/strong> es una excelente opci\u00f3n para fabricantes y clientes B2B que buscan elementos de micr\u00f3fono din\u00e1mico resistentes y dise\u00f1ados espec\u00edficamente para aplicaciones de rendimiento y comunicaci\u00f3n.<\/p>\n<h3 class=\"pt-5 text-start\">Despiece y lista de piezas<\/h3>\n<p><img loading=\"lazy\" decoding=\"async\" class=\"alignnone wp-image-3880 size-full\" src=\"https:\/\/ecmicrophones.com\/wp-content\/uploads\/2025\/11\/dynamic-part_ecm-dm3023-450-1.png\" alt=\"Despiece\" width=\"580\" height=\"310\" srcset=\"https:\/\/ecmicrophones.com\/wp-content\/uploads\/2025\/11\/dynamic-part_ecm-dm3023-450-1.png 580w, https:\/\/ecmicrophones.com\/wp-content\/uploads\/2025\/11\/dynamic-part_ecm-dm3023-450-1-300x160.png 300w, https:\/\/ecmicrophones.com\/wp-content\/uploads\/2025\/11\/dynamic-part_ecm-dm3023-450-1-18x10.png 18w\" sizes=\"auto, (max-width: 580px) 100vw, 580px\" \/><\/p>\n<p>La estructura incluye: Esponja, Cubierta, Diafragma, Bobina, Acero Magn\u00e9tico, Ollas de Hierro, Soporte, PCB con Esta\u00f1ado.<\/p>\n<h3 class=\"pt-5 text-start\">Respuesta de frecuencia t\u00edpica<\/h3>\n<p><img loading=\"lazy\" decoding=\"async\" class=\"alignnone wp-image-3664 size-full\" src=\"https:\/\/ecmicrophones.com\/wp-content\/uploads\/2025\/11\/response-curve_ecm-dm3023-450.png\" alt=\"Respuesta de frecuencia\" width=\"811\" height=\"599\" srcset=\"https:\/\/ecmicrophones.com\/wp-content\/uploads\/2025\/11\/response-curve_ecm-dm3023-450.png 811w, https:\/\/ecmicrophones.com\/wp-content\/uploads\/2025\/11\/response-curve_ecm-dm3023-450-300x222.png 300w, https:\/\/ecmicrophones.com\/wp-content\/uploads\/2025\/11\/response-curve_ecm-dm3023-450-768x567.png 768w, https:\/\/ecmicrophones.com\/wp-content\/uploads\/2025\/11\/response-curve_ecm-dm3023-450-16x12.png 16w, https:\/\/ecmicrophones.com\/wp-content\/uploads\/2025\/11\/response-curve_ecm-dm3023-450-600x443.png 600w\" sizes=\"auto, (max-width: 811px) 100vw, 811px\" \/><\/p>\n<p>La respuesta de frecuencia abarca desde 100 Hz hasta 9 kHz, aumentando de manera constante hasta alcanzar un pico alrededor de los 5 kHz, antes de disminuir suavemente en las frecuencias m\u00e1s altas. Esto garantiza una captaci\u00f3n clara, natural y bien equilibrada de las voces y los instrumentos, tanto en entornos en vivo como en estudio.<\/p>\n<h3 class=\"pt-5 text-start\">Dimensiones (UNIDAD: mm)<\/h3>\n<p><img loading=\"lazy\" decoding=\"async\" class=\"alignnone wp-image-3665 size-full\" src=\"https:\/\/ecmicrophones.com\/wp-content\/uploads\/2025\/11\/appearance-size_ecm-dm3023-450.png\" alt=\"Dimensiones\" width=\"347\" height=\"283\" srcset=\"https:\/\/ecmicrophones.com\/wp-content\/uploads\/2025\/11\/appearance-size_ecm-dm3023-450.png 347w, https:\/\/ecmicrophones.com\/wp-content\/uploads\/2025\/11\/appearance-size_ecm-dm3023-450-300x245.png 300w, https:\/\/ecmicrophones.com\/wp-content\/uploads\/2025\/11\/appearance-size_ecm-dm3023-450-15x12.png 15w\" sizes=\"auto, (max-width: 347px) 100vw, 347px\" \/><\/p>\n<p>Dise\u00f1o cil\u00edndrico con unas dimensiones de 30 \u00d7 22,7 mm y un peso neto de 26 g.<\/p>","protected":false},"excerpt":{"rendered":"<p>Esta c\u00e1psula de micr\u00f3fono din\u00e1mico cuenta con un patr\u00f3n unidireccional y una impedancia de 450 \u03a9, lo que proporciona un audio estable y claro para discursos en escenarios, sistemas de megafon\u00eda y aplicaciones vocales. Hay otras opciones de impedancia disponibles: 400 \u03a9, 450 \u03a9, 500 \u03a9 y 600 \u03a9.<\/p>","protected":false},"featured_media":3669,"comment_status":"open","ping_status":"closed","template":"","meta":[],"product_brand":[721],"product_cat":[17],"product_tag":[312,116],"class_list":{"0":"post-3662","1":"product","2":"type-product","3":"status-publish","4":"has-post-thumbnail","6":"product_brand-ecmic","7":"product_cat-dynamic-microphones","8":"product_tag-30mm","9":"product_tag-vocal","11":"first","12":"instock","13":"shipping-taxable","14":"purchasable","15":"product-type-simple"},"_links":{"self":[{"href":"https:\/\/ecmicrophones.com\/es\/wp-json\/wp\/v2\/product\/3662","targetHints":{"allow":["GET"]}}],"collection":[{"href":"https:\/\/ecmicrophones.com\/es\/wp-json\/wp\/v2\/product"}],"about":[{"href":"https:\/\/ecmicrophones.com\/es\/wp-json\/wp\/v2\/types\/product"}],"replies":[{"embeddable":true,"href":"https:\/\/ecmicrophones.com\/es\/wp-json\/wp\/v2\/comments?post=3662"}],"wp:featuredmedia":[{"embeddable":true,"href":"https:\/\/ecmicrophones.com\/es\/wp-json\/wp\/v2\/media\/3669"}],"wp:attachment":[{"href":"https:\/\/ecmicrophones.com\/es\/wp-json\/wp\/v2\/media?parent=3662"}],"wp:term":[{"taxonomy":"product_brand","embeddable":true,"href":"https:\/\/ecmicrophones.com\/es\/wp-json\/wp\/v2\/product_brand?post=3662"},{"taxonomy":"product_cat","embeddable":true,"href":"https:\/\/ecmicrophones.com\/es\/wp-json\/wp\/v2\/product_cat?post=3662"},{"taxonomy":"product_tag","embeddable":true,"href":"https:\/\/ecmicrophones.com\/es\/wp-json\/wp\/v2\/product_tag?post=3662"}],"curies":[{"name":"wp","href":"https:\/\/api.w.org\/{rel}","templated":true}]}}