{"id":3679,"date":"2025-12-02T14:26:10","date_gmt":"2025-12-02T06:26:10","guid":{"rendered":"https:\/\/ecmicrophones.com\/?post_type=product&#038;p=3679"},"modified":"2026-03-19T15:02:13","modified_gmt":"2026-03-19T07:02:13","slug":"14-5mm-waterproof-unidirectional-dynamic-microphone-capsule","status":"publish","type":"product","link":"https:\/\/ecmicrophones.com\/es\/14-5mm-waterproof-unidirectional-dynamic-microphone-capsule\/","title":{"rendered":"C\u00e1psula de micr\u00f3fono din\u00e1mico unidireccional impermeable de 14,5 mm"},"content":{"rendered":"<h2 class=\"text-start\">Especificaciones t\u00e9cnicas<\/h2>\n<p class=\"text-start\">El ECM-DM1458TP200 es una versi\u00f3n mejorada e impermeable de nuestra c\u00e1psula de micr\u00f3fono din\u00e1mico de 14,5 mm, dise\u00f1ada para aud\u00edfonos de aviaci\u00f3n, sistemas de intercomunicaci\u00f3n y dispositivos de comunicaci\u00f3n resistentes. Cuenta con un patr\u00f3n de captaci\u00f3n unidireccional combinado con una respuesta de frecuencia sintonizada optimizada para la claridad del habla entre 100 Hz y 9 kHz. Este dise\u00f1o mejora la inteligibilidad de la voz al tiempo que reduce eficazmente el ruido ambiental, lo que garantiza un rendimiento estable incluso en entornos dif\u00edciles.<\/p>\n<p class=\"text-start\">Fabricado con componentes resistentes a la humedad y una estructura de carcasa sellada, el ECM-DM1458TP200 ofrece un rendimiento impermeable fiable. Con opciones de impedancia seleccionables de 150 \u03a9 a 600 \u03a9, su formato compacto de 14,5 \u00d7 7,5 mm se integra f\u00e1cilmente en una amplia gama de equipos de comunicaci\u00f3n que requieren durabilidad, estabilidad y una transmisi\u00f3n de voz clara.<\/p>\n<h3 class=\"pt-5 text-start\">Despiece y lista de piezas<\/h3>\n<p><img loading=\"lazy\" decoding=\"async\" class=\"alignnone wp-image-3878 size-full\" src=\"https:\/\/ecmicrophones.com\/wp-content\/uploads\/2025\/12\/dynamic-part_ecm-dm1458tp200.png\" alt=\"ECM-DMP1458TP200 Vista detallada: 8 componentes clave, incluyendo el diafragma, la bobina m\u00f3vil y el conjunto magn\u00e9tico.\" width=\"570\" height=\"310\" srcset=\"https:\/\/ecmicrophones.com\/wp-content\/uploads\/2025\/12\/dynamic-part_ecm-dm1458tp200.png 570w, https:\/\/ecmicrophones.com\/wp-content\/uploads\/2025\/12\/dynamic-part_ecm-dm1458tp200-300x163.png 300w, https:\/\/ecmicrophones.com\/wp-content\/uploads\/2025\/12\/dynamic-part_ecm-dm1458tp200-18x10.png 18w\" sizes=\"auto, (max-width: 570px) 100vw, 570px\" \/><\/p>\n<p>Descomposici\u00f3n estructural que muestra la esponja impermeable, la cubierta protectora, el diafragma, la bobina, el acero magn\u00e9tico, las ollas de hierro, el soporte y el conjunto de PCB.<\/p>\n<h3 class=\"pt-5 text-start\">Curva de respuesta en frecuencia<\/h3>\n<p><img loading=\"lazy\" decoding=\"async\" class=\"alignnone wp-image-3681 size-full\" src=\"https:\/\/ecmicrophones.com\/wp-content\/uploads\/2025\/12\/response-curve_ecm-dm1458t200.png\" alt=\"ECM-DM1458TP200 Respuesta de frecuencia: centrada principalmente en el rango de 100 Hz a 9 kHz.\" width=\"566\" height=\"495\" srcset=\"https:\/\/ecmicrophones.com\/wp-content\/uploads\/2025\/12\/response-curve_ecm-dm1458t200.png 566w, https:\/\/ecmicrophones.com\/wp-content\/uploads\/2025\/12\/response-curve_ecm-dm1458t200-300x262.png 300w, https:\/\/ecmicrophones.com\/wp-content\/uploads\/2025\/12\/response-curve_ecm-dm1458t200-14x12.png 14w\" sizes=\"auto, (max-width: 566px) 100vw, 566px\" \/><\/p>\n<p>Respuesta de frecuencia centrada en el rango de 100 Hz a 9 kHz para optimizar la claridad del habla.<\/p>\n<h3 class=\"pt-5 text-start\">Dimensiones (UNIDAD: mm)<\/h3>\n<p><img loading=\"lazy\" decoding=\"async\" class=\"alignnone wp-image-3682 size-full\" src=\"https:\/\/ecmicrophones.com\/wp-content\/uploads\/2025\/12\/appearance-size_ecm-dm1458t200.png\" alt=\"ECM-DM1458TP200 Dimensiones: c\u00e1psula de micr\u00f3fono din\u00e1mico compacto de \u03a614,5 \u00d7 7,5 mm.\" width=\"448\" height=\"453\" srcset=\"https:\/\/ecmicrophones.com\/wp-content\/uploads\/2025\/12\/appearance-size_ecm-dm1458t200.png 448w, https:\/\/ecmicrophones.com\/wp-content\/uploads\/2025\/12\/appearance-size_ecm-dm1458t200-297x300.png 297w, https:\/\/ecmicrophones.com\/wp-content\/uploads\/2025\/12\/appearance-size_ecm-dm1458t200-12x12.png 12w, https:\/\/ecmicrophones.com\/wp-content\/uploads\/2025\/12\/appearance-size_ecm-dm1458t200-100x100.png 100w\" sizes=\"auto, (max-width: 448px) 100vw, 448px\" \/><\/p>\n<p>Dise\u00f1o compacto de carcasa impermeable de 14,5 \u00d7 7,5 mm.<\/p>","protected":false},"excerpt":{"rendered":"<p>C\u00e1psula de micr\u00f3fono din\u00e1mico unidireccional compacta e impermeable con clasificaci\u00f3n IP67 de 14,5 mm dise\u00f1ada para aud\u00edfonos de aviaci\u00f3n, intercomunicadores, micr\u00f3fonos con altavoz para radios bidireccionales y micr\u00f3fonos din\u00e1micos de cuello de cisne para intercomunicadores, que ofrece una captaci\u00f3n de voz clara y confiable en entornos ruidosos y hostiles.<\/p>","protected":false},"featured_media":3683,"comment_status":"open","ping_status":"closed","template":"","meta":[],"product_brand":[721],"product_cat":[17],"product_tag":[311,109],"class_list":{"0":"post-3679","1":"product","2":"type-product","3":"status-publish","4":"has-post-thumbnail","6":"product_brand-ecmic","7":"product_cat-dynamic-microphones","8":"product_tag-15mm","9":"product_tag-intercom","11":"first","12":"instock","13":"shipping-taxable","14":"purchasable","15":"product-type-simple"},"_links":{"self":[{"href":"https:\/\/ecmicrophones.com\/es\/wp-json\/wp\/v2\/product\/3679","targetHints":{"allow":["GET"]}}],"collection":[{"href":"https:\/\/ecmicrophones.com\/es\/wp-json\/wp\/v2\/product"}],"about":[{"href":"https:\/\/ecmicrophones.com\/es\/wp-json\/wp\/v2\/types\/product"}],"replies":[{"embeddable":true,"href":"https:\/\/ecmicrophones.com\/es\/wp-json\/wp\/v2\/comments?post=3679"}],"wp:featuredmedia":[{"embeddable":true,"href":"https:\/\/ecmicrophones.com\/es\/wp-json\/wp\/v2\/media\/3683"}],"wp:attachment":[{"href":"https:\/\/ecmicrophones.com\/es\/wp-json\/wp\/v2\/media?parent=3679"}],"wp:term":[{"taxonomy":"product_brand","embeddable":true,"href":"https:\/\/ecmicrophones.com\/es\/wp-json\/wp\/v2\/product_brand?post=3679"},{"taxonomy":"product_cat","embeddable":true,"href":"https:\/\/ecmicrophones.com\/es\/wp-json\/wp\/v2\/product_cat?post=3679"},{"taxonomy":"product_tag","embeddable":true,"href":"https:\/\/ecmicrophones.com\/es\/wp-json\/wp\/v2\/product_tag?post=3679"}],"curies":[{"name":"wp","href":"https:\/\/api.w.org\/{rel}","templated":true}]}}