{"id":3691,"date":"2025-12-06T11:15:32","date_gmt":"2025-12-06T03:15:32","guid":{"rendered":"https:\/\/ecmicrophones.com\/?post_type=product&#038;p=3691"},"modified":"2026-03-19T15:01:44","modified_gmt":"2026-03-19T07:01:44","slug":"waterproof-dynamic-microphone-capsule-for-marine-vhf-intercoms","status":"publish","type":"product","link":"https:\/\/ecmicrophones.com\/es\/waterproof-dynamic-microphone-capsule-for-marine-vhf-intercoms\/","title":{"rendered":"C\u00e1psula de micr\u00f3fono din\u00e1mico resistente al agua para intercomunicadores VHF marinos"},"content":{"rendered":"<h2 class=\"text-start\">Especificaciones t\u00e9cnicas<\/h2>\n<p class=\"text-start\">El ECM-DMP-21F es una c\u00e1psula de micr\u00f3fono din\u00e1mico unidireccional resistente al agua dise\u00f1ada para intercomunicadores VHF marinos y dispositivos de comunicaci\u00f3n para exteriores resistentes. Cuenta con un patr\u00f3n de captaci\u00f3n unidireccional con una respuesta de frecuencia optimizada para una voz clara entre 100 Hz y 8 kHz, lo que garantiza una transmisi\u00f3n de voz inteligible incluso en condiciones ruidosas o h\u00famedas.<\/p>\n<p class=\"text-start\">Fabricado con componentes resistentes a la humedad y una carcasa sellada, el ECM-DMP-21F ofrece un rendimiento impermeable fiable. Su formato compacto de 31,5 \u00d7 16,2 mm y su impedancia de salida de 200 \u03a9 facilitan su integraci\u00f3n en diversos sistemas de intercomunicaci\u00f3n marinos y para exteriores que requieren durabilidad, estabilidad y una claridad de voz constante.<\/p>\n<h3 class=\"pt-5 text-start\">Despiece y lista de piezas<\/h3>\n<p><img loading=\"lazy\" decoding=\"async\" class=\"alignnone wp-image-3877 size-full\" src=\"https:\/\/ecmicrophones.com\/wp-content\/uploads\/2025\/12\/dynamic-part_ecm-dmp21f-1.png\" alt=\"Vista detallada del ECM-DMP-21F: componentes clave, incluyendo esponja impermeable, diafragma, bobina, conjunto magn\u00e9tico y soporte.\" width=\"570\" height=\"310\" srcset=\"https:\/\/ecmicrophones.com\/wp-content\/uploads\/2025\/12\/dynamic-part_ecm-dmp21f-1.png 570w, https:\/\/ecmicrophones.com\/wp-content\/uploads\/2025\/12\/dynamic-part_ecm-dmp21f-1-300x163.png 300w, https:\/\/ecmicrophones.com\/wp-content\/uploads\/2025\/12\/dynamic-part_ecm-dmp21f-1-18x10.png 18w\" sizes=\"auto, (max-width: 570px) 100vw, 570px\" \/><\/p>\n<p>Descomposici\u00f3n estructural que muestra la esponja impermeable, la cubierta protectora, el diafragma, la bobina, el acero magn\u00e9tico, las ollas de hierro, el soporte y el conjunto de PCB.<\/p>\n<h3 class=\"pt-5 text-start\">Curva de respuesta en frecuencia<\/h3>\n<p><img loading=\"lazy\" decoding=\"async\" class=\"alignnone size-full wp-image-3697\" src=\"https:\/\/ecmicrophones.com\/wp-content\/uploads\/2025\/12\/response-curve_ecm-dmp21f.png\" alt=\"ECM-DMP-21F Respuesta de frecuencia: centrada principalmente en el rango de 100 Hz a 8 kHz para optimizar la claridad del habla.\" width=\"570\" height=\"471\" srcset=\"https:\/\/ecmicrophones.com\/wp-content\/uploads\/2025\/12\/response-curve_ecm-dmp21f.png 570w, https:\/\/ecmicrophones.com\/wp-content\/uploads\/2025\/12\/response-curve_ecm-dmp21f-300x248.png 300w, https:\/\/ecmicrophones.com\/wp-content\/uploads\/2025\/12\/response-curve_ecm-dmp21f-15x12.png 15w\" sizes=\"auto, (max-width: 570px) 100vw, 570px\" \/><\/p>\n<p>Respuesta de frecuencia centrada en el rango de 100 Hz a 8 kHz para una claridad de voz optimizada.<\/p>\n<h3 class=\"pt-5 text-start\">Dimensiones (UNIDAD: mm)<\/h3>\n<p><img loading=\"lazy\" decoding=\"async\" class=\"alignnone size-full wp-image-3696\" src=\"https:\/\/ecmicrophones.com\/wp-content\/uploads\/2025\/12\/appearance-size_ecm-dmp21f.png\" alt=\"ECM-DMP-21F Dimensiones: c\u00e1psula de micr\u00f3fono din\u00e1mico compacta e impermeable de 31,5 \u00d7 16,2 mm.\" width=\"403\" height=\"389\" srcset=\"https:\/\/ecmicrophones.com\/wp-content\/uploads\/2025\/12\/appearance-size_ecm-dmp21f.png 403w, https:\/\/ecmicrophones.com\/wp-content\/uploads\/2025\/12\/appearance-size_ecm-dmp21f-300x290.png 300w, https:\/\/ecmicrophones.com\/wp-content\/uploads\/2025\/12\/appearance-size_ecm-dmp21f-12x12.png 12w\" sizes=\"auto, (max-width: 403px) 100vw, 403px\" \/><\/p>\n<p>Dise\u00f1o compacto de carcasa impermeable de 31,5 \u00d7 16,2 mm.<\/p>","protected":false},"excerpt":{"rendered":"<p>C\u00e1psula de micr\u00f3fono din\u00e1mico unidireccional impermeable de 31,5 \u00d7 16,2 mm para intercomunicadores VHF marinos, que ofrece una captaci\u00f3n clara de la voz en entornos ruidosos y h\u00famedos.<\/p>","protected":false},"featured_media":3693,"comment_status":"open","ping_status":"closed","template":"","meta":[],"product_brand":[721],"product_cat":[17],"product_tag":[312,109],"class_list":{"0":"post-3691","1":"product","2":"type-product","3":"status-publish","4":"has-post-thumbnail","6":"product_brand-ecmic","7":"product_cat-dynamic-microphones","8":"product_tag-30mm","9":"product_tag-intercom","11":"first","12":"instock","13":"shipping-taxable","14":"purchasable","15":"product-type-simple"},"_links":{"self":[{"href":"https:\/\/ecmicrophones.com\/es\/wp-json\/wp\/v2\/product\/3691","targetHints":{"allow":["GET"]}}],"collection":[{"href":"https:\/\/ecmicrophones.com\/es\/wp-json\/wp\/v2\/product"}],"about":[{"href":"https:\/\/ecmicrophones.com\/es\/wp-json\/wp\/v2\/types\/product"}],"replies":[{"embeddable":true,"href":"https:\/\/ecmicrophones.com\/es\/wp-json\/wp\/v2\/comments?post=3691"}],"wp:featuredmedia":[{"embeddable":true,"href":"https:\/\/ecmicrophones.com\/es\/wp-json\/wp\/v2\/media\/3693"}],"wp:attachment":[{"href":"https:\/\/ecmicrophones.com\/es\/wp-json\/wp\/v2\/media?parent=3691"}],"wp:term":[{"taxonomy":"product_brand","embeddable":true,"href":"https:\/\/ecmicrophones.com\/es\/wp-json\/wp\/v2\/product_brand?post=3691"},{"taxonomy":"product_cat","embeddable":true,"href":"https:\/\/ecmicrophones.com\/es\/wp-json\/wp\/v2\/product_cat?post=3691"},{"taxonomy":"product_tag","embeddable":true,"href":"https:\/\/ecmicrophones.com\/es\/wp-json\/wp\/v2\/product_tag?post=3691"}],"curies":[{"name":"wp","href":"https:\/\/api.w.org\/{rel}","templated":true}]}}