{"id":3766,"date":"2026-01-16T16:49:24","date_gmt":"2026-01-16T08:49:24","guid":{"rendered":"https:\/\/ecmicrophones.com\/?post_type=product&#038;p=3766"},"modified":"2026-03-20T13:38:55","modified_gmt":"2026-03-20T05:38:55","slug":"high-fidelity-electret-condenser-microphone-capsule-with-panasonic-core","status":"publish","type":"product","link":"https:\/\/ecmicrophones.com\/es\/high-fidelity-electret-condenser-microphone-capsule-with-panasonic-core\/","title":{"rendered":"C\u00e1psula de micr\u00f3fono de condensador electret de alta fidelidad con n\u00facleo Panasonic"},"content":{"rendered":"<h2 class=\"text-start\">Visi\u00f3n general<\/h2>\n<p class=\"text-start\">El <strong>ECM-B1045UBT-Y389-967-1<\/strong> es un <strong>C\u00e1psula de micr\u00f3fono de condensador electret unidireccional de 9,7 mm.<\/strong> dise\u00f1ado para <strong>rendimiento de audio de alta fidelidad superior<\/strong>. Fabricado con un n\u00facleo Panasonic de alta calidad y un dise\u00f1o de condensador externo, destaca por capturar un sonido cristalino con una distorsi\u00f3n m\u00ednima, lo que lo convierte en la opci\u00f3n ideal para <strong>Grabaci\u00f3n profesional, aud\u00edfonos de alta gama, soluciones para conferencias y m\u00f3dulos de audio OEM\/ODM de primera calidad.<\/strong> donde la calidad del audio es primordial.<\/p>\n<h2 class=\"pt-4 text-start\">Caracter\u00edsticas clave<\/h2>\n<ul class=\"text-start\">\n<li>\ud83c\udfb5 <strong>N\u00facleo de alta fidelidad premium<\/strong> \u2013 Utiliza un n\u00facleo de micr\u00f3fono Panasonic de alta calidad para ofrecer una claridad y un detalle de sonido excepcionales.<\/li>\n<li>\ud83c\udfa4 <strong>Excelente manejo del SPL m\u00e1ximo (127 dB con THD \u2264 101 TP3T)<\/strong> \u2013 Capaz de capturar fuentes de sonido fuertes sin distorsi\u00f3n, perfecto para interpretaciones vocales din\u00e1micas.<\/li>\n<li>\ud83d\udd07 <strong>Excelente relaci\u00f3n se\u00f1al-ruido (72 dB ponderada A)<\/strong> \u2013 Proporciona una se\u00f1al de audio limpia y sin ruidos para grabaciones de calidad profesional.<\/li>\n<li>\ud83d\udd0b <strong>Amplio rango de voltaje de funcionamiento (1,0-10,0 V CC)<\/strong> \u2013 Ofrece una integraci\u00f3n flexible con diversos circuitos de audio y sistemas inal\u00e1mbricos.<\/li>\n<li>\u2699\ufe0f <strong>Salida de baja impedancia (\u22641 k\u03a9)<\/strong> \u2013 Garantiza una transmisi\u00f3n de se\u00f1al estable y compatibilidad con entradas de audio est\u00e1ndar.<\/li>\n<li>\ud83c\udfaf <strong>Patr\u00f3n de captaci\u00f3n unidireccional<\/strong> \u2013 Captura eficazmente el sonido deseado y reduce el ruido ambiental.<\/li>\n<\/ul>\n<h2 class=\"pt-4 text-start\">Especificaciones t\u00e9cnicas<\/h2>\n<p class=\"text-start\">Dise\u00f1ada para aplicaciones de audio de alta calidad, esta c\u00e1psula de micr\u00f3fono combina componentes de primera categor\u00eda con rigurosas pruebas para garantizar un rendimiento constante y de alta calidad.<\/p>\n<table class=\"text-start\" border=\"1\" cellspacing=\"0\" cellpadding=\"6\">\n<tbody>\n<tr>\n<th>Par\u00e1metro<\/th>\n<th>Especificaci\u00f3n<\/th>\n<\/tr>\n<tr>\n<td>Modelo<\/td>\n<td>ECM-B1045UBT-Y389-967-1<\/td>\n<\/tr>\n<tr>\n<td>Tipo<\/td>\n<td>C\u00e1psula de micr\u00f3fono de condensador electret<\/td>\n<\/tr>\n<tr>\n<td>Directividad<\/td>\n<td>Unidireccional<\/td>\n<\/tr>\n<tr>\n<td>Sensibilidad<\/td>\n<td>-46 \u00b13 dB (RL=5,6 k\u03a9, Vs=5,0 V)<\/td>\n<\/tr>\n<tr>\n<td>Relaci\u00f3n se\u00f1al\/ruido<\/td>\n<td>72 dB (ponderado A, t\u00edpico)<\/td>\n<\/tr>\n<tr>\n<td>SPL m\u00e1ximo de entrada<\/td>\n<td>127 dB (THD \u226410%)<\/td>\n<\/tr>\n<tr>\n<td>Impedancia<\/td>\n<td>\u22641 k\u03a9<\/td>\n<\/tr>\n<tr>\n<td>Voltaje operativo est\u00e1ndar<\/td>\n<td>5,0 V CC<\/td>\n<\/tr>\n<tr>\n<td>Rango de voltaje de funcionamiento<\/td>\n<td>1,0 \u2013 10,0 V CC<\/td>\n<\/tr>\n<tr>\n<td>Consumo actual<\/td>\n<td>\u2264500 \u03bcA<\/td>\n<\/tr>\n<tr>\n<td>Tipo de n\u00facleo<\/td>\n<td>Panasonic de alta calidad<\/td>\n<\/tr>\n<\/tbody>\n<\/table>\n<h2 class=\"pt-4 text-start\">Aplicaciones t\u00edpicas<\/h2>\n<ul class=\"text-start\">\n<li>Micr\u00f3fonos de alta fidelidad para grabaci\u00f3n en estudio<\/li>\n<li>Auriculares profesionales para retransmisiones y streaming<\/li>\n<li>Sistemas de conferencia y telepresencia de alta calidad<\/li>\n<li>Auriculares de alta gama con cancelaci\u00f3n de ruido<\/li>\n<li>M\u00f3dulos de audio personalizados OEM\/ODM para clientes exigentes<\/li>\n<\/ul>\n<h2 class=\"pt-4 text-start\">Ventajas<\/h2>\n<p class=\"text-start\">Este <strong>c\u00e1psula de micr\u00f3fono de alta fidelidad<\/strong> Se distingue por el uso de componentes Panasonic de primera calidad, lo que se traduce en una transparencia de audio superior, una respuesta de frecuencia ampliada y un rendimiento robusto. Es la opci\u00f3n definitiva para aplicaciones en las que se requiere el m\u00e1s alto nivel de reproducci\u00f3n de audio.<\/p>","protected":false},"excerpt":{"rendered":"<p>C\u00e1psula de micr\u00f3fono de condensador electret profesional de 9,7 mm con n\u00facleo Panasonic de alta calidad, que ofrece una relaci\u00f3n se\u00f1al-ruido superior (72 dB), un SPL m\u00e1ximo elevado (127 dB) y una claridad excepcional para aplicaciones de audio exigentes, como aud\u00edfonos de estudio, sistemas de conferencia y equipos de transmisi\u00f3n.<\/p>","protected":false},"featured_media":3770,"comment_status":"open","ping_status":"closed","template":"","meta":[],"product_brand":[721],"product_cat":[21],"product_tag":[281,292,235],"class_list":{"0":"post-3766","1":"product","2":"type-product","3":"status-publish","4":"has-post-thumbnail","6":"product_brand-ecmic","7":"product_cat-unidirectional-microphones","8":"product_tag-10mm","9":"product_tag-3-solder-pads","10":"product_tag-conference","12":"first","13":"instock","14":"shipping-taxable","15":"purchasable","16":"product-type-simple"},"_links":{"self":[{"href":"https:\/\/ecmicrophones.com\/es\/wp-json\/wp\/v2\/product\/3766","targetHints":{"allow":["GET"]}}],"collection":[{"href":"https:\/\/ecmicrophones.com\/es\/wp-json\/wp\/v2\/product"}],"about":[{"href":"https:\/\/ecmicrophones.com\/es\/wp-json\/wp\/v2\/types\/product"}],"replies":[{"embeddable":true,"href":"https:\/\/ecmicrophones.com\/es\/wp-json\/wp\/v2\/comments?post=3766"}],"wp:featuredmedia":[{"embeddable":true,"href":"https:\/\/ecmicrophones.com\/es\/wp-json\/wp\/v2\/media\/3770"}],"wp:attachment":[{"href":"https:\/\/ecmicrophones.com\/es\/wp-json\/wp\/v2\/media?parent=3766"}],"wp:term":[{"taxonomy":"product_brand","embeddable":true,"href":"https:\/\/ecmicrophones.com\/es\/wp-json\/wp\/v2\/product_brand?post=3766"},{"taxonomy":"product_cat","embeddable":true,"href":"https:\/\/ecmicrophones.com\/es\/wp-json\/wp\/v2\/product_cat?post=3766"},{"taxonomy":"product_tag","embeddable":true,"href":"https:\/\/ecmicrophones.com\/es\/wp-json\/wp\/v2\/product_tag?post=3766"}],"curies":[{"name":"wp","href":"https:\/\/api.w.org\/{rel}","templated":true}]}}