{"id":3767,"date":"2026-01-16T16:50:27","date_gmt":"2026-01-16T08:50:27","guid":{"rendered":"https:\/\/ecmicrophones.com\/?post_type=product&#038;p=3767"},"modified":"2026-03-20T13:38:51","modified_gmt":"2026-03-20T05:38:51","slug":"anti-interference-electret-condenser-microphone-capsule-with-korea-rf-core","status":"publish","type":"product","link":"https:\/\/ecmicrophones.com\/es\/anti-interference-electret-condenser-microphone-capsule-with-korea-rf-core\/","title":{"rendered":"C\u00e1psula de micr\u00f3fono condensador electret antiinterferencias con n\u00facleo RF de Corea"},"content":{"rendered":"<h2 class=\"text-start\">Visi\u00f3n general<\/h2>\n<p class=\"text-start\">El <strong>ECM-B1045UBT-Y390-967-2<\/strong> es un <strong>C\u00e1psula de micr\u00f3fono de condensador electret unidireccional de 9,7 mm.<\/strong> dise\u00f1ado espec\u00edficamente para <strong>funcionamiento confiable en entornos con interferencias el\u00e9ctricas<\/strong>. Al incorporar un n\u00facleo de micr\u00f3fono RF especializado de Corea, proporciona <strong>Mayor inmunidad a las interferencias electromagn\u00e9ticas (EMI).<\/strong>, lo que garantiza una captura de audio estable y clara.<\/p>\n<h2 class=\"pt-4 text-start\">Caracter\u00edsticas clave<\/h2>\n<ul class=\"text-start\">\n<li>\ud83d\udee1\ufe0f <strong>Dise\u00f1o superior anti-interferencias<\/strong> \u2013 Fabricado con un n\u00facleo RF core de Corea seleccionado espec\u00edficamente por su excelente rendimiento en materia de compatibilidad electromagn\u00e9tica (EMC).<\/li>\n<li>\ud83d\udce1 <strong>Optimizado para entornos de radiofrecuencia<\/strong> \u2013 Mantiene una calidad de audio n\u00edtida en proximidad a transmisores inal\u00e1mbricos, dispositivos Bluetooth y otras fuentes de radiofrecuencia.<\/li>\n<li>\ud83c\udfa4 <strong>Alto manejo de SPL (125 dB @ THD \u2264 101 TP3T)<\/strong> \u2013 Lo suficientemente robusto como para soportar una amplia gama de niveles de presi\u00f3n sonora en aplicaciones del mundo real.<\/li>\n<li>\ud83d\udd07 <strong>Buena relaci\u00f3n se\u00f1al-ruido (70 dB ponderada A)<\/strong> \u2013 Proporciona una captaci\u00f3n de voz clara, adecuada para la comunicaci\u00f3n y el reconocimiento de voz.<\/li>\n<li>\ud83d\udd0b <strong>Amplio rango de voltaje operativo (1,0-10,0 V CC)<\/strong> \u2013 Compatibilidad de alimentaci\u00f3n vers\u00e1til para diversos dise\u00f1os electr\u00f3nicos.<\/li>\n<li>\u2699\ufe0f <strong>Salida estable de baja impedancia (\u22641 k\u03a9)<\/strong> \u2013 Integridad de se\u00f1al confiable para un rendimiento constante.<\/li>\n<\/ul>\n<h2 class=\"pt-4 text-start\">Especificaciones t\u00e9cnicas<\/h2>\n<p class=\"text-start\">Esta c\u00e1psula est\u00e1 dise\u00f1ada para ofrecer durabilidad y fiabilidad, y se somete a rigurosas pruebas ambientales para garantizar un rendimiento constante en entornos en los que la resistencia a las interferencias es fundamental.<\/p>\n<table class=\"text-start\" border=\"1\" cellspacing=\"0\" cellpadding=\"6\">\n<tbody>\n<tr>\n<th>Par\u00e1metro<\/th>\n<th>Especificaci\u00f3n<\/th>\n<\/tr>\n<tr>\n<td>Modelo<\/td>\n<td>ECM-B1045UBT-Y390-967-2<\/td>\n<\/tr>\n<tr>\n<td>Tipo<\/td>\n<td>C\u00e1psula de micr\u00f3fono de condensador electret<\/td>\n<\/tr>\n<tr>\n<td>Directividad<\/td>\n<td>Unidireccional<\/td>\n<\/tr>\n<tr>\n<td>Sensibilidad<\/td>\n<td>-46 \u00b13 dB (RL=5,6 k\u03a9, Vs=5,0 V)<\/td>\n<\/tr>\n<tr>\n<td>Relaci\u00f3n se\u00f1al\/ruido<\/td>\n<td>70 dB (ponderado A, t\u00edpico)<\/td>\n<\/tr>\n<tr>\n<td>SPL m\u00e1ximo de entrada<\/td>\n<td>125 dB (THD \u226410%)<\/td>\n<\/tr>\n<tr>\n<td>Impedancia<\/td>\n<td>\u22641 k\u03a9<\/td>\n<\/tr>\n<tr>\n<td>Voltaje operativo est\u00e1ndar<\/td>\n<td>5,0 V CC<\/td>\n<\/tr>\n<tr>\n<td>Rango de voltaje de funcionamiento<\/td>\n<td>1,0 \u2013 10,0 V CC<\/td>\n<\/tr>\n<tr>\n<td>Consumo actual<\/td>\n<td>\u2264500 \u03bcA<\/td>\n<\/tr>\n<tr>\n<td>Tipo de n\u00facleo<\/td>\n<td>Corea RF (antinterferencias)<\/td>\n<\/tr>\n<\/tbody>\n<\/table>\n<h2 class=\"pt-4 text-start\">Aplicaciones t\u00edpicas<\/h2>\n<ul class=\"text-start\">\n<li>Auriculares inal\u00e1mbricos y auriculares Bluetooth<\/li>\n<li>Aud\u00edfonos y dispositivos de ayuda auditiva<\/li>\n<li>Altavoces inteligentes y asistentes dom\u00e9sticos controlados por voz<\/li>\n<li>Sistemas de manos libres y comando de voz para autom\u00f3viles<\/li>\n<li>Dispositivos de comunicaci\u00f3n industrial y radios bidireccionales<\/li>\n<\/ul>\n<h2 class=\"pt-4 text-start\">Ventajas<\/h2>\n<p class=\"text-start\">El <strong>ECM-B1045UBT-Y390-967-2<\/strong> destaca por su <strong>resistencia excepcional a las interferencias electromagn\u00e9ticas<\/strong>, un reto habitual en los dispositivos electr\u00f3nicos modernos. Al priorizar la estabilidad de la se\u00f1al en entornos ruidosos, garantiza una captura de voz fiable y una comunicaci\u00f3n clara, lo que lo convierte en un componente robusto y confiable para cualquier dise\u00f1o en el que el ruido de RF sea un problema.<\/p>","protected":false},"excerpt":{"rendered":"<p class=\"ds-markdown-paragraph\">C\u00e1psula de micr\u00f3fono de condensador electret de 9,7 mm equipada con un n\u00facleo RF especializado de Corea, optimizado para una excelente resistencia a las interferencias electromagn\u00e9ticas (EMI). Ofrece un rendimiento robusto con 70 dB de SNR y 125 dB de SPL, ideal para dispositivos electr\u00f3nicos en entornos con alta densidad de RF.<\/p>","protected":false},"featured_media":3772,"comment_status":"open","ping_status":"closed","template":"","meta":[],"product_brand":[721],"product_cat":[21],"product_tag":[281,235],"class_list":{"0":"post-3767","1":"product","2":"type-product","3":"status-publish","4":"has-post-thumbnail","6":"product_brand-ecmic","7":"product_cat-unidirectional-microphones","8":"product_tag-10mm","9":"product_tag-conference","11":"first","12":"instock","13":"shipping-taxable","14":"purchasable","15":"product-type-simple"},"_links":{"self":[{"href":"https:\/\/ecmicrophones.com\/es\/wp-json\/wp\/v2\/product\/3767","targetHints":{"allow":["GET"]}}],"collection":[{"href":"https:\/\/ecmicrophones.com\/es\/wp-json\/wp\/v2\/product"}],"about":[{"href":"https:\/\/ecmicrophones.com\/es\/wp-json\/wp\/v2\/types\/product"}],"replies":[{"embeddable":true,"href":"https:\/\/ecmicrophones.com\/es\/wp-json\/wp\/v2\/comments?post=3767"}],"wp:featuredmedia":[{"embeddable":true,"href":"https:\/\/ecmicrophones.com\/es\/wp-json\/wp\/v2\/media\/3772"}],"wp:attachment":[{"href":"https:\/\/ecmicrophones.com\/es\/wp-json\/wp\/v2\/media?parent=3767"}],"wp:term":[{"taxonomy":"product_brand","embeddable":true,"href":"https:\/\/ecmicrophones.com\/es\/wp-json\/wp\/v2\/product_brand?post=3767"},{"taxonomy":"product_cat","embeddable":true,"href":"https:\/\/ecmicrophones.com\/es\/wp-json\/wp\/v2\/product_cat?post=3767"},{"taxonomy":"product_tag","embeddable":true,"href":"https:\/\/ecmicrophones.com\/es\/wp-json\/wp\/v2\/product_tag?post=3767"}],"curies":[{"name":"wp","href":"https:\/\/api.w.org\/{rel}","templated":true}]}}